{"id":33273,"date":"2025-03-21T11:05:15","date_gmt":"2025-03-21T10:05:15","guid":{"rendered":"https:\/\/promatmedical.com\/bj\/produit\/tensiometre-automatique-x-check-2\/"},"modified":"2025-03-21T11:05:15","modified_gmt":"2025-03-21T10:05:15","slug":"tensiometre-automatique-x-check-2","status":"publish","type":"product","link":"https:\/\/promatmedical.com\/fr\/produit\/tensiometre-automatique-x-check-2\/","title":{"rendered":"Tensiom\u00e8tre automatique x-check"},"content":{"rendered":"<p>TENSIOM\u00c8TRE X-CHECK IT, PT, DK, NO, FI, LV, EE, SK, HU, SI, BG, Arabe<\/p>\n<p>Tensiom\u00e8tre pr\u00e9cis \u00e0 usage domestique.<br \/>\n&#8211; 2 utilisateurs, 99 m\u00e9moires pour chaque utilisateur<br \/>\n&#8211; d\u00e9tection fr\u00e9quence cardiaque irr\u00e9guli\u00e8re (IHB) et indicateur OMS<br \/>\n&#8211; moyenne des 3 derni\u00e8res mesures<br \/>\n&#8211; affichage date et heure<br \/>\n&#8211; indicateur batterie faible<br \/>\n&#8211; fonctionne avec un c\u00e2ble USB de type C (non compris)<\/p>\n<p>Fourni avec brassard (22-42 cm), sac en plastique anti-poussi\u00e8re, 4 batteries AAA et mode d&#8217;emploi.<\/p>\n","protected":false},"excerpt":{"rendered":"<p>TENSIOM\u00c8TRE X-CHECK IT, PT, DK, NO, FI, LV, EE, SK, HU, SI, BG, Arabe Tensiom\u00e8tre pr\u00e9cis \u00e0 usage domestique. &#8211; 2 utilisateurs, 99 m\u00e9moires pour chaque utilisateur &#8211; d\u00e9tection fr\u00e9quence cardiaque irr\u00e9guli\u00e8re (IHB) et indicateur OMS &#8211; moyenne des 3 derni\u00e8res mesures &#8211; affichage date et heure &#8211; indicateur batterie faible &#8211; fonctionne avec un [&hellip;]<\/p>\n","protected":false},"featured_media":33272,"comment_status":"open","ping_status":"closed","template":"","meta":[],"product_brand":[],"product_cat":[166],"product_tag":[],"class_list":{"0":"post-33273","1":"product","2":"type-product","3":"status-publish","4":"has-post-thumbnail","6":"product_cat-equipements-medicaux-et-chirurgicaux","8":"first","9":"instock","10":"taxable","11":"shipping-taxable","12":"purchasable","13":"product-type-simple"},"_links":{"self":[{"href":"https:\/\/promatmedical.com\/fr\/wp-json\/wp\/v2\/product\/33273","targetHints":{"allow":["GET"]}}],"collection":[{"href":"https:\/\/promatmedical.com\/fr\/wp-json\/wp\/v2\/product"}],"about":[{"href":"https:\/\/promatmedical.com\/fr\/wp-json\/wp\/v2\/types\/product"}],"replies":[{"embeddable":true,"href":"https:\/\/promatmedical.com\/fr\/wp-json\/wp\/v2\/comments?post=33273"}],"wp:featuredmedia":[{"embeddable":true,"href":"https:\/\/promatmedical.com\/fr\/wp-json\/wp\/v2\/media\/33272"}],"wp:attachment":[{"href":"https:\/\/promatmedical.com\/fr\/wp-json\/wp\/v2\/media?parent=33273"}],"wp:term":[{"taxonomy":"product_brand","embeddable":true,"href":"https:\/\/promatmedical.com\/fr\/wp-json\/wp\/v2\/product_brand?post=33273"},{"taxonomy":"product_cat","embeddable":true,"href":"https:\/\/promatmedical.com\/fr\/wp-json\/wp\/v2\/product_cat?post=33273"},{"taxonomy":"product_tag","embeddable":true,"href":"https:\/\/promatmedical.com\/fr\/wp-json\/wp\/v2\/product_tag?post=33273"}],"curies":[{"name":"wp","href":"https:\/\/api.w.org\/{rel}","templated":true}]}}