{"id":33293,"date":"2025-03-21T11:06:59","date_gmt":"2025-03-21T10:06:59","guid":{"rendered":"https:\/\/promatmedical.com\/bj\/produit\/tensiometre-au-bras-tout-en-un-omron-evolv\/"},"modified":"2025-03-21T11:06:59","modified_gmt":"2025-03-21T10:06:59","slug":"tensiometre-au-bras-tout-en-un-omron-evolv","status":"publish","type":"product","link":"https:\/\/promatmedical.com\/fr\/produit\/tensiometre-au-bras-tout-en-un-omron-evolv\/","title":{"rendered":"Tensiom\u00e8tre au bras tout en un omron evolv"},"content":{"rendered":"<p>Nouveau tensiom\u00e8tre au bras tout en un facile \u00e0 utiliser.<\/p>\n<p>Mesures pr\u00e9cises depuis n\u2019importe quelle position autour du haut du bras et suivi des progr\u00e8s sur smartphone.<br \/>\n&#8211; tensiom\u00e8tre au bras tout en un: aucun tube, aucun fil, simplement pr\u00e9cis<br \/>\n&#8211; Technologie Intellisense: gonfle le brassard au niveau id\u00e9al<br \/>\n&#8211; Brassard Intelli Wrap: pour une mesure facile et pr\u00e9cise<br \/>\n&#8211; Cliniquement valid\u00e9: fiabilit\u00e9 et pr\u00e9cision d\u00e9montr\u00e9es au terme d\u2019intenses proc\u00e9dures de test men\u00e9es par les principales organisations de sant\u00e9<br \/>\n&#8211; Guide d\u2019enroulement du brassard: indique si le brassard est correctement install\u00e9, c\u2019est-\u00e0-dire ni trop l\u00e2che ni trop serr\u00e9<br \/>\n&#8211; Appli OMRON connect: connexion, acc\u00e8s \u00e0 tout moment, consultation de la progression; application mobile pour iPhone \/ Android\u2122.<\/p>\n<p>Livr\u00e9 avec ensemble batterie, bo\u00eetier de rangement, modes d\u2019emploi.<br \/>\nCompatible avec Alexa.<\/p>\n<p>Bo\u00eete et mode d&#8217;emploi multilingues: GB, FR, IT, ES, DE, NL, RU, TR, Arabe.<\/p>\n<p>Avec les brassards standard, 1 personne sur 3 mesure incorrectement la pression sanguine. La Technologie EVOLV Brassard Intelli Wrapgarantit une pr\u00e9cision \u00e0 360\u00b0 depuis n\u2019importe quelle position autour du haut du bras<\/p>\n<p>EVOLV peut synchroniser les lectures sur le smartphone, pour enregistrer les r\u00e9sultats, surveiller les progr\u00e8s et obtenir une meillere compr\u00e9hension de sa propre sant\u00e9. Voir la liste des smartphones compatibles sur omronconnect.com\/emea\/fr_def\/<\/p>\n","protected":false},"excerpt":{"rendered":"<p>Nouveau tensiom\u00e8tre au bras tout en un facile \u00e0 utiliser. Mesures pr\u00e9cises depuis n\u2019importe quelle position autour du haut du bras et suivi des progr\u00e8s sur smartphone. &#8211; tensiom\u00e8tre au bras tout en un: aucun tube, aucun fil, simplement pr\u00e9cis &#8211; Technologie Intellisense: gonfle le brassard au niveau id\u00e9al &#8211; Brassard Intelli Wrap: pour une [&hellip;]<\/p>\n","protected":false},"featured_media":33292,"comment_status":"open","ping_status":"closed","template":"","meta":[],"product_brand":[],"product_cat":[166],"product_tag":[],"class_list":{"0":"post-33293","1":"product","2":"type-product","3":"status-publish","4":"has-post-thumbnail","6":"product_cat-equipements-medicaux-et-chirurgicaux","8":"first","9":"instock","10":"taxable","11":"shipping-taxable","12":"purchasable","13":"product-type-simple"},"_links":{"self":[{"href":"https:\/\/promatmedical.com\/fr\/wp-json\/wp\/v2\/product\/33293","targetHints":{"allow":["GET"]}}],"collection":[{"href":"https:\/\/promatmedical.com\/fr\/wp-json\/wp\/v2\/product"}],"about":[{"href":"https:\/\/promatmedical.com\/fr\/wp-json\/wp\/v2\/types\/product"}],"replies":[{"embeddable":true,"href":"https:\/\/promatmedical.com\/fr\/wp-json\/wp\/v2\/comments?post=33293"}],"wp:featuredmedia":[{"embeddable":true,"href":"https:\/\/promatmedical.com\/fr\/wp-json\/wp\/v2\/media\/33292"}],"wp:attachment":[{"href":"https:\/\/promatmedical.com\/fr\/wp-json\/wp\/v2\/media?parent=33293"}],"wp:term":[{"taxonomy":"product_brand","embeddable":true,"href":"https:\/\/promatmedical.com\/fr\/wp-json\/wp\/v2\/product_brand?post=33293"},{"taxonomy":"product_cat","embeddable":true,"href":"https:\/\/promatmedical.com\/fr\/wp-json\/wp\/v2\/product_cat?post=33293"},{"taxonomy":"product_tag","embeddable":true,"href":"https:\/\/promatmedical.com\/fr\/wp-json\/wp\/v2\/product_tag?post=33293"}],"curies":[{"name":"wp","href":"https:\/\/api.w.org\/{rel}","templated":true}]}}