{"id":33295,"date":"2025-03-21T11:07:15","date_gmt":"2025-03-21T10:07:15","guid":{"rendered":"https:\/\/promatmedical.com\/bj\/produit\/tensiometre-numerique-omron-m2-hem-7146-e\/"},"modified":"2025-03-21T11:07:15","modified_gmt":"2025-03-21T10:07:15","slug":"tensiometre-numerique-omron-m2-hem-7146-e","status":"publish","type":"product","link":"https:\/\/promatmedical.com\/fr\/produit\/tensiometre-numerique-omron-m2-hem-7146-e\/","title":{"rendered":"Tensiom\u00e8tre num\u00e9rique omron m2+ hem-7146-e"},"content":{"rendered":"<p>OMRON M2+ HEM-7146-E<\/p>\n<p>Avec brassard 22-42 cm. Exclusive technologie Intellisense\u2122 et d\u00e9tection des battements cardiaques irr\u00e9guliers. Une seule touche et large \u00e9cran.<\/p>\n<p>\u2022 Valid\u00e9 cliniquement (Consulter www.dableducational.org pour v\u00e9rifier les validations)<br \/>\n\u2022 Technologie Intellisense<br \/>\n\u2022 D\u00e9tection battements irr\u00e9guliers<br \/>\n\u2022 Guide position brassard<br \/>\n\u2022 Brassard Easy 22-42 cm<br \/>\n\u2022 M\u00e9moire mesures par utilisateur: 30<br \/>\n\u2022 D\u00e9tection mouvements<br \/>\n\u2022 Hypertension<\/p>\n<p>La technologie Intellisense\u2122 garantit la d\u00e9tection automatique de la pression de gonflage correcte. Elle permet de d\u00e9tecter les battements irr\u00e9guliers et d\u00e9cide automatiquement si le r\u00e9sultat est fiable ou s&#8217;il faut r\u00e9p\u00e9ter la mesure. Seulement les r\u00e9sultats pr\u00e9cis sont affich\u00e9s.<\/p>\n<p>BO\u00ceTE ET MODE D\u2019EMPLOI MULTILINGUES<br \/>\nLangues standard: GB, FR, IT, ES, DE, NL, RU, TR, Arabe.<br \/>\nAutres langues: disponibles sur le site Web Omron<\/p>\n","protected":false},"excerpt":{"rendered":"<p>OMRON M2+ HEM-7146-E Avec brassard 22-42 cm. Exclusive technologie Intellisense\u2122 et d\u00e9tection des battements cardiaques irr\u00e9guliers. Une seule touche et large \u00e9cran. \u2022 Valid\u00e9 cliniquement (Consulter www.dableducational.org pour v\u00e9rifier les validations) \u2022 Technologie Intellisense \u2022 D\u00e9tection battements irr\u00e9guliers \u2022 Guide position brassard \u2022 Brassard Easy 22-42 cm \u2022 M\u00e9moire mesures par utilisateur: 30 \u2022 D\u00e9tection [&hellip;]<\/p>\n","protected":false},"featured_media":33294,"comment_status":"open","ping_status":"closed","template":"","meta":[],"product_brand":[],"product_cat":[166],"product_tag":[],"class_list":{"0":"post-33295","1":"product","2":"type-product","3":"status-publish","4":"has-post-thumbnail","6":"product_cat-equipements-medicaux-et-chirurgicaux","8":"first","9":"instock","10":"taxable","11":"shipping-taxable","12":"purchasable","13":"product-type-simple"},"_links":{"self":[{"href":"https:\/\/promatmedical.com\/fr\/wp-json\/wp\/v2\/product\/33295","targetHints":{"allow":["GET"]}}],"collection":[{"href":"https:\/\/promatmedical.com\/fr\/wp-json\/wp\/v2\/product"}],"about":[{"href":"https:\/\/promatmedical.com\/fr\/wp-json\/wp\/v2\/types\/product"}],"replies":[{"embeddable":true,"href":"https:\/\/promatmedical.com\/fr\/wp-json\/wp\/v2\/comments?post=33295"}],"wp:featuredmedia":[{"embeddable":true,"href":"https:\/\/promatmedical.com\/fr\/wp-json\/wp\/v2\/media\/33294"}],"wp:attachment":[{"href":"https:\/\/promatmedical.com\/fr\/wp-json\/wp\/v2\/media?parent=33295"}],"wp:term":[{"taxonomy":"product_brand","embeddable":true,"href":"https:\/\/promatmedical.com\/fr\/wp-json\/wp\/v2\/product_brand?post=33295"},{"taxonomy":"product_cat","embeddable":true,"href":"https:\/\/promatmedical.com\/fr\/wp-json\/wp\/v2\/product_cat?post=33295"},{"taxonomy":"product_tag","embeddable":true,"href":"https:\/\/promatmedical.com\/fr\/wp-json\/wp\/v2\/product_tag?post=33295"}],"curies":[{"name":"wp","href":"https:\/\/api.w.org\/{rel}","templated":true}]}}