{"id":33307,"date":"2025-03-21T11:08:16","date_gmt":"2025-03-21T10:08:16","guid":{"rendered":"https:\/\/promatmedical.com\/bj\/produit\/tensiometre-numerique-omron-m6-comfort-hem-7360-e\/"},"modified":"2025-03-21T11:08:16","modified_gmt":"2025-03-21T10:08:16","slug":"tensiometre-numerique-omron-m6-comfort-hem-7360-e","status":"publish","type":"product","link":"https:\/\/promatmedical.com\/fr\/produit\/tensiometre-numerique-omron-m6-comfort-hem-7360-e\/","title":{"rendered":"Tensiom\u00e8tre num\u00e9rique omron m6 comfort hem-7360-e"},"content":{"rendered":"<p>OMRON M6 COMFORT &#8211; HEM-7360-E avec brassard Intelli Wrap 22-42 cm.<\/p>\n<p>\u2022 Valid\u00e9 cliniquement: consulter www.dableducational.org pour v\u00e9rifier les validations<br \/>\n\u2022 Technologie Intellisense<br \/>\n\u2022 D\u00e9tection battements irr\u00e9guliers: AFib<br \/>\n\u2022 Guide position brassard<br \/>\n\u2022 Technologie Intelli Wrap (pr\u00e9cision \u00e0 360\u00b0: mesures pr\u00e9cises \u00e0 partir de n&#8217;importe quelle position de la circonf\u00e9rence du bras)<br \/>\n\u2022 Brassard: Intelli Wrap 22-42 cm<br \/>\n\u2022 M\u00e9moire des mesures: 100 x 2 utilisateurs + mode invit\u00e9<br \/>\n\u2022 D\u00e9tection mouvements<br \/>\n\u2022 Indicateur lumineux tension \u00e9lev\u00e9e: indique si les valeurs d\u00e9passent les standards E.H.S. pour l&#8217;auto-mesure \u00e0 domicile (pression systolique 85 et\/ou pression diastolique 135)<br \/>\n\u2022 Hypertension<br \/>\n\u2022 Moyenne 3 derni\u00e8res mesures (moyenne des 3 derni\u00e8res mesures en l&#8217;espace de 10 minutes)<br \/>\n\u2022 3 mesures cons\u00e9cutives mode AFib<br \/>\n\u2022 Comparaisons des mesures avec les lectures pr\u00e9c\u00e9dentes<\/p>\n<p>Le brassard Intelli Wrap s&#8217;adapte aux bras de dimensions normales ou grandes, \u00e9vitant ainsi les lectures impr\u00e9cises associ\u00e9es au positionnement erron\u00e9.<\/p>\n<p>La technologie Intellisense\u2122 garantit la d\u00e9tection automatique de la pression de gonflage correcte.<\/p>\n<p>Elle permet de d\u00e9tecter les battements irr\u00e9guliers et d\u00e9cide automatiquement si le r\u00e9sultat est fiable ou s&#8217;il faut r\u00e9p\u00e9ter la mesure.<\/p>\n<p>Seulement les r\u00e9sultats pr\u00e9cis sont affich\u00e9s.<\/p>\n<p>Bo\u00eete et mode d&#8217;emploi multilingues: GB, FR, IT, ES, DE, NL, RU, TR, Arabe.<\/p>\n","protected":false},"excerpt":{"rendered":"<p>OMRON M6 COMFORT &#8211; HEM-7360-E avec brassard Intelli Wrap 22-42 cm. \u2022 Valid\u00e9 cliniquement: consulter www.dableducational.org pour v\u00e9rifier les validations \u2022 Technologie Intellisense \u2022 D\u00e9tection battements irr\u00e9guliers: AFib \u2022 Guide position brassard \u2022 Technologie Intelli Wrap (pr\u00e9cision \u00e0 360\u00b0: mesures pr\u00e9cises \u00e0 partir de n&#8217;importe quelle position de la circonf\u00e9rence du bras) \u2022 Brassard: Intelli [&hellip;]<\/p>\n","protected":false},"featured_media":33306,"comment_status":"open","ping_status":"closed","template":"","meta":[],"product_brand":[],"product_cat":[166],"product_tag":[],"class_list":{"0":"post-33307","1":"product","2":"type-product","3":"status-publish","4":"has-post-thumbnail","6":"product_cat-equipements-medicaux-et-chirurgicaux","8":"first","9":"instock","10":"taxable","11":"shipping-taxable","12":"purchasable","13":"product-type-simple"},"_links":{"self":[{"href":"https:\/\/promatmedical.com\/fr\/wp-json\/wp\/v2\/product\/33307","targetHints":{"allow":["GET"]}}],"collection":[{"href":"https:\/\/promatmedical.com\/fr\/wp-json\/wp\/v2\/product"}],"about":[{"href":"https:\/\/promatmedical.com\/fr\/wp-json\/wp\/v2\/types\/product"}],"replies":[{"embeddable":true,"href":"https:\/\/promatmedical.com\/fr\/wp-json\/wp\/v2\/comments?post=33307"}],"wp:featuredmedia":[{"embeddable":true,"href":"https:\/\/promatmedical.com\/fr\/wp-json\/wp\/v2\/media\/33306"}],"wp:attachment":[{"href":"https:\/\/promatmedical.com\/fr\/wp-json\/wp\/v2\/media?parent=33307"}],"wp:term":[{"taxonomy":"product_brand","embeddable":true,"href":"https:\/\/promatmedical.com\/fr\/wp-json\/wp\/v2\/product_brand?post=33307"},{"taxonomy":"product_cat","embeddable":true,"href":"https:\/\/promatmedical.com\/fr\/wp-json\/wp\/v2\/product_cat?post=33307"},{"taxonomy":"product_tag","embeddable":true,"href":"https:\/\/promatmedical.com\/fr\/wp-json\/wp\/v2\/product_tag?post=33307"}],"curies":[{"name":"wp","href":"https:\/\/api.w.org\/{rel}","templated":true}]}}