{"id":33313,"date":"2025-03-21T11:08:50","date_gmt":"2025-03-21T10:08:50","guid":{"rendered":"https:\/\/promatmedical.com\/bj\/produit\/tensiometre-numerique-omron-m7-intelli-it-afib-hem-7380t1-ebk\/"},"modified":"2025-03-21T11:08:50","modified_gmt":"2025-03-21T10:08:50","slug":"tensiometre-numerique-omron-m7-intelli-it-afib-hem-7380t1-ebk","status":"publish","type":"product","link":"https:\/\/promatmedical.com\/fr\/produit\/tensiometre-numerique-omron-m7-intelli-it-afib-hem-7380t1-ebk\/","title":{"rendered":"Tensiom\u00e8tre num\u00e9rique omron m7 intelli it afib hem-7380t1-ebk"},"content":{"rendered":"<p>OMRON M7 INTELLI IT AFIB &#8211; HEM-7380T1-EBK<br \/>\nAvec brassard Intelli Wrap 22-42 cm.<\/p>\n<p>L&#8217;Appli OMRON permet de g\u00e9rer les param\u00e8tres, cr\u00e9er des programmes personnalis\u00e9s, t\u00e9l\u00e9charger et partager les donn\u00e9es.<br \/>\nFonction de d\u00e9pistage de la fibrillation atriale (AFib)<\/p>\n<p>La technologie Intellisense\u2122 garantit la d\u00e9tection automatique de la pression de gonflage correcte. Elle permet de d\u00e9tecter les battements irr\u00e9guliers et d\u00e9cide automatiquement si le r\u00e9sultat est fiable ou s&#8217;il faut r\u00e9p\u00e9ter la mesure. Seulement les r\u00e9sultats pr\u00e9cis sont affich\u00e9s.<\/p>\n<p>Valid\u00e9 cliniquement (Consulter www.dableducational.org pour v\u00e9rifier les validations)<br \/>\nTechnologie Intellisense<br \/>\nD\u00e9tection battements irr\u00e9guliers (AFib)<br \/>\nGuide position brassard<br \/>\nTechnologie Intelli Wrap (Pr\u00e9cision \u00e0 360\u00b0: mesures pr\u00e9cises \u00e0 partir de n&#8217;importe quelle position de la circonf\u00e9rence du bras)<br \/>\nBrassard pr\u00e9form\u00e9: mod\u00e8le Intelli wrap \/ dim. (cm) 22-42 (Brassard pr\u00e9form\u00e9, sauf M2+, M2 Intelli IT, M3)<br \/>\nM\u00e9moire mesures par utilisateur 100&#215;2<br \/>\nModalit\u00e9 invit\u00e9<br \/>\nD\u00e9tection mouvements<br \/>\nIndicateur lumineux tension \u00e9lev\u00e9e (Indique si les valeurs d\u00e9passent les standards E.H.S. pour l&#8217;auto-mesure \u00e0 domicile (pression systolique 85 et\/ ou pression diastolique 135))<br \/>\nHypertension<br \/>\nMoyenne 3 derni\u00e8res mesures (Moyenne des 3 derni\u00e8res mesures en l&#8217;espace de 10 minutes)<br \/>\nD\u00e9tection AFib \u00e0 chaque mesure<br \/>\nComparaisons des mesures avec les lectures pr\u00e9c\u00e9dentes<br \/>\nConnexion App\/Bluetooth<\/p>\n","protected":false},"excerpt":{"rendered":"<p>OMRON M7 INTELLI IT AFIB &#8211; HEM-7380T1-EBK Avec brassard Intelli Wrap 22-42 cm. L&#8217;Appli OMRON permet de g\u00e9rer les param\u00e8tres, cr\u00e9er des programmes personnalis\u00e9s, t\u00e9l\u00e9charger et partager les donn\u00e9es. Fonction de d\u00e9pistage de la fibrillation atriale (AFib) La technologie Intellisense\u2122 garantit la d\u00e9tection automatique de la pression de gonflage correcte. Elle permet de d\u00e9tecter les [&hellip;]<\/p>\n","protected":false},"featured_media":33312,"comment_status":"open","ping_status":"closed","template":"","meta":[],"product_brand":[],"product_cat":[166],"product_tag":[],"class_list":{"0":"post-33313","1":"product","2":"type-product","3":"status-publish","4":"has-post-thumbnail","6":"product_cat-equipements-medicaux-et-chirurgicaux","8":"first","9":"instock","10":"taxable","11":"shipping-taxable","12":"purchasable","13":"product-type-simple"},"_links":{"self":[{"href":"https:\/\/promatmedical.com\/fr\/wp-json\/wp\/v2\/product\/33313","targetHints":{"allow":["GET"]}}],"collection":[{"href":"https:\/\/promatmedical.com\/fr\/wp-json\/wp\/v2\/product"}],"about":[{"href":"https:\/\/promatmedical.com\/fr\/wp-json\/wp\/v2\/types\/product"}],"replies":[{"embeddable":true,"href":"https:\/\/promatmedical.com\/fr\/wp-json\/wp\/v2\/comments?post=33313"}],"wp:featuredmedia":[{"embeddable":true,"href":"https:\/\/promatmedical.com\/fr\/wp-json\/wp\/v2\/media\/33312"}],"wp:attachment":[{"href":"https:\/\/promatmedical.com\/fr\/wp-json\/wp\/v2\/media?parent=33313"}],"wp:term":[{"taxonomy":"product_brand","embeddable":true,"href":"https:\/\/promatmedical.com\/fr\/wp-json\/wp\/v2\/product_brand?post=33313"},{"taxonomy":"product_cat","embeddable":true,"href":"https:\/\/promatmedical.com\/fr\/wp-json\/wp\/v2\/product_cat?post=33313"},{"taxonomy":"product_tag","embeddable":true,"href":"https:\/\/promatmedical.com\/fr\/wp-json\/wp\/v2\/product_tag?post=33313"}],"curies":[{"name":"wp","href":"https:\/\/api.w.org\/{rel}","templated":true}]}}