{"id":33361,"date":"2025-03-21T11:13:05","date_gmt":"2025-03-21T10:13:05","guid":{"rendered":"https:\/\/promatmedical.com\/bj\/produit\/stethoscope-riester-duplex-en-aluminium-pediatrique-bleu\/"},"modified":"2025-03-21T11:13:05","modified_gmt":"2025-03-21T10:13:05","slug":"stethoscope-riester-duplex-en-aluminium-pediatrique-bleu","status":"publish","type":"product","link":"https:\/\/promatmedical.com\/fr\/produit\/stethoscope-riester-duplex-en-aluminium-pediatrique-bleu\/","title":{"rendered":"St\u00e9thoscope riester duplex en aluminium &#8211; p\u00e9diatrique &#8211; bleu"},"content":{"rendered":"<p>ST\u00c9THOSCOPES EN ALUMINIUM RIESTER DUPLEX\u00ae<\/p>\n<p>\u2022 Code Riester: 4041<br \/>\n\u2022 Duplex\u00ae P\u00c9DIATRIQUE &#8211; bleu<br \/>\n\u2022 Membrane: \u00d8 36 mm<br \/>\n\u2022 Longueur: 76,5 cm<br \/>\n\u2022 Poids: 122 g<\/p>\n<p>Les st\u00e9thoscopes Riester DUPLEX\u00ae combinent excellente qualit\u00e9 et prix avantageux.<br \/>\nIls offrent une performance acoustique exceptionnelle.<br \/>\nMembrane sp\u00e9ciale pour une auscultation parfaite, avec des bagues anti-froid particulairement plates et souples pour mieux s&#8217;adapter \u00e0 la peau.<\/p>\n<p>Cloche \u00d8 36 mm.<\/p>\n<p>Fournis avec une paire d&#8217;olives de rechange et une membrane de rechange.<\/p>\n<p>Made in Germany.<\/p>\n","protected":false},"excerpt":{"rendered":"<p>ST\u00c9THOSCOPES EN ALUMINIUM RIESTER DUPLEX\u00ae \u2022 Code Riester: 4041 \u2022 Duplex\u00ae P\u00c9DIATRIQUE &#8211; bleu \u2022 Membrane: \u00d8 36 mm \u2022 Longueur: 76,5 cm \u2022 Poids: 122 g Les st\u00e9thoscopes Riester DUPLEX\u00ae combinent excellente qualit\u00e9 et prix avantageux. Ils offrent une performance acoustique exceptionnelle. Membrane sp\u00e9ciale pour une auscultation parfaite, avec des bagues anti-froid particulairement plates [&hellip;]<\/p>\n","protected":false},"featured_media":33360,"comment_status":"open","ping_status":"closed","template":"","meta":[],"product_brand":[],"product_cat":[166],"product_tag":[],"class_list":{"0":"post-33361","1":"product","2":"type-product","3":"status-publish","4":"has-post-thumbnail","6":"product_cat-equipements-medicaux-et-chirurgicaux","8":"first","9":"instock","10":"taxable","11":"shipping-taxable","12":"purchasable","13":"product-type-simple"},"_links":{"self":[{"href":"https:\/\/promatmedical.com\/fr\/wp-json\/wp\/v2\/product\/33361","targetHints":{"allow":["GET"]}}],"collection":[{"href":"https:\/\/promatmedical.com\/fr\/wp-json\/wp\/v2\/product"}],"about":[{"href":"https:\/\/promatmedical.com\/fr\/wp-json\/wp\/v2\/types\/product"}],"replies":[{"embeddable":true,"href":"https:\/\/promatmedical.com\/fr\/wp-json\/wp\/v2\/comments?post=33361"}],"wp:featuredmedia":[{"embeddable":true,"href":"https:\/\/promatmedical.com\/fr\/wp-json\/wp\/v2\/media\/33360"}],"wp:attachment":[{"href":"https:\/\/promatmedical.com\/fr\/wp-json\/wp\/v2\/media?parent=33361"}],"wp:term":[{"taxonomy":"product_brand","embeddable":true,"href":"https:\/\/promatmedical.com\/fr\/wp-json\/wp\/v2\/product_brand?post=33361"},{"taxonomy":"product_cat","embeddable":true,"href":"https:\/\/promatmedical.com\/fr\/wp-json\/wp\/v2\/product_cat?post=33361"},{"taxonomy":"product_tag","embeddable":true,"href":"https:\/\/promatmedical.com\/fr\/wp-json\/wp\/v2\/product_tag?post=33361"}],"curies":[{"name":"wp","href":"https:\/\/api.w.org\/{rel}","templated":true}]}}