{"id":33367,"date":"2025-03-21T11:13:32","date_gmt":"2025-03-21T10:13:32","guid":{"rendered":"https:\/\/promatmedical.com\/bj\/produit\/stethoscope-electronique-riester-ri-sonic-fiche-stereo-35-mm-4311\/"},"modified":"2025-03-21T11:13:32","modified_gmt":"2025-03-21T10:13:32","slug":"stethoscope-electronique-riester-ri-sonic-fiche-stereo-35-mm-4311","status":"publish","type":"product","link":"https:\/\/promatmedical.com\/fr\/produit\/stethoscope-electronique-riester-ri-sonic-fiche-stereo-35-mm-4311\/","title":{"rendered":"St\u00e9thoscope \u00e9lectronique riester ri-sonic &#8211; fiche st\u00e9reo 3,5 mm &#8211; 4311"},"content":{"rendered":"<p>ST\u00c9THO \u00c9LECTRONIQUE RI-SONIC PCP-1 &#8211; FICHE ST\u00c9REO 3,5 mm<\/p>\n<p>Les st\u00e9thoscopes \u00e9lectroniques Riester Ri-sonic sont con\u00e7us pour permettre l&#8217;auscultation moyennant la t\u00e9l\u00e9m\u00e9dicine, l&#8217;ordinateur ou les appareils mobiles, en temps r\u00e9el, \u00e0 distance ou en partageant des fichiers enregistr\u00e9s.<\/p>\n<p>&#8211; le st\u00e9thoscope PCP-1 se branche directement dans tout type de dispositif mobile, PC ou tablette et utilise l&#8217;Appli eMurmur<br \/>\n&#8211; la technologie pi\u00e9zo brevet\u00e9e d\u00e9tecte les sons corporels et r\u00e9duit au minimum les art\u00e9facts d&#8217;arri\u00e8re-plan<br \/>\n&#8211; les patients peuvent facilement utiliser le st\u00e9thoscope sur eux-m\u00eames, sous la guidance d&#8217;un m\u00e9decin<\/p>\n<p>Les st\u00e9thoscopes \u00e9lectroniques permettent au m\u00e9decin d&#8217;\u00e9couter les sons \u00e0 l&#8217;int\u00e9rieur du corps du patient, par example les bruits.<\/p>\n","protected":false},"excerpt":{"rendered":"<p>ST\u00c9THO \u00c9LECTRONIQUE RI-SONIC PCP-1 &#8211; FICHE ST\u00c9REO 3,5 mm Les st\u00e9thoscopes \u00e9lectroniques Riester Ri-sonic sont con\u00e7us pour permettre l&#8217;auscultation moyennant la t\u00e9l\u00e9m\u00e9dicine, l&#8217;ordinateur ou les appareils mobiles, en temps r\u00e9el, \u00e0 distance ou en partageant des fichiers enregistr\u00e9s. &#8211; le st\u00e9thoscope PCP-1 se branche directement dans tout type de dispositif mobile, PC ou tablette et [&hellip;]<\/p>\n","protected":false},"featured_media":33366,"comment_status":"open","ping_status":"closed","template":"","meta":[],"product_brand":[],"product_cat":[166],"product_tag":[],"class_list":{"0":"post-33367","1":"product","2":"type-product","3":"status-publish","4":"has-post-thumbnail","6":"product_cat-equipements-medicaux-et-chirurgicaux","8":"first","9":"instock","10":"taxable","11":"shipping-taxable","12":"purchasable","13":"product-type-simple"},"_links":{"self":[{"href":"https:\/\/promatmedical.com\/fr\/wp-json\/wp\/v2\/product\/33367","targetHints":{"allow":["GET"]}}],"collection":[{"href":"https:\/\/promatmedical.com\/fr\/wp-json\/wp\/v2\/product"}],"about":[{"href":"https:\/\/promatmedical.com\/fr\/wp-json\/wp\/v2\/types\/product"}],"replies":[{"embeddable":true,"href":"https:\/\/promatmedical.com\/fr\/wp-json\/wp\/v2\/comments?post=33367"}],"wp:featuredmedia":[{"embeddable":true,"href":"https:\/\/promatmedical.com\/fr\/wp-json\/wp\/v2\/media\/33366"}],"wp:attachment":[{"href":"https:\/\/promatmedical.com\/fr\/wp-json\/wp\/v2\/media?parent=33367"}],"wp:term":[{"taxonomy":"product_brand","embeddable":true,"href":"https:\/\/promatmedical.com\/fr\/wp-json\/wp\/v2\/product_brand?post=33367"},{"taxonomy":"product_cat","embeddable":true,"href":"https:\/\/promatmedical.com\/fr\/wp-json\/wp\/v2\/product_cat?post=33367"},{"taxonomy":"product_tag","embeddable":true,"href":"https:\/\/promatmedical.com\/fr\/wp-json\/wp\/v2\/product_tag?post=33367"}],"curies":[{"name":"wp","href":"https:\/\/api.w.org\/{rel}","templated":true}]}}