{"id":33372,"date":"2025-03-21T11:14:04","date_gmt":"2025-03-21T10:14:04","guid":{"rendered":"https:\/\/promatmedical.com\/bj\/produit\/3m-stethoscope-a-patient-unique-pediatrique-sps-yp1100-jaune\/"},"modified":"2025-03-21T11:14:04","modified_gmt":"2025-03-21T10:14:04","slug":"3m-stethoscope-a-patient-unique-pediatrique-sps-yp1100-jaune","status":"publish","type":"product","link":"https:\/\/promatmedical.com\/fr\/produit\/3m-stethoscope-a-patient-unique-pediatrique-sps-yp1100-jaune\/","title":{"rendered":"3m st\u00e9thoscope \u00e0 patient unique p\u00e9diatrique &#8211; sps-yp1100 &#8211; jaune"},"content":{"rendered":"<p>ST\u00c9THOSCOPES \u00c0 PATIENT UNIQUE 3M\u2122 &#8211; longueur 72,4 cm<\/p>\n<p>\u2022 Code 3M: SPS-YP1100<br \/>\n\u2022 P\u00e9diatriques &#8211; pavillon \u00d8 36,2 mm<br \/>\n\u2022 Bo\u00eete de 100<\/p>\n<p>3M\u2122 a d\u00e9velopp\u00e9 un nouveau st\u00e9thoscope, qui combine l&#8217;acoustique avanc\u00e9e et la pr\u00e9vention des infections.<br \/>\nCon\u00e7u pour usage sur un seul patient adulte ou p\u00e9diatrique dans une zone d&#8217;isolement, il est \u00e9limin\u00e9 apr\u00e8s l&#8217;usage, r\u00e9duisant ainsi les potentiels risques de contamination crois\u00e9e, qui peuvent se pr\u00e9senter avec les st\u00e9thoscopes r\u00e9utilisables.<\/p>\n<p>&#8211; acoustique de haute qualit\u00e9, clart\u00e9 et fiabilit\u00e9 du son<br \/>\n&#8211; les embouts auriculaires souples et flexibles isolent des bruits<br \/>\n&#8211; la membrane sensible \u00e0 la pression permet d&#8217;\u00e9couter les sons \u00e0 haute et \u00e0 basse fr\u00e9quence, en variant la pression sur le pavillon<br \/>\n&#8211; la pratique lyre flexible et les branches en angle offrent une excellente adh\u00e9rance<br \/>\n&#8211; tubulure flexible pour d\u00e9placer et positionner ais\u00e9ment le pavillon<br \/>\n&#8211; pavillon moul\u00e9 \u00e0 pr\u00e9hension facilit\u00e9 pour plusieurs positions des mains<\/p>\n","protected":false},"excerpt":{"rendered":"<p>ST\u00c9THOSCOPES \u00c0 PATIENT UNIQUE 3M\u2122 &#8211; longueur 72,4 cm \u2022 Code 3M: SPS-YP1100 \u2022 P\u00e9diatriques &#8211; pavillon \u00d8 36,2 mm \u2022 Bo\u00eete de 100 3M\u2122 a d\u00e9velopp\u00e9 un nouveau st\u00e9thoscope, qui combine l&#8217;acoustique avanc\u00e9e et la pr\u00e9vention des infections. Con\u00e7u pour usage sur un seul patient adulte ou p\u00e9diatrique dans une zone d&#8217;isolement, il est [&hellip;]<\/p>\n","protected":false},"featured_media":33370,"comment_status":"open","ping_status":"closed","template":"","meta":[],"product_brand":[],"product_cat":[166],"product_tag":[],"class_list":{"0":"post-33372","1":"product","2":"type-product","3":"status-publish","4":"has-post-thumbnail","6":"product_cat-equipements-medicaux-et-chirurgicaux","8":"first","9":"instock","10":"taxable","11":"shipping-taxable","12":"purchasable","13":"product-type-simple"},"_links":{"self":[{"href":"https:\/\/promatmedical.com\/fr\/wp-json\/wp\/v2\/product\/33372","targetHints":{"allow":["GET"]}}],"collection":[{"href":"https:\/\/promatmedical.com\/fr\/wp-json\/wp\/v2\/product"}],"about":[{"href":"https:\/\/promatmedical.com\/fr\/wp-json\/wp\/v2\/types\/product"}],"replies":[{"embeddable":true,"href":"https:\/\/promatmedical.com\/fr\/wp-json\/wp\/v2\/comments?post=33372"}],"wp:featuredmedia":[{"embeddable":true,"href":"https:\/\/promatmedical.com\/fr\/wp-json\/wp\/v2\/media\/33370"}],"wp:attachment":[{"href":"https:\/\/promatmedical.com\/fr\/wp-json\/wp\/v2\/media?parent=33372"}],"wp:term":[{"taxonomy":"product_brand","embeddable":true,"href":"https:\/\/promatmedical.com\/fr\/wp-json\/wp\/v2\/product_brand?post=33372"},{"taxonomy":"product_cat","embeddable":true,"href":"https:\/\/promatmedical.com\/fr\/wp-json\/wp\/v2\/product_cat?post=33372"},{"taxonomy":"product_tag","embeddable":true,"href":"https:\/\/promatmedical.com\/fr\/wp-json\/wp\/v2\/product_tag?post=33372"}],"curies":[{"name":"wp","href":"https:\/\/api.w.org\/{rel}","templated":true}]}}