{"id":33434,"date":"2025-03-21T11:18:28","date_gmt":"2025-03-21T10:18:28","guid":{"rendered":"https:\/\/promatmedical.com\/bj\/produit\/audiometre-de-depistage-maico-ma27-conduction-aerienne\/"},"modified":"2025-03-21T11:18:28","modified_gmt":"2025-03-21T10:18:28","slug":"audiometre-de-depistage-maico-ma27-conduction-aerienne","status":"publish","type":"product","link":"https:\/\/promatmedical.com\/fr\/produit\/audiometre-de-depistage-maico-ma27-conduction-aerienne\/","title":{"rendered":"Audiom\u00e8tre de d\u00e9pistage maico ma27 &#8211; conduction a\u00e9rienne"},"content":{"rendered":"<p>AUDIOM\u00c8TRE DE D\u00c9PISTAGE MAICO MA27<\/p>\n<p>Audiom\u00e8tre \u00e0 conduction a\u00e9rienne pour le d\u00e9pistage de base, avec \u00e9tui rigide et l\u00e9ger.<br \/>\n11 fr\u00e9quences, poign\u00e9e int\u00e9gr\u00e9e pour le transport et compartiment pour ranger le casque et les accessoires.<br \/>\nRobuste, pr\u00e9cis et fiable, avec grands boutons de commande pour r\u00e9gler facilement la fr\u00e9quence et les niveax d\u2019audition.<\/p>\n<p>Langues s\u00e9lectionnables pour l\u2019\u00e9cra: GB, FR; IT, ES, DE.<br \/>\nLivr\u00e9 avec casque AC DD45, bloc d\u2019audiogrammes et alimentation.<\/p>\n<p>Mode d\u2019emploi multilingue: GB, FR , IT , ES , DE , PL, RU .<\/p>\n","protected":false},"excerpt":{"rendered":"<p>AUDIOM\u00c8TRE DE D\u00c9PISTAGE MAICO MA27 Audiom\u00e8tre \u00e0 conduction a\u00e9rienne pour le d\u00e9pistage de base, avec \u00e9tui rigide et l\u00e9ger. 11 fr\u00e9quences, poign\u00e9e int\u00e9gr\u00e9e pour le transport et compartiment pour ranger le casque et les accessoires. Robuste, pr\u00e9cis et fiable, avec grands boutons de commande pour r\u00e9gler facilement la fr\u00e9quence et les niveax d\u2019audition. Langues s\u00e9lectionnables [&hellip;]<\/p>\n","protected":false},"featured_media":33433,"comment_status":"open","ping_status":"closed","template":"","meta":[],"product_brand":[],"product_cat":[166],"product_tag":[],"class_list":{"0":"post-33434","1":"product","2":"type-product","3":"status-publish","4":"has-post-thumbnail","6":"product_cat-equipements-medicaux-et-chirurgicaux","8":"first","9":"instock","10":"taxable","11":"shipping-taxable","12":"purchasable","13":"product-type-simple"},"_links":{"self":[{"href":"https:\/\/promatmedical.com\/fr\/wp-json\/wp\/v2\/product\/33434","targetHints":{"allow":["GET"]}}],"collection":[{"href":"https:\/\/promatmedical.com\/fr\/wp-json\/wp\/v2\/product"}],"about":[{"href":"https:\/\/promatmedical.com\/fr\/wp-json\/wp\/v2\/types\/product"}],"replies":[{"embeddable":true,"href":"https:\/\/promatmedical.com\/fr\/wp-json\/wp\/v2\/comments?post=33434"}],"wp:featuredmedia":[{"embeddable":true,"href":"https:\/\/promatmedical.com\/fr\/wp-json\/wp\/v2\/media\/33433"}],"wp:attachment":[{"href":"https:\/\/promatmedical.com\/fr\/wp-json\/wp\/v2\/media?parent=33434"}],"wp:term":[{"taxonomy":"product_brand","embeddable":true,"href":"https:\/\/promatmedical.com\/fr\/wp-json\/wp\/v2\/product_brand?post=33434"},{"taxonomy":"product_cat","embeddable":true,"href":"https:\/\/promatmedical.com\/fr\/wp-json\/wp\/v2\/product_cat?post=33434"},{"taxonomy":"product_tag","embeddable":true,"href":"https:\/\/promatmedical.com\/fr\/wp-json\/wp\/v2\/product_tag?post=33434"}],"curies":[{"name":"wp","href":"https:\/\/api.w.org\/{rel}","templated":true}]}}