{"id":33436,"date":"2025-03-21T11:18:40","date_gmt":"2025-03-21T10:18:40","guid":{"rendered":"https:\/\/promatmedical.com\/bj\/produit\/audiometre-diagnostic-amplivox-240-aerien-osseux-masquage\/"},"modified":"2025-03-21T11:18:40","modified_gmt":"2025-03-21T10:18:40","slug":"audiometre-diagnostic-amplivox-240-aerien-osseux-masquage","status":"publish","type":"product","link":"https:\/\/promatmedical.com\/fr\/produit\/audiometre-diagnostic-amplivox-240-aerien-osseux-masquage\/","title":{"rendered":"Audiom\u00e8tre diagnostic amplivox 240 &#8211; a\u00e9rien + osseux + masquage"},"content":{"rendered":"<p>AUDIOM\u00c8TRE DE DIAGNOSTIC AMPLIVOX 240 &#8211; conduction a\u00e9rienne, conduction osseuse, masquage<\/p>\n<p>Audiom\u00e8tre de diagnostic avec un bon rapport qualit\u00e9-prix, avec connexiion USB, id\u00e9al pour usage sur bureau et portable.<\/p>\n<p>&#8211; fonction de r\u00e9tention de seuil<br \/>\n&#8211; son pur, puls\u00e9 ou wobul\u00e9<br \/>\n&#8211; 11 fr\u00e9quences de test:de 125 \u00e0 8 000 Hz (AC), de 250 \u00e0 8 000 Hz (BC)<br \/>\n&#8211; niveaux de -10 \u00e0 120 dB HL (AC), de -10 \u00e0 70 dB HL (BC), masquage max 90 dB HL (250 \u00e0 4 000 Hz)<br \/>\n&#8211; fonction test AC automatique<\/p>\n<p>Livr\u00e9 avec casque audiom\u00e9trique, casque de conduction osseuse, bouton r\u00e9ponse du patient, fiches pour audiogramme (bo\u00eete de 50), adaptateur d\u2019alimentation, mallette de transport et manuel (GB, IT, ES, sur demande FR, SE, RU, PT).<\/p>\n<p>\u00c9cran r\u00e9tro\u00e9clair\u00e9, 2 lignes de 24 caract\u00e8res<\/p>\n<p>Poids: 735 g<br \/>\nDimensions: 270x175x68 mm<br \/>\nAlimentation: 100-240 V, 50-60 Hz<\/p>\n","protected":false},"excerpt":{"rendered":"<p>AUDIOM\u00c8TRE DE DIAGNOSTIC AMPLIVOX 240 &#8211; conduction a\u00e9rienne, conduction osseuse, masquage Audiom\u00e8tre de diagnostic avec un bon rapport qualit\u00e9-prix, avec connexiion USB, id\u00e9al pour usage sur bureau et portable. &#8211; fonction de r\u00e9tention de seuil &#8211; son pur, puls\u00e9 ou wobul\u00e9 &#8211; 11 fr\u00e9quences de test:de 125 \u00e0 8 000 Hz (AC), de 250 \u00e0 [&hellip;]<\/p>\n","protected":false},"featured_media":33435,"comment_status":"open","ping_status":"closed","template":"","meta":[],"product_brand":[],"product_cat":[166],"product_tag":[],"class_list":{"0":"post-33436","1":"product","2":"type-product","3":"status-publish","4":"has-post-thumbnail","6":"product_cat-equipements-medicaux-et-chirurgicaux","8":"first","9":"instock","10":"taxable","11":"shipping-taxable","12":"purchasable","13":"product-type-simple"},"_links":{"self":[{"href":"https:\/\/promatmedical.com\/fr\/wp-json\/wp\/v2\/product\/33436","targetHints":{"allow":["GET"]}}],"collection":[{"href":"https:\/\/promatmedical.com\/fr\/wp-json\/wp\/v2\/product"}],"about":[{"href":"https:\/\/promatmedical.com\/fr\/wp-json\/wp\/v2\/types\/product"}],"replies":[{"embeddable":true,"href":"https:\/\/promatmedical.com\/fr\/wp-json\/wp\/v2\/comments?post=33436"}],"wp:featuredmedia":[{"embeddable":true,"href":"https:\/\/promatmedical.com\/fr\/wp-json\/wp\/v2\/media\/33435"}],"wp:attachment":[{"href":"https:\/\/promatmedical.com\/fr\/wp-json\/wp\/v2\/media?parent=33436"}],"wp:term":[{"taxonomy":"product_brand","embeddable":true,"href":"https:\/\/promatmedical.com\/fr\/wp-json\/wp\/v2\/product_brand?post=33436"},{"taxonomy":"product_cat","embeddable":true,"href":"https:\/\/promatmedical.com\/fr\/wp-json\/wp\/v2\/product_cat?post=33436"},{"taxonomy":"product_tag","embeddable":true,"href":"https:\/\/promatmedical.com\/fr\/wp-json\/wp\/v2\/product_tag?post=33436"}],"curies":[{"name":"wp","href":"https:\/\/api.w.org\/{rel}","templated":true}]}}