{"id":33445,"date":"2025-03-21T11:19:20","date_gmt":"2025-03-21T10:19:20","guid":{"rendered":"https:\/\/promatmedical.com\/bj\/produit\/audiometrie-tonale-pure-de-depistage-ecouteurs-avec-timpani\/"},"modified":"2025-03-21T11:19:20","modified_gmt":"2025-03-21T10:19:20","slug":"audiometrie-tonale-pure-de-depistage-ecouteurs-avec-timpani","status":"publish","type":"product","link":"https:\/\/promatmedical.com\/fr\/produit\/audiometrie-tonale-pure-de-depistage-ecouteurs-avec-timpani\/","title":{"rendered":"Audiom\u00e9trie tonale pure de d\u00e9pistage + \u00e9couteurs avec timpani"},"content":{"rendered":"<p>AUDIOM\u00c9TRIE TONALE PURE (PTA) DE D\u00c9PISTAGE AVEC \u00c9COUTEURS PR\u00c9-CALIBR\u00c9S<\/p>\n<p>Pour conduire une audiom\u00e9trie tonale pure par conduction de l\u2019air.<\/p>\n","protected":false},"excerpt":{"rendered":"<p>AUDIOM\u00c9TRIE TONALE PURE (PTA) DE D\u00c9PISTAGE AVEC \u00c9COUTEURS PR\u00c9-CALIBR\u00c9S Pour conduire une audiom\u00e9trie tonale pure par conduction de l\u2019air.<\/p>\n","protected":false},"featured_media":18466,"comment_status":"open","ping_status":"closed","template":"","meta":[],"product_brand":[],"product_cat":[166],"product_tag":[],"class_list":{"0":"post-33445","1":"product","2":"type-product","3":"status-publish","4":"has-post-thumbnail","6":"product_cat-equipements-medicaux-et-chirurgicaux","8":"first","9":"instock","10":"taxable","11":"shipping-taxable","12":"purchasable","13":"product-type-simple"},"_links":{"self":[{"href":"https:\/\/promatmedical.com\/fr\/wp-json\/wp\/v2\/product\/33445","targetHints":{"allow":["GET"]}}],"collection":[{"href":"https:\/\/promatmedical.com\/fr\/wp-json\/wp\/v2\/product"}],"about":[{"href":"https:\/\/promatmedical.com\/fr\/wp-json\/wp\/v2\/types\/product"}],"replies":[{"embeddable":true,"href":"https:\/\/promatmedical.com\/fr\/wp-json\/wp\/v2\/comments?post=33445"}],"wp:featuredmedia":[{"embeddable":true,"href":"https:\/\/promatmedical.com\/fr\/wp-json\/wp\/v2\/media\/18466"}],"wp:attachment":[{"href":"https:\/\/promatmedical.com\/fr\/wp-json\/wp\/v2\/media?parent=33445"}],"wp:term":[{"taxonomy":"product_brand","embeddable":true,"href":"https:\/\/promatmedical.com\/fr\/wp-json\/wp\/v2\/product_brand?post=33445"},{"taxonomy":"product_cat","embeddable":true,"href":"https:\/\/promatmedical.com\/fr\/wp-json\/wp\/v2\/product_cat?post=33445"},{"taxonomy":"product_tag","embeddable":true,"href":"https:\/\/promatmedical.com\/fr\/wp-json\/wp\/v2\/product_tag?post=33445"}],"curies":[{"name":"wp","href":"https:\/\/api.w.org\/{rel}","templated":true}]}}