{"id":33448,"date":"2025-03-21T11:19:41","date_gmt":"2025-03-21T10:19:41","guid":{"rendered":"https:\/\/promatmedical.com\/bj\/produit\/station-dancrage-pour-timpani\/"},"modified":"2025-03-21T11:19:41","modified_gmt":"2025-03-21T10:19:41","slug":"station-dancrage-pour-timpani","status":"publish","type":"product","link":"https:\/\/promatmedical.com\/fr\/produit\/station-dancrage-pour-timpani\/","title":{"rendered":"Station d&#8217;ancrage pour timpani"},"content":{"rendered":"<p>Station d\u2019ancrage pour tympanom\u00e8tre portable Timpani code 53560<\/p>\n<p>Station d\u2019ancrage, id\u00e9ale pour loger le dispositif, recharger la batterie plus rapidement et transmettre les donn\u00e9es \u00e0 l\u2019ordinateur simultan\u00e9ment.<\/p>\n","protected":false},"excerpt":{"rendered":"<p>Station d\u2019ancrage pour tympanom\u00e8tre portable Timpani code 53560 Station d\u2019ancrage, id\u00e9ale pour loger le dispositif, recharger la batterie plus rapidement et transmettre les donn\u00e9es \u00e0 l\u2019ordinateur simultan\u00e9ment.<\/p>\n","protected":false},"featured_media":33447,"comment_status":"open","ping_status":"closed","template":"","meta":[],"product_brand":[],"product_cat":[166],"product_tag":[],"class_list":{"0":"post-33448","1":"product","2":"type-product","3":"status-publish","4":"has-post-thumbnail","6":"product_cat-equipements-medicaux-et-chirurgicaux","8":"first","9":"instock","10":"taxable","11":"shipping-taxable","12":"purchasable","13":"product-type-simple"},"_links":{"self":[{"href":"https:\/\/promatmedical.com\/fr\/wp-json\/wp\/v2\/product\/33448","targetHints":{"allow":["GET"]}}],"collection":[{"href":"https:\/\/promatmedical.com\/fr\/wp-json\/wp\/v2\/product"}],"about":[{"href":"https:\/\/promatmedical.com\/fr\/wp-json\/wp\/v2\/types\/product"}],"replies":[{"embeddable":true,"href":"https:\/\/promatmedical.com\/fr\/wp-json\/wp\/v2\/comments?post=33448"}],"wp:featuredmedia":[{"embeddable":true,"href":"https:\/\/promatmedical.com\/fr\/wp-json\/wp\/v2\/media\/33447"}],"wp:attachment":[{"href":"https:\/\/promatmedical.com\/fr\/wp-json\/wp\/v2\/media?parent=33448"}],"wp:term":[{"taxonomy":"product_brand","embeddable":true,"href":"https:\/\/promatmedical.com\/fr\/wp-json\/wp\/v2\/product_brand?post=33448"},{"taxonomy":"product_cat","embeddable":true,"href":"https:\/\/promatmedical.com\/fr\/wp-json\/wp\/v2\/product_cat?post=33448"},{"taxonomy":"product_tag","embeddable":true,"href":"https:\/\/promatmedical.com\/fr\/wp-json\/wp\/v2\/product_tag?post=33448"}],"curies":[{"name":"wp","href":"https:\/\/api.w.org\/{rel}","templated":true}]}}