{"id":33458,"date":"2025-03-21T11:20:39","date_gmt":"2025-03-21T10:20:39","guid":{"rendered":"https:\/\/promatmedical.com\/bj\/produit\/filtre-a-air-pour-53700-1\/"},"modified":"2025-03-21T11:20:39","modified_gmt":"2025-03-21T10:20:39","slug":"filtre-a-air-pour-53700-1","status":"publish","type":"product","link":"https:\/\/promatmedical.com\/fr\/produit\/filtre-a-air-pour-53700-1\/","title":{"rendered":"Filtre \u00e0 air pour 53700-1"},"content":{"rendered":"<p>FILTRE \u00c0 AIR EN COTON &#8211; bo\u00eete de10 &#8211; rechange<br \/>\nIl est conseill\u00e9 de le remplacer tous les 2-3 mois<\/p>\n","protected":false},"excerpt":{"rendered":"<p>FILTRE \u00c0 AIR EN COTON &#8211; bo\u00eete de10 &#8211; rechange Il est conseill\u00e9 de le remplacer tous les 2-3 mois<\/p>\n","protected":false},"featured_media":33457,"comment_status":"open","ping_status":"closed","template":"","meta":[],"product_brand":[],"product_cat":[166],"product_tag":[],"class_list":{"0":"post-33458","1":"product","2":"type-product","3":"status-publish","4":"has-post-thumbnail","6":"product_cat-equipements-medicaux-et-chirurgicaux","8":"first","9":"instock","10":"taxable","11":"shipping-taxable","12":"purchasable","13":"product-type-simple"},"_links":{"self":[{"href":"https:\/\/promatmedical.com\/fr\/wp-json\/wp\/v2\/product\/33458","targetHints":{"allow":["GET"]}}],"collection":[{"href":"https:\/\/promatmedical.com\/fr\/wp-json\/wp\/v2\/product"}],"about":[{"href":"https:\/\/promatmedical.com\/fr\/wp-json\/wp\/v2\/types\/product"}],"replies":[{"embeddable":true,"href":"https:\/\/promatmedical.com\/fr\/wp-json\/wp\/v2\/comments?post=33458"}],"wp:featuredmedia":[{"embeddable":true,"href":"https:\/\/promatmedical.com\/fr\/wp-json\/wp\/v2\/media\/33457"}],"wp:attachment":[{"href":"https:\/\/promatmedical.com\/fr\/wp-json\/wp\/v2\/media?parent=33458"}],"wp:term":[{"taxonomy":"product_brand","embeddable":true,"href":"https:\/\/promatmedical.com\/fr\/wp-json\/wp\/v2\/product_brand?post=33458"},{"taxonomy":"product_cat","embeddable":true,"href":"https:\/\/promatmedical.com\/fr\/wp-json\/wp\/v2\/product_cat?post=33458"},{"taxonomy":"product_tag","embeddable":true,"href":"https:\/\/promatmedical.com\/fr\/wp-json\/wp\/v2\/product_tag?post=33458"}],"curies":[{"name":"wp","href":"https:\/\/api.w.org\/{rel}","templated":true}]}}