{"id":33463,"date":"2025-03-21T11:21:11","date_gmt":"2025-03-21T10:21:11","guid":{"rendered":"https:\/\/promatmedical.com\/bj\/produit\/masque-nasal-a-air-grand\/"},"modified":"2025-03-21T11:21:11","modified_gmt":"2025-03-21T10:21:11","slug":"masque-nasal-a-air-grand","status":"publish","type":"product","link":"https:\/\/promatmedical.com\/fr\/produit\/masque-nasal-a-air-grand\/","title":{"rendered":"Masque nasal \u00e0 air &#8211; grand"},"content":{"rendered":"<p>Masque nasal &#8211; grand<\/p>\n<p>Masques \u00e9tanches \u00e0 air, l\u00e9gers et souples, qui s\u2019adaptent automatiquement \u00e0 la forme du visage. Les a\u00e9rations en nid d\u2019abeille garantissent souplesse et fonctionnement silencieux. Le connecteur \u00e0 d\u00e9gagement rapide facilite la s\u00e9paration du tube du masque. Sangles de serrage en tissu doux et d\u00e9licat sur la peau, pour un confort maximal. Masques con\u00e7us pour appareils Yuwell, Resmed, Philips, Fisher &#038; Paykel et la plupart des machines CPAP sur le march\u00e9.<br \/>\nPlage de pression pour la th\u00e9rapie: 4-30 cm H2O.<br \/>\nTube de raccord: 22 mm.<\/p>\n<p>Poids: 64 g<\/p>\n","protected":false},"excerpt":{"rendered":"<p>Masque nasal &#8211; grand Masques \u00e9tanches \u00e0 air, l\u00e9gers et souples, qui s\u2019adaptent automatiquement \u00e0 la forme du visage. Les a\u00e9rations en nid d\u2019abeille garantissent souplesse et fonctionnement silencieux. Le connecteur \u00e0 d\u00e9gagement rapide facilite la s\u00e9paration du tube du masque. Sangles de serrage en tissu doux et d\u00e9licat sur la peau, pour un confort [&hellip;]<\/p>\n","protected":false},"featured_media":33462,"comment_status":"open","ping_status":"closed","template":"","meta":[],"product_brand":[],"product_cat":[166],"product_tag":[],"class_list":{"0":"post-33463","1":"product","2":"type-product","3":"status-publish","4":"has-post-thumbnail","6":"product_cat-equipements-medicaux-et-chirurgicaux","8":"first","9":"instock","10":"taxable","11":"shipping-taxable","12":"purchasable","13":"product-type-simple"},"_links":{"self":[{"href":"https:\/\/promatmedical.com\/fr\/wp-json\/wp\/v2\/product\/33463","targetHints":{"allow":["GET"]}}],"collection":[{"href":"https:\/\/promatmedical.com\/fr\/wp-json\/wp\/v2\/product"}],"about":[{"href":"https:\/\/promatmedical.com\/fr\/wp-json\/wp\/v2\/types\/product"}],"replies":[{"embeddable":true,"href":"https:\/\/promatmedical.com\/fr\/wp-json\/wp\/v2\/comments?post=33463"}],"wp:featuredmedia":[{"embeddable":true,"href":"https:\/\/promatmedical.com\/fr\/wp-json\/wp\/v2\/media\/33462"}],"wp:attachment":[{"href":"https:\/\/promatmedical.com\/fr\/wp-json\/wp\/v2\/media?parent=33463"}],"wp:term":[{"taxonomy":"product_brand","embeddable":true,"href":"https:\/\/promatmedical.com\/fr\/wp-json\/wp\/v2\/product_brand?post=33463"},{"taxonomy":"product_cat","embeddable":true,"href":"https:\/\/promatmedical.com\/fr\/wp-json\/wp\/v2\/product_cat?post=33463"},{"taxonomy":"product_tag","embeddable":true,"href":"https:\/\/promatmedical.com\/fr\/wp-json\/wp\/v2\/product_tag?post=33463"}],"curies":[{"name":"wp","href":"https:\/\/api.w.org\/{rel}","templated":true}]}}