{"id":33540,"date":"2025-03-21T11:27:43","date_gmt":"2025-03-21T10:27:43","guid":{"rendered":"https:\/\/promatmedical.com\/bj\/produit\/systeme-de-surveillance-holter-m12-12-derivations\/"},"modified":"2025-03-21T11:27:43","modified_gmt":"2025-03-21T10:27:43","slug":"systeme-de-surveillance-holter-m12-12-derivations","status":"publish","type":"product","link":"https:\/\/promatmedical.com\/fr\/produit\/systeme-de-surveillance-holter-m12-12-derivations\/","title":{"rendered":"Syst\u00e8me de surveillance holter m12 &#8211; 12 d\u00e9rivations"},"content":{"rendered":"<p>SYST\u00c8ME DE SURVEILLANCE HOLTER M12 &#8211; 12 D\u00c9RIVATIONS<\/p>\n<p>Holter multiparam\u00e8tre sans fils, enregistreur ECG ambulatoire num\u00e9rique l\u00e9ger et compact, con\u00e7u pour afficher, enregistrer, m\u00e9moriser et transf\u00e9rer les donn\u00e9es ECG. Les donn\u00e9es doivent \u00eatre    v\u00e9rifi\u00e9es par un m\u00e9decin qualifi\u00e9 pour l&#8217;analyse et le diagnostic. Id\u00e9al pour examens de routine ou l&#8217;auto-surveillance des patients dans un contexte clinique ou domestique, sous la supervision d\u2019un professionnel de la sant\u00e9.<\/p>\n<p>&#8211; forme compacte \u00d8 48 mm x 15,2 mm, poids inf\u00e9rieur \u00e0 50 g<br \/>\n&#8211; affichage du trac\u00e9 ECG \u00e0 haute d\u00e9finition et en temps r\u00e9el<br \/>\n&#8211; excellente imp\u00e9dance d&#8217;entr\u00e9e, r\u00e9duisant la distorsion de la forme d&#8217;onde<br \/>\n&#8211; transmission de donn\u00e9es \u00e0 un PC \u00e0 travers USB, pour une analyse efficiente<br \/>\n&#8211; batterie int\u00e9gr\u00e9e pour surveillance continue (jusqu&#8217;\u00e0 72 heures)<br \/>\n&#8211; pr\u00e9cision de conversion A\/D \u00e0 24 bit<\/p>\n<p>Fonctions d&#8217;analyse avanc\u00e9es<br \/>\nLogiciel d&#8217;analyse ECG ambulatoire professionnel, supportant une riche analyse statistique. Il supporte la modification des mod\u00e8les, l&#8217;analyse du flutter et de la fibrillation atriales, l&#8217;analyse HRV, l&#8217;analyse de l&#8217;oscillation du pouls, l&#8217;analyse de la superposition de l&#8217;onde P, l&#8217;analyse du segment ST et d&#8217;autres fonctions avanc\u00e9es d&#8217;analyse. G\u00e9n\u00e9ration simple et rapide de rapports tr\u00e8s pr\u00e9cis La pr\u00e9cision \u00e9lev\u00e9e de l&#8217;analyse permet d&#8217;exclure automatiquement les \u00e9pisodes r\u00e9sultant d&#8217;un bruit excessif.<\/p>\n<p>Applications multidimensionnelles<br \/>\n&#8211; diagnostic et pr\u00e9vention des pathologies<br \/>\n&#8211; r\u00e9habilitation du patient suite \u00e0 la chirurgie cardiaque<br \/>\n&#8211; examen physique<br \/>\n&#8211; assistance dans la pharmacoth\u00e9rapie<br \/>\n&#8211; d\u00e9pistage du risque d&#8217;accident vasculaire c\u00e9r\u00e9bral<\/p>\n<p>Livr\u00e9 avec c\u00e2ble des d\u00e9rivations ECG (10 \u00e9lectrodes du type \u00e0 bouton), 20 \u00e9lectrodes jetables pour adultes, c\u00e2ble mini HDMI, c\u00e2ble de recharge magn\u00e9tique, cordon r\u00e9glable, logiciel de suivi AI ECG (54315), cl\u00e9 \u00e9lectronique, guide d&#8217;utilisation rapide, mode d&#8217;emploi et bo\u00eete en GB, FR*, IT, ES*, PT*, DE*, UA*, RU*<br \/>\n*Les modes d&#8217;emploi peuvent \u00eatre t\u00e9l\u00e9charg\u00e9s depuis www.gimaitaly.com<\/p>\n","protected":false},"excerpt":{"rendered":"<p>SYST\u00c8ME DE SURVEILLANCE HOLTER M12 &#8211; 12 D\u00c9RIVATIONS Holter multiparam\u00e8tre sans fils, enregistreur ECG ambulatoire num\u00e9rique l\u00e9ger et compact, con\u00e7u pour afficher, enregistrer, m\u00e9moriser et transf\u00e9rer les donn\u00e9es ECG. Les donn\u00e9es doivent \u00eatre v\u00e9rifi\u00e9es par un m\u00e9decin qualifi\u00e9 pour l&#8217;analyse et le diagnostic. Id\u00e9al pour examens de routine ou l&#8217;auto-surveillance des patients dans un contexte [&hellip;]<\/p>\n","protected":false},"featured_media":33539,"comment_status":"open","ping_status":"closed","template":"","meta":[],"product_brand":[],"product_cat":[166],"product_tag":[],"class_list":{"0":"post-33540","1":"product","2":"type-product","3":"status-publish","4":"has-post-thumbnail","6":"product_cat-equipements-medicaux-et-chirurgicaux","8":"first","9":"instock","10":"taxable","11":"shipping-taxable","12":"purchasable","13":"product-type-simple"},"_links":{"self":[{"href":"https:\/\/promatmedical.com\/fr\/wp-json\/wp\/v2\/product\/33540","targetHints":{"allow":["GET"]}}],"collection":[{"href":"https:\/\/promatmedical.com\/fr\/wp-json\/wp\/v2\/product"}],"about":[{"href":"https:\/\/promatmedical.com\/fr\/wp-json\/wp\/v2\/types\/product"}],"replies":[{"embeddable":true,"href":"https:\/\/promatmedical.com\/fr\/wp-json\/wp\/v2\/comments?post=33540"}],"wp:featuredmedia":[{"embeddable":true,"href":"https:\/\/promatmedical.com\/fr\/wp-json\/wp\/v2\/media\/33539"}],"wp:attachment":[{"href":"https:\/\/promatmedical.com\/fr\/wp-json\/wp\/v2\/media?parent=33540"}],"wp:term":[{"taxonomy":"product_brand","embeddable":true,"href":"https:\/\/promatmedical.com\/fr\/wp-json\/wp\/v2\/product_brand?post=33540"},{"taxonomy":"product_cat","embeddable":true,"href":"https:\/\/promatmedical.com\/fr\/wp-json\/wp\/v2\/product_cat?post=33540"},{"taxonomy":"product_tag","embeddable":true,"href":"https:\/\/promatmedical.com\/fr\/wp-json\/wp\/v2\/product_tag?post=33540"}],"curies":[{"name":"wp","href":"https:\/\/api.w.org\/{rel}","templated":true}]}}