{"id":33580,"date":"2025-03-21T11:31:41","date_gmt":"2025-03-21T10:31:41","guid":{"rendered":"https:\/\/promatmedical.com\/bj\/produit\/simulateur-spo2-ms100\/"},"modified":"2025-03-21T11:31:41","modified_gmt":"2025-03-21T10:31:41","slug":"simulateur-spo2-ms100","status":"publish","type":"product","link":"https:\/\/promatmedical.com\/fr\/produit\/simulateur-spo2-ms100\/","title":{"rendered":"Simulateur spo2 ms100"},"content":{"rendered":"<p>SIMULATEUR SpO2 GIMA<\/p>\n<p>Simulateur SpO2 compact et l\u00e9ger pour ex\u00e9cuter une s\u00e9rie de tests v\u00e9rifiant la pr\u00e9cision des moniteurs. Puisque les diff\u00e9rents producteurs peuvent utiliser une courbe R diff\u00e9rente, les principales courbes R (BCI, Masimo, Nellcor, etc.) sont int\u00e9gr\u00e9es dans le simulateur.  <\/p>\n<p>&#8211; Simulation de SpO2 et fr\u00e9quence cardiaque.<br \/>\n&#8211; Simulation de SpO2 et fr\u00e9quence cardiaque dans des conditions d&#8217;interf\u00e9rence 60\/50 Hz et d&#8217;interf\u00e9rence de la lumi\u00e8re.<br \/>\n&#8211; Simulation de SpO2 et fr\u00e9quence cardiaque \u00e0 de diff\u00e9rentes amplitudes.<br \/>\n&#8211; Simulation de SpO2 et fr\u00e9quence cardiaque avec un indice de perfusion (IP) diff\u00e9rent.<br \/>\n&#8211; Le temps de r\u00e9action \u00e0 SpO2, fr\u00e9quence cardiaque et arr\u00eat cardiaque peut \u00eatre test\u00e9.<br \/>\n&#8211; Les 10 courbes R compatibles (BCI, Masimo, Nellcor, etc.) int\u00e9gr\u00e9es r\u00e9pondent aux exigences des tests.<br \/>\n&#8211; Simulation de 24 \u00e9tats pr\u00e9d\u00e9finis du patient, tels que pouls faible, bradycardie, hypoxie, tachycardie, ob\u00e9sit\u00e9, p\u00e9diatrie et g\u00e9riatrie.<br \/>\n&#8211; Construction s\u00e9par\u00e9e de la sonde du simulateur et du host, pratique pour les tests et le fonctionnement.  <\/p>\n<p>Livr\u00e9 avec batterie rechargeable, doigt de simulateur, adaptateur d&#8217;alimentation et mode d&#8217;emploi en GB, IT.<\/p>\n","protected":false},"excerpt":{"rendered":"<p>SIMULATEUR SpO2 GIMA Simulateur SpO2 compact et l\u00e9ger pour ex\u00e9cuter une s\u00e9rie de tests v\u00e9rifiant la pr\u00e9cision des moniteurs. Puisque les diff\u00e9rents producteurs peuvent utiliser une courbe R diff\u00e9rente, les principales courbes R (BCI, Masimo, Nellcor, etc.) sont int\u00e9gr\u00e9es dans le simulateur. &#8211; Simulation de SpO2 et fr\u00e9quence cardiaque. &#8211; Simulation de SpO2 et fr\u00e9quence [&hellip;]<\/p>\n","protected":false},"featured_media":33579,"comment_status":"open","ping_status":"closed","template":"","meta":[],"product_brand":[],"product_cat":[166],"product_tag":[],"class_list":{"0":"post-33580","1":"product","2":"type-product","3":"status-publish","4":"has-post-thumbnail","6":"product_cat-equipements-medicaux-et-chirurgicaux","8":"first","9":"instock","10":"taxable","11":"shipping-taxable","12":"purchasable","13":"product-type-simple"},"_links":{"self":[{"href":"https:\/\/promatmedical.com\/fr\/wp-json\/wp\/v2\/product\/33580","targetHints":{"allow":["GET"]}}],"collection":[{"href":"https:\/\/promatmedical.com\/fr\/wp-json\/wp\/v2\/product"}],"about":[{"href":"https:\/\/promatmedical.com\/fr\/wp-json\/wp\/v2\/types\/product"}],"replies":[{"embeddable":true,"href":"https:\/\/promatmedical.com\/fr\/wp-json\/wp\/v2\/comments?post=33580"}],"wp:featuredmedia":[{"embeddable":true,"href":"https:\/\/promatmedical.com\/fr\/wp-json\/wp\/v2\/media\/33579"}],"wp:attachment":[{"href":"https:\/\/promatmedical.com\/fr\/wp-json\/wp\/v2\/media?parent=33580"}],"wp:term":[{"taxonomy":"product_brand","embeddable":true,"href":"https:\/\/promatmedical.com\/fr\/wp-json\/wp\/v2\/product_brand?post=33580"},{"taxonomy":"product_cat","embeddable":true,"href":"https:\/\/promatmedical.com\/fr\/wp-json\/wp\/v2\/product_cat?post=33580"},{"taxonomy":"product_tag","embeddable":true,"href":"https:\/\/promatmedical.com\/fr\/wp-json\/wp\/v2\/product_tag?post=33580"}],"curies":[{"name":"wp","href":"https:\/\/api.w.org\/{rel}","templated":true}]}}