{"id":33582,"date":"2025-03-21T11:31:48","date_gmt":"2025-03-21T10:31:48","guid":{"rendered":"https:\/\/promatmedical.com\/bj\/produit\/simulateur-nibp-ms200\/"},"modified":"2025-03-21T11:31:48","modified_gmt":"2025-03-21T10:31:48","slug":"simulateur-nibp-ms200","status":"publish","type":"product","link":"https:\/\/promatmedical.com\/fr\/produit\/simulateur-nibp-ms200\/","title":{"rendered":"Simulateur nibp ms200"},"content":{"rendered":"<p>SIMULATEUR NIBP GIMA<\/p>\n<p>Instrument multifonctionnel pour tester les tensiom\u00e8tres oscillom\u00e9triques de mesure non invasive de la pression art\u00e9rielle (NIBP). Compact et facile \u00e0 utiliser, il peut fournir une simulation de la pression art\u00e9rielle dynamique sous plusieurs conditions, calibration de la pression statique, essai d&#8217;\u00e9tanch\u00e9it\u00e9 automatique et essai de d\u00e9charge de surpression, analysant rapidement et avec pr\u00e9cision chaque performance des moniteurs NIBP.<\/p>\n<p>&#8211; La pompe int\u00e9gr\u00e9e peut g\u00e9n\u00e9rer une pression jusqu&#8217;\u00e0 400 mmHg (53,3 kPa).<br \/>\n&#8211; La chambre \u00e0 air int\u00e9gr\u00e9e simule un brassard pour adultes et pour nouveau-n\u00e9s.<br \/>\n&#8211; Il simule la pression art\u00e9rielle dynamique pour tensiom\u00e8tres de bras et de poignet.<br \/>\n&#8211; Il simule la pression art\u00e9rielle chez les adultes, les nouveau-n\u00e9s, 8 types de patients et la pression d\u00e9finie par l&#8217;utilisateur.<br \/>\n&#8211; Il simule la pression art\u00e9rielle sous une condition d&#8217;arythmie ou d&#8217;insuffisance respiratoire.<\/p>\n<p>Livr\u00e9 avec alimentation et mode d&#8217;emploi (GB, IT).<\/p>\n","protected":false},"excerpt":{"rendered":"<p>SIMULATEUR NIBP GIMA Instrument multifonctionnel pour tester les tensiom\u00e8tres oscillom\u00e9triques de mesure non invasive de la pression art\u00e9rielle (NIBP). Compact et facile \u00e0 utiliser, il peut fournir une simulation de la pression art\u00e9rielle dynamique sous plusieurs conditions, calibration de la pression statique, essai d&#8217;\u00e9tanch\u00e9it\u00e9 automatique et essai de d\u00e9charge de surpression, analysant rapidement et avec [&hellip;]<\/p>\n","protected":false},"featured_media":33581,"comment_status":"open","ping_status":"closed","template":"","meta":[],"product_brand":[],"product_cat":[166],"product_tag":[],"class_list":{"0":"post-33582","1":"product","2":"type-product","3":"status-publish","4":"has-post-thumbnail","6":"product_cat-equipements-medicaux-et-chirurgicaux","8":"first","9":"instock","10":"taxable","11":"shipping-taxable","12":"purchasable","13":"product-type-simple"},"_links":{"self":[{"href":"https:\/\/promatmedical.com\/fr\/wp-json\/wp\/v2\/product\/33582","targetHints":{"allow":["GET"]}}],"collection":[{"href":"https:\/\/promatmedical.com\/fr\/wp-json\/wp\/v2\/product"}],"about":[{"href":"https:\/\/promatmedical.com\/fr\/wp-json\/wp\/v2\/types\/product"}],"replies":[{"embeddable":true,"href":"https:\/\/promatmedical.com\/fr\/wp-json\/wp\/v2\/comments?post=33582"}],"wp:featuredmedia":[{"embeddable":true,"href":"https:\/\/promatmedical.com\/fr\/wp-json\/wp\/v2\/media\/33581"}],"wp:attachment":[{"href":"https:\/\/promatmedical.com\/fr\/wp-json\/wp\/v2\/media?parent=33582"}],"wp:term":[{"taxonomy":"product_brand","embeddable":true,"href":"https:\/\/promatmedical.com\/fr\/wp-json\/wp\/v2\/product_brand?post=33582"},{"taxonomy":"product_cat","embeddable":true,"href":"https:\/\/promatmedical.com\/fr\/wp-json\/wp\/v2\/product_cat?post=33582"},{"taxonomy":"product_tag","embeddable":true,"href":"https:\/\/promatmedical.com\/fr\/wp-json\/wp\/v2\/product_tag?post=33582"}],"curies":[{"name":"wp","href":"https:\/\/api.w.org\/{rel}","templated":true}]}}