{"id":33586,"date":"2025-03-21T11:32:14","date_gmt":"2025-03-21T10:32:14","guid":{"rendered":"https:\/\/promatmedical.com\/bj\/produit\/electrodes-compatibles-pediatrique-pour-defibrill-medtronic-physio-control\/"},"modified":"2025-03-21T11:32:14","modified_gmt":"2025-03-21T10:32:14","slug":"electrodes-compatibles-pediatrique-pour-defibrill-medtronic-physio-control","status":"publish","type":"product","link":"https:\/\/promatmedical.com\/fr\/produit\/electrodes-compatibles-pediatrique-pour-defibrill-medtronic-physio-control\/","title":{"rendered":"\u00c9lectrodes compatibles pediatrique pour d\u00e9fibrill. medtronic physio control"},"content":{"rendered":"<p>\u00c9LECTRODES COMPATIBLES P\u00c9DIATRIQUES &#8211; jetables<br \/>\n(Les directives internationales RCP indiquent d&#8217;effectuer les traitements p\u00e9diatriques jusqu&#8217;\u00e0 8 ans (environ 25 kg selon la courbe de croissance standard))<\/p>\n<p>Conformes aux m\u00eames normes que les \u00e9lectrodes pour adultes.<br \/>\nSans latex.<br \/>\nMade in Italy.<\/p>\n<p>Emballage multilingue: GB, FR, IT, ES, PT, DE, NL, SE, GR, RU<\/p>\n<p>Compatible avec:<\/p>\n<p>\u2022 Physiocontrol<br \/>\n&#8211; Lifepak 500 AED prise rose<br \/>\n&#8211; Lifepak 1000 AED<br \/>\n&#8211; Lifepak CR plus AED<br \/>\n&#8211; Lifepak Express AED<\/p>\n","protected":false},"excerpt":{"rendered":"<p>\u00c9LECTRODES COMPATIBLES P\u00c9DIATRIQUES &#8211; jetables (Les directives internationales RCP indiquent d&#8217;effectuer les traitements p\u00e9diatriques jusqu&#8217;\u00e0 8 ans (environ 25 kg selon la courbe de croissance standard)) Conformes aux m\u00eames normes que les \u00e9lectrodes pour adultes. Sans latex. Made in Italy. Emballage multilingue: GB, FR, IT, ES, PT, DE, NL, SE, GR, RU Compatible avec: \u2022 [&hellip;]<\/p>\n","protected":false},"featured_media":18466,"comment_status":"open","ping_status":"closed","template":"","meta":[],"product_brand":[],"product_cat":[166],"product_tag":[],"class_list":{"0":"post-33586","1":"product","2":"type-product","3":"status-publish","4":"has-post-thumbnail","6":"product_cat-equipements-medicaux-et-chirurgicaux","8":"first","9":"instock","10":"taxable","11":"shipping-taxable","12":"purchasable","13":"product-type-simple"},"_links":{"self":[{"href":"https:\/\/promatmedical.com\/fr\/wp-json\/wp\/v2\/product\/33586","targetHints":{"allow":["GET"]}}],"collection":[{"href":"https:\/\/promatmedical.com\/fr\/wp-json\/wp\/v2\/product"}],"about":[{"href":"https:\/\/promatmedical.com\/fr\/wp-json\/wp\/v2\/types\/product"}],"replies":[{"embeddable":true,"href":"https:\/\/promatmedical.com\/fr\/wp-json\/wp\/v2\/comments?post=33586"}],"wp:featuredmedia":[{"embeddable":true,"href":"https:\/\/promatmedical.com\/fr\/wp-json\/wp\/v2\/media\/18466"}],"wp:attachment":[{"href":"https:\/\/promatmedical.com\/fr\/wp-json\/wp\/v2\/media?parent=33586"}],"wp:term":[{"taxonomy":"product_brand","embeddable":true,"href":"https:\/\/promatmedical.com\/fr\/wp-json\/wp\/v2\/product_brand?post=33586"},{"taxonomy":"product_cat","embeddable":true,"href":"https:\/\/promatmedical.com\/fr\/wp-json\/wp\/v2\/product_cat?post=33586"},{"taxonomy":"product_tag","embeddable":true,"href":"https:\/\/promatmedical.com\/fr\/wp-json\/wp\/v2\/product_tag?post=33586"}],"curies":[{"name":"wp","href":"https:\/\/api.w.org\/{rel}","templated":true}]}}