{"id":33599,"date":"2025-03-21T11:33:35","date_gmt":"2025-03-21T10:33:35","guid":{"rendered":"https:\/\/promatmedical.com\/bj\/produit\/electrodes-compatibles-pour-defibrill-mediana-tecno-gaz\/"},"modified":"2025-03-21T11:33:35","modified_gmt":"2025-03-21T10:33:35","slug":"electrodes-compatibles-pour-defibrill-mediana-tecno-gaz","status":"publish","type":"product","link":"https:\/\/promatmedical.com\/fr\/produit\/electrodes-compatibles-pour-defibrill-mediana-tecno-gaz\/","title":{"rendered":"\u00c9lectrodes compatibles pour d\u00e9fibrill. mediana, tecno-gaz"},"content":{"rendered":"<p>\u00c9LECTRODES COMPATIBLES P\u00c9DIATRIQUES &#8211; jetables<br \/>\n(Les directives internationales RCP indiquent d&#8217;effectuer les traitements p\u00e9diatriques jusqu&#8217;\u00e0 8 ans (environ 25 kg selon la courbe de croissance standard))<\/p>\n<p>Conformes aux m\u00eames normes que les \u00e9lectrodes pour adultes.<br \/>\nSans latex.<br \/>\nMade in Italy.<\/p>\n<p>Emballage multilingue: GB, FR, IT, ES, PT, DE, NL, SE, GR, RU<\/p>\n<p>Compatible avec:<\/p>\n<p>\u2022 Mediana<br \/>\n&#8211; HeartOn AED A15 (patient >10 kg)<\/p>\n<p>\u2022 Tecno-Gaz<br \/>\n&#8211; Tecnoheart Plus (patient >10 kg)<\/p>\n","protected":false},"excerpt":{"rendered":"<p>\u00c9LECTRODES COMPATIBLES P\u00c9DIATRIQUES &#8211; jetables (Les directives internationales RCP indiquent d&#8217;effectuer les traitements p\u00e9diatriques jusqu&#8217;\u00e0 8 ans (environ 25 kg selon la courbe de croissance standard)) Conformes aux m\u00eames normes que les \u00e9lectrodes pour adultes. Sans latex. Made in Italy. Emballage multilingue: GB, FR, IT, ES, PT, DE, NL, SE, GR, RU Compatible avec: \u2022 [&hellip;]<\/p>\n","protected":false},"featured_media":18466,"comment_status":"open","ping_status":"closed","template":"","meta":[],"product_brand":[],"product_cat":[166],"product_tag":[],"class_list":{"0":"post-33599","1":"product","2":"type-product","3":"status-publish","4":"has-post-thumbnail","6":"product_cat-equipements-medicaux-et-chirurgicaux","8":"first","9":"instock","10":"taxable","11":"shipping-taxable","12":"purchasable","13":"product-type-simple"},"_links":{"self":[{"href":"https:\/\/promatmedical.com\/fr\/wp-json\/wp\/v2\/product\/33599","targetHints":{"allow":["GET"]}}],"collection":[{"href":"https:\/\/promatmedical.com\/fr\/wp-json\/wp\/v2\/product"}],"about":[{"href":"https:\/\/promatmedical.com\/fr\/wp-json\/wp\/v2\/types\/product"}],"replies":[{"embeddable":true,"href":"https:\/\/promatmedical.com\/fr\/wp-json\/wp\/v2\/comments?post=33599"}],"wp:featuredmedia":[{"embeddable":true,"href":"https:\/\/promatmedical.com\/fr\/wp-json\/wp\/v2\/media\/18466"}],"wp:attachment":[{"href":"https:\/\/promatmedical.com\/fr\/wp-json\/wp\/v2\/media?parent=33599"}],"wp:term":[{"taxonomy":"product_brand","embeddable":true,"href":"https:\/\/promatmedical.com\/fr\/wp-json\/wp\/v2\/product_brand?post=33599"},{"taxonomy":"product_cat","embeddable":true,"href":"https:\/\/promatmedical.com\/fr\/wp-json\/wp\/v2\/product_cat?post=33599"},{"taxonomy":"product_tag","embeddable":true,"href":"https:\/\/promatmedical.com\/fr\/wp-json\/wp\/v2\/product_tag?post=33599"}],"curies":[{"name":"wp","href":"https:\/\/api.w.org\/{rel}","templated":true}]}}