{"id":33631,"date":"2025-03-21T11:36:42","date_gmt":"2025-03-21T10:36:42","guid":{"rendered":"https:\/\/promatmedical.com\/bj\/produit\/attelle-de-traction-adulte\/"},"modified":"2025-03-21T11:36:42","modified_gmt":"2025-03-21T10:36:42","slug":"attelle-de-traction-adulte","status":"publish","type":"product","link":"https:\/\/promatmedical.com\/fr\/produit\/attelle-de-traction-adulte\/","title":{"rendered":"Attelle de traction &#8211; adulte"},"content":{"rendered":"<p>ATTELLE DE TRACTION &#8211; adultes<\/p>\n<p>L&#8217;attelle de traction soulage la pression des tissus sur la jambe fractur\u00e9e, \u00e9vitant ainsi d&#8217;autres h\u00e9morragies, shocks et l\u00e9sions secondaires aux nerfs, aux muscles et aux vaisseaux sanguins.<br \/>\nLongueur r\u00e9glable et m\u00e9canisme de traction automatique.<\/p>\n<p>Structure en alliage d&#8217;aluminium et sangles en nylon pour les jambes.<\/p>\n<p>Livr\u00e9e avec sac de transport.<\/p>\n<p>Dimensions: 134x19x21 cm.<br \/>\nDimensions de l&#8217;attelle pli\u00e9e: 93x20x7 cm.<br \/>\nPoids: 2 kg.<\/p>\n<p>Mode d&#8217;emploi multilingue: GB, FR, IT, ES, PT, DE, NL, DK, SE, NO, FI, LT, LV, EE, PL, CZ, SK, HU, SI, HR, RO, BG, GR, Arabe<\/p>\n","protected":false},"excerpt":{"rendered":"<p>ATTELLE DE TRACTION &#8211; adultes L&#8217;attelle de traction soulage la pression des tissus sur la jambe fractur\u00e9e, \u00e9vitant ainsi d&#8217;autres h\u00e9morragies, shocks et l\u00e9sions secondaires aux nerfs, aux muscles et aux vaisseaux sanguins. Longueur r\u00e9glable et m\u00e9canisme de traction automatique. Structure en alliage d&#8217;aluminium et sangles en nylon pour les jambes. Livr\u00e9e avec sac de [&hellip;]<\/p>\n","protected":false},"featured_media":33630,"comment_status":"open","ping_status":"closed","template":"","meta":[],"product_brand":[],"product_cat":[166],"product_tag":[],"class_list":{"0":"post-33631","1":"product","2":"type-product","3":"status-publish","4":"has-post-thumbnail","6":"product_cat-equipements-medicaux-et-chirurgicaux","8":"first","9":"instock","10":"taxable","11":"shipping-taxable","12":"purchasable","13":"product-type-simple"},"_links":{"self":[{"href":"https:\/\/promatmedical.com\/fr\/wp-json\/wp\/v2\/product\/33631","targetHints":{"allow":["GET"]}}],"collection":[{"href":"https:\/\/promatmedical.com\/fr\/wp-json\/wp\/v2\/product"}],"about":[{"href":"https:\/\/promatmedical.com\/fr\/wp-json\/wp\/v2\/types\/product"}],"replies":[{"embeddable":true,"href":"https:\/\/promatmedical.com\/fr\/wp-json\/wp\/v2\/comments?post=33631"}],"wp:featuredmedia":[{"embeddable":true,"href":"https:\/\/promatmedical.com\/fr\/wp-json\/wp\/v2\/media\/33630"}],"wp:attachment":[{"href":"https:\/\/promatmedical.com\/fr\/wp-json\/wp\/v2\/media?parent=33631"}],"wp:term":[{"taxonomy":"product_brand","embeddable":true,"href":"https:\/\/promatmedical.com\/fr\/wp-json\/wp\/v2\/product_brand?post=33631"},{"taxonomy":"product_cat","embeddable":true,"href":"https:\/\/promatmedical.com\/fr\/wp-json\/wp\/v2\/product_cat?post=33631"},{"taxonomy":"product_tag","embeddable":true,"href":"https:\/\/promatmedical.com\/fr\/wp-json\/wp\/v2\/product_tag?post=33631"}],"curies":[{"name":"wp","href":"https:\/\/api.w.org\/{rel}","templated":true}]}}