{"id":33635,"date":"2025-03-21T11:37:07","date_gmt":"2025-03-21T10:37:07","guid":{"rendered":"https:\/\/promatmedical.com\/bj\/produit\/civiere-gima-2-pliable-en-2-noir\/"},"modified":"2025-03-21T11:37:07","modified_gmt":"2025-03-21T10:37:07","slug":"civiere-gima-2-pliable-en-2-noir","status":"publish","type":"product","link":"https:\/\/promatmedical.com\/fr\/produit\/civiere-gima-2-pliable-en-2-noir\/","title":{"rendered":"Civi\u00e8re gima 2 &#8211; pliable en 2 &#8211; noir"},"content":{"rendered":"<p>BRANCARD GIMA 2 &#8211; pliable en 2 &#8211; noir<\/p>\n<p>Brancard d&#8217;urgence pliable en alliage d&#8217;aluminium \u00e0 haute r\u00e9sistance. L\u00e9ger,compact, facile \u00e0 transporter et \u00e0 st\u00e9riliser.<\/p>\n<p>Livr\u00e9 avec 2 ceintures de s\u00e9curit\u00e9 en fibre de polypropyl\u00e8ne avec boucle en plastique.<\/p>\n<p>Mode d&#8217;emploi multilingue: GB, FR, IT, ES, PT, DE, NL, DK, SE, NO, FI, LT, LV, EE, PL, CZ, SK, HU, SI, HR, RO, BG, GR, Arabe<\/p>\n","protected":false},"excerpt":{"rendered":"<p>BRANCARD GIMA 2 &#8211; pliable en 2 &#8211; noir Brancard d&#8217;urgence pliable en alliage d&#8217;aluminium \u00e0 haute r\u00e9sistance. L\u00e9ger,compact, facile \u00e0 transporter et \u00e0 st\u00e9riliser. Livr\u00e9 avec 2 ceintures de s\u00e9curit\u00e9 en fibre de polypropyl\u00e8ne avec boucle en plastique. Mode d&#8217;emploi multilingue: GB, FR, IT, ES, PT, DE, NL, DK, SE, NO, FI, LT, LV, [&hellip;]<\/p>\n","protected":false},"featured_media":33634,"comment_status":"open","ping_status":"closed","template":"","meta":[],"product_brand":[],"product_cat":[166],"product_tag":[],"class_list":{"0":"post-33635","1":"product","2":"type-product","3":"status-publish","4":"has-post-thumbnail","6":"product_cat-equipements-medicaux-et-chirurgicaux","8":"first","9":"instock","10":"taxable","11":"shipping-taxable","12":"purchasable","13":"product-type-simple"},"_links":{"self":[{"href":"https:\/\/promatmedical.com\/fr\/wp-json\/wp\/v2\/product\/33635","targetHints":{"allow":["GET"]}}],"collection":[{"href":"https:\/\/promatmedical.com\/fr\/wp-json\/wp\/v2\/product"}],"about":[{"href":"https:\/\/promatmedical.com\/fr\/wp-json\/wp\/v2\/types\/product"}],"replies":[{"embeddable":true,"href":"https:\/\/promatmedical.com\/fr\/wp-json\/wp\/v2\/comments?post=33635"}],"wp:featuredmedia":[{"embeddable":true,"href":"https:\/\/promatmedical.com\/fr\/wp-json\/wp\/v2\/media\/33634"}],"wp:attachment":[{"href":"https:\/\/promatmedical.com\/fr\/wp-json\/wp\/v2\/media?parent=33635"}],"wp:term":[{"taxonomy":"product_brand","embeddable":true,"href":"https:\/\/promatmedical.com\/fr\/wp-json\/wp\/v2\/product_brand?post=33635"},{"taxonomy":"product_cat","embeddable":true,"href":"https:\/\/promatmedical.com\/fr\/wp-json\/wp\/v2\/product_cat?post=33635"},{"taxonomy":"product_tag","embeddable":true,"href":"https:\/\/promatmedical.com\/fr\/wp-json\/wp\/v2\/product_tag?post=33635"}],"curies":[{"name":"wp","href":"https:\/\/api.w.org\/{rel}","templated":true}]}}