{"id":33637,"date":"2025-03-21T11:37:14","date_gmt":"2025-03-21T10:37:14","guid":{"rendered":"https:\/\/promatmedical.com\/bj\/produit\/civiere-empilable-gima-orange\/"},"modified":"2025-03-21T11:37:14","modified_gmt":"2025-03-21T10:37:14","slug":"civiere-empilable-gima-orange","status":"publish","type":"product","link":"https:\/\/promatmedical.com\/fr\/produit\/civiere-empilable-gima-orange\/","title":{"rendered":"Civi\u00e8re empilable gima &#8211; orange"},"content":{"rendered":"<p>BRANCARD EMPILABLE GIMA &#8211; orange<\/p>\n<p>Brancard empilable en alliage d&#8217;aluminium et cuir. Durable, \u00e9tanche \u00e0 l&#8217;eau et compact, empilable pour \u00e9conomiser de l&#8217;espace.<\/p>\n<p>Livr\u00e9 avec 2 ceintures de s\u00e9curit\u00e9 en fibre de polypropyl\u00e8ne avec boucle en plastique.<\/p>\n<p>Mode d&#8217;emploi multilingue: GB, FR, IT, ES, PT, DE, NL, DK, SE, NO, FI, LT, LV, EE, PL, CZ, SK, HU, SI, HR, RO, BG, GR, Arabe<\/p>\n","protected":false},"excerpt":{"rendered":"<p>BRANCARD EMPILABLE GIMA &#8211; orange Brancard empilable en alliage d&#8217;aluminium et cuir. Durable, \u00e9tanche \u00e0 l&#8217;eau et compact, empilable pour \u00e9conomiser de l&#8217;espace. Livr\u00e9 avec 2 ceintures de s\u00e9curit\u00e9 en fibre de polypropyl\u00e8ne avec boucle en plastique. Mode d&#8217;emploi multilingue: GB, FR, IT, ES, PT, DE, NL, DK, SE, NO, FI, LT, LV, EE, PL, [&hellip;]<\/p>\n","protected":false},"featured_media":33636,"comment_status":"open","ping_status":"closed","template":"","meta":[],"product_brand":[],"product_cat":[166],"product_tag":[],"class_list":{"0":"post-33637","1":"product","2":"type-product","3":"status-publish","4":"has-post-thumbnail","6":"product_cat-equipements-medicaux-et-chirurgicaux","8":"first","9":"instock","10":"taxable","11":"shipping-taxable","12":"purchasable","13":"product-type-simple"},"_links":{"self":[{"href":"https:\/\/promatmedical.com\/fr\/wp-json\/wp\/v2\/product\/33637","targetHints":{"allow":["GET"]}}],"collection":[{"href":"https:\/\/promatmedical.com\/fr\/wp-json\/wp\/v2\/product"}],"about":[{"href":"https:\/\/promatmedical.com\/fr\/wp-json\/wp\/v2\/types\/product"}],"replies":[{"embeddable":true,"href":"https:\/\/promatmedical.com\/fr\/wp-json\/wp\/v2\/comments?post=33637"}],"wp:featuredmedia":[{"embeddable":true,"href":"https:\/\/promatmedical.com\/fr\/wp-json\/wp\/v2\/media\/33636"}],"wp:attachment":[{"href":"https:\/\/promatmedical.com\/fr\/wp-json\/wp\/v2\/media?parent=33637"}],"wp:term":[{"taxonomy":"product_brand","embeddable":true,"href":"https:\/\/promatmedical.com\/fr\/wp-json\/wp\/v2\/product_brand?post=33637"},{"taxonomy":"product_cat","embeddable":true,"href":"https:\/\/promatmedical.com\/fr\/wp-json\/wp\/v2\/product_cat?post=33637"},{"taxonomy":"product_tag","embeddable":true,"href":"https:\/\/promatmedical.com\/fr\/wp-json\/wp\/v2\/product_tag?post=33637"}],"curies":[{"name":"wp","href":"https:\/\/api.w.org\/{rel}","templated":true}]}}