{"id":33639,"date":"2025-03-21T11:37:32","date_gmt":"2025-03-21T10:37:32","guid":{"rendered":"https:\/\/promatmedical.com\/bj\/produit\/lit-de-camp-gima-vert\/"},"modified":"2025-03-21T11:37:32","modified_gmt":"2025-03-21T10:37:32","slug":"lit-de-camp-gima-vert","status":"publish","type":"product","link":"https:\/\/promatmedical.com\/fr\/produit\/lit-de-camp-gima-vert\/","title":{"rendered":"Lit de camp gima &#8211; vert"},"content":{"rendered":"<p>56015 LIT DE CAMP GIMA &#8211; pliable &#8211; vert<\/p>\n<p>Lilt de camp pliable et l\u00e9ger en alliage d&#8217;aluminium \u00e0 haute r\u00e9sistance et polyester 600D. Utilis\u00e9 principalement pour les champs militaires et les champs de bataille.<\/p>\n<p>Livr\u00e9 avec sac de transport.<\/p>\n<p>Mode d&#8217;emploi multilingue: GB, FR, IT, ES, PT, DE, NL, DK, SE, NO, FI, LT, LV, EE, PL, CZ, SK, HU, SI, HR, RO, BG, GR, Arabe<\/p>\n","protected":false},"excerpt":{"rendered":"<p>56015 LIT DE CAMP GIMA &#8211; pliable &#8211; vert Lilt de camp pliable et l\u00e9ger en alliage d&#8217;aluminium \u00e0 haute r\u00e9sistance et polyester 600D. Utilis\u00e9 principalement pour les champs militaires et les champs de bataille. Livr\u00e9 avec sac de transport. Mode d&#8217;emploi multilingue: GB, FR, IT, ES, PT, DE, NL, DK, SE, NO, FI, LT, [&hellip;]<\/p>\n","protected":false},"featured_media":33638,"comment_status":"open","ping_status":"closed","template":"","meta":[],"product_brand":[],"product_cat":[166],"product_tag":[],"class_list":{"0":"post-33639","1":"product","2":"type-product","3":"status-publish","4":"has-post-thumbnail","6":"product_cat-equipements-medicaux-et-chirurgicaux","8":"first","9":"instock","10":"taxable","11":"shipping-taxable","12":"purchasable","13":"product-type-simple"},"_links":{"self":[{"href":"https:\/\/promatmedical.com\/fr\/wp-json\/wp\/v2\/product\/33639","targetHints":{"allow":["GET"]}}],"collection":[{"href":"https:\/\/promatmedical.com\/fr\/wp-json\/wp\/v2\/product"}],"about":[{"href":"https:\/\/promatmedical.com\/fr\/wp-json\/wp\/v2\/types\/product"}],"replies":[{"embeddable":true,"href":"https:\/\/promatmedical.com\/fr\/wp-json\/wp\/v2\/comments?post=33639"}],"wp:featuredmedia":[{"embeddable":true,"href":"https:\/\/promatmedical.com\/fr\/wp-json\/wp\/v2\/media\/33638"}],"wp:attachment":[{"href":"https:\/\/promatmedical.com\/fr\/wp-json\/wp\/v2\/media?parent=33639"}],"wp:term":[{"taxonomy":"product_brand","embeddable":true,"href":"https:\/\/promatmedical.com\/fr\/wp-json\/wp\/v2\/product_brand?post=33639"},{"taxonomy":"product_cat","embeddable":true,"href":"https:\/\/promatmedical.com\/fr\/wp-json\/wp\/v2\/product_cat?post=33639"},{"taxonomy":"product_tag","embeddable":true,"href":"https:\/\/promatmedical.com\/fr\/wp-json\/wp\/v2\/product_tag?post=33639"}],"curies":[{"name":"wp","href":"https:\/\/api.w.org\/{rel}","templated":true}]}}