{"id":33641,"date":"2025-03-21T11:37:42","date_gmt":"2025-03-21T10:37:42","guid":{"rendered":"https:\/\/promatmedical.com\/bj\/produit\/civiere-chaise-pliable-2-en-1-gima-orange\/"},"modified":"2025-03-21T11:37:42","modified_gmt":"2025-03-21T10:37:42","slug":"civiere-chaise-pliable-2-en-1-gima-orange","status":"publish","type":"product","link":"https:\/\/promatmedical.com\/fr\/produit\/civiere-chaise-pliable-2-en-1-gima-orange\/","title":{"rendered":"Civi\u00e8re chaise pliable 2 en 1 gima &#8211; orange"},"content":{"rendered":"<p>BRANCARD CHAISE PLIABLE 2 EN 1 GIMA &#8211; orange<\/p>\n<p>Brancard d&#8217;urgence convertible en 3 positions: chaise, brancard ouvert et brancard ferm\u00e9. En alliage d&#8217;aluminium de haute qualit\u00e9 et nylon rev\u00eatu de vinyle.<br \/>\nCon\u00e7u pour transporter les patients dans des endroits \u00e9troits, il a deux ceintures de s\u00e9curit\u00e9, deux poign\u00e9es et deux roues pour faciliter la mobilit\u00e9 du terrain.<br \/>\nL\u00e9ger, imperm\u00e9able et facile \u00e0 transporter.<\/p>\n<p>Mode d&#8217;emploi multilingue: GB, FR, IT, ES, PT, DE, NL, DK, SE, FI, LT, LV, EE, PL, CZ, SK, HU, SI, HR, RO, BG, GR, Arabe<\/p>\n","protected":false},"excerpt":{"rendered":"<p>BRANCARD CHAISE PLIABLE 2 EN 1 GIMA &#8211; orange Brancard d&#8217;urgence convertible en 3 positions: chaise, brancard ouvert et brancard ferm\u00e9. En alliage d&#8217;aluminium de haute qualit\u00e9 et nylon rev\u00eatu de vinyle. Con\u00e7u pour transporter les patients dans des endroits \u00e9troits, il a deux ceintures de s\u00e9curit\u00e9, deux poign\u00e9es et deux roues pour faciliter la [&hellip;]<\/p>\n","protected":false},"featured_media":33640,"comment_status":"open","ping_status":"closed","template":"","meta":[],"product_brand":[],"product_cat":[166],"product_tag":[],"class_list":{"0":"post-33641","1":"product","2":"type-product","3":"status-publish","4":"has-post-thumbnail","6":"product_cat-equipements-medicaux-et-chirurgicaux","8":"first","9":"instock","10":"taxable","11":"shipping-taxable","12":"purchasable","13":"product-type-simple"},"_links":{"self":[{"href":"https:\/\/promatmedical.com\/fr\/wp-json\/wp\/v2\/product\/33641","targetHints":{"allow":["GET"]}}],"collection":[{"href":"https:\/\/promatmedical.com\/fr\/wp-json\/wp\/v2\/product"}],"about":[{"href":"https:\/\/promatmedical.com\/fr\/wp-json\/wp\/v2\/types\/product"}],"replies":[{"embeddable":true,"href":"https:\/\/promatmedical.com\/fr\/wp-json\/wp\/v2\/comments?post=33641"}],"wp:featuredmedia":[{"embeddable":true,"href":"https:\/\/promatmedical.com\/fr\/wp-json\/wp\/v2\/media\/33640"}],"wp:attachment":[{"href":"https:\/\/promatmedical.com\/fr\/wp-json\/wp\/v2\/media?parent=33641"}],"wp:term":[{"taxonomy":"product_brand","embeddable":true,"href":"https:\/\/promatmedical.com\/fr\/wp-json\/wp\/v2\/product_brand?post=33641"},{"taxonomy":"product_cat","embeddable":true,"href":"https:\/\/promatmedical.com\/fr\/wp-json\/wp\/v2\/product_cat?post=33641"},{"taxonomy":"product_tag","embeddable":true,"href":"https:\/\/promatmedical.com\/fr\/wp-json\/wp\/v2\/product_tag?post=33641"}],"curies":[{"name":"wp","href":"https:\/\/api.w.org\/{rel}","templated":true}]}}