{"id":33659,"date":"2025-03-21T11:39:39","date_gmt":"2025-03-21T10:39:39","guid":{"rendered":"https:\/\/promatmedical.com\/bj\/produit\/4-mannequins-cpr-practi-man-advance\/"},"modified":"2025-03-21T11:39:39","modified_gmt":"2025-03-21T10:39:39","slug":"4-mannequins-cpr-practi-man-advance","status":"publish","type":"product","link":"https:\/\/promatmedical.com\/fr\/produit\/4-mannequins-cpr-practi-man-advance\/","title":{"rendered":"4 mannequins cpr practi-man advance"},"content":{"rendered":"<p>4 MANNEQUINS CPR PRACTI-MAN ADVANCE<\/p>\n<p>Mannequins RCP pour une formation massive:<br \/>\n&#8211; formation pour la RCP des adultes et des enfants avec un seul mannequin<br \/>\n&#8211; s\u00e9lecteur \u00e0 3 positions: adultes, enfants, tests<br \/>\n&#8211; syst\u00e8me r\u00e9aliste des fonctions respiratoires<br \/>\n&#8211; manoeuvre de subluxation de la m\u00e2choire<br \/>\n&#8211; formation DAE<\/p>\n<p>Comprenant: 4 mannequins Practi-man, 20 poumons, 8 soupapes, 1 sac pour le transport avec tapis.<\/p>\n<p>Mode d\u2019emploi multilingue: GB, FR*, IT, ES*, PT*, DE*<br \/>\n(*uniquement sur www.gimaitaly.com)<\/p>\n","protected":false},"excerpt":{"rendered":"<p>4 MANNEQUINS CPR PRACTI-MAN ADVANCE Mannequins RCP pour une formation massive: &#8211; formation pour la RCP des adultes et des enfants avec un seul mannequin &#8211; s\u00e9lecteur \u00e0 3 positions: adultes, enfants, tests &#8211; syst\u00e8me r\u00e9aliste des fonctions respiratoires &#8211; manoeuvre de subluxation de la m\u00e2choire &#8211; formation DAE Comprenant: 4 mannequins Practi-man, 20 poumons, [&hellip;]<\/p>\n","protected":false},"featured_media":33658,"comment_status":"open","ping_status":"closed","template":"","meta":[],"product_brand":[],"product_cat":[166],"product_tag":[],"class_list":{"0":"post-33659","1":"product","2":"type-product","3":"status-publish","4":"has-post-thumbnail","6":"product_cat-equipements-medicaux-et-chirurgicaux","8":"first","9":"instock","10":"taxable","11":"shipping-taxable","12":"purchasable","13":"product-type-simple"},"_links":{"self":[{"href":"https:\/\/promatmedical.com\/fr\/wp-json\/wp\/v2\/product\/33659","targetHints":{"allow":["GET"]}}],"collection":[{"href":"https:\/\/promatmedical.com\/fr\/wp-json\/wp\/v2\/product"}],"about":[{"href":"https:\/\/promatmedical.com\/fr\/wp-json\/wp\/v2\/types\/product"}],"replies":[{"embeddable":true,"href":"https:\/\/promatmedical.com\/fr\/wp-json\/wp\/v2\/comments?post=33659"}],"wp:featuredmedia":[{"embeddable":true,"href":"https:\/\/promatmedical.com\/fr\/wp-json\/wp\/v2\/media\/33658"}],"wp:attachment":[{"href":"https:\/\/promatmedical.com\/fr\/wp-json\/wp\/v2\/media?parent=33659"}],"wp:term":[{"taxonomy":"product_brand","embeddable":true,"href":"https:\/\/promatmedical.com\/fr\/wp-json\/wp\/v2\/product_brand?post=33659"},{"taxonomy":"product_cat","embeddable":true,"href":"https:\/\/promatmedical.com\/fr\/wp-json\/wp\/v2\/product_cat?post=33659"},{"taxonomy":"product_tag","embeddable":true,"href":"https:\/\/promatmedical.com\/fr\/wp-json\/wp\/v2\/product_tag?post=33659"}],"curies":[{"name":"wp","href":"https:\/\/api.w.org\/{rel}","templated":true}]}}