{"id":33667,"date":"2025-03-21T11:40:17","date_gmt":"2025-03-21T10:40:17","guid":{"rendered":"https:\/\/promatmedical.com\/bj\/produit\/little-anne-qcpr-laerdal-123-01050\/"},"modified":"2025-03-21T11:40:17","modified_gmt":"2025-03-21T10:40:17","slug":"little-anne-qcpr-laerdal-123-01050","status":"publish","type":"product","link":"https:\/\/promatmedical.com\/fr\/produit\/little-anne-qcpr-laerdal-123-01050\/","title":{"rendered":"Little anne qcpr laerdal &#8211; 123-01050"},"content":{"rendered":"<p>LAERDAL LITTLE ANNE QCPR &#8211; 123-01050<\/p>\n<p>\u00c9quip\u00e9 de la technologie de feedback QCPR, qui permet aux formateurs d&#8217;am\u00e9liorer la qualit\u00e9, l&#8217;efficacit\u00e9 et la motivation des apprenants lors d&#8217;une formation \u00e0 la RCP.<br \/>\nConform\u00e9ment aux recommandations actuelles, ils fournissent des donn\u00e9es sur le taux et la profondeur des compressions thoraciques, le rel\u00e2chement total de la pression, le temps de pause de la RCP et la ventilation \u00e0 travers la nuovelle Appli QCPR Training; Skill Guide disponibile moyennant c\u00e2ble RC.<\/p>\n<p>Livr\u00e9 avec:<br \/>\n&#8211; Little Anne QCPR (mannequin, 2 masques de visage, 2 voies a\u00e9riennes)<br \/>\n&#8211; 6 lingettes de mannequin<br \/>\n&#8211; veste<br \/>\n&#8211; \u00e9tui de transport souple\/tapis d\u2019entra\u00eenement<\/p>\n","protected":false},"excerpt":{"rendered":"<p>LAERDAL LITTLE ANNE QCPR &#8211; 123-01050 \u00c9quip\u00e9 de la technologie de feedback QCPR, qui permet aux formateurs d&#8217;am\u00e9liorer la qualit\u00e9, l&#8217;efficacit\u00e9 et la motivation des apprenants lors d&#8217;une formation \u00e0 la RCP. Conform\u00e9ment aux recommandations actuelles, ils fournissent des donn\u00e9es sur le taux et la profondeur des compressions thoraciques, le rel\u00e2chement total de la pression, [&hellip;]<\/p>\n","protected":false},"featured_media":33666,"comment_status":"open","ping_status":"closed","template":"","meta":[],"product_brand":[],"product_cat":[166],"product_tag":[],"class_list":{"0":"post-33667","1":"product","2":"type-product","3":"status-publish","4":"has-post-thumbnail","6":"product_cat-equipements-medicaux-et-chirurgicaux","8":"first","9":"instock","10":"taxable","11":"shipping-taxable","12":"purchasable","13":"product-type-simple"},"_links":{"self":[{"href":"https:\/\/promatmedical.com\/fr\/wp-json\/wp\/v2\/product\/33667","targetHints":{"allow":["GET"]}}],"collection":[{"href":"https:\/\/promatmedical.com\/fr\/wp-json\/wp\/v2\/product"}],"about":[{"href":"https:\/\/promatmedical.com\/fr\/wp-json\/wp\/v2\/types\/product"}],"replies":[{"embeddable":true,"href":"https:\/\/promatmedical.com\/fr\/wp-json\/wp\/v2\/comments?post=33667"}],"wp:featuredmedia":[{"embeddable":true,"href":"https:\/\/promatmedical.com\/fr\/wp-json\/wp\/v2\/media\/33666"}],"wp:attachment":[{"href":"https:\/\/promatmedical.com\/fr\/wp-json\/wp\/v2\/media?parent=33667"}],"wp:term":[{"taxonomy":"product_brand","embeddable":true,"href":"https:\/\/promatmedical.com\/fr\/wp-json\/wp\/v2\/product_brand?post=33667"},{"taxonomy":"product_cat","embeddable":true,"href":"https:\/\/promatmedical.com\/fr\/wp-json\/wp\/v2\/product_cat?post=33667"},{"taxonomy":"product_tag","embeddable":true,"href":"https:\/\/promatmedical.com\/fr\/wp-json\/wp\/v2\/product_tag?post=33667"}],"curies":[{"name":"wp","href":"https:\/\/api.w.org\/{rel}","templated":true}]}}