{"id":33676,"date":"2025-03-21T11:41:07","date_gmt":"2025-03-21T10:41:07","guid":{"rendered":"https:\/\/promatmedical.com\/bj\/produit\/gaines-de-protection-pour-56530\/"},"modified":"2025-03-21T11:41:07","modified_gmt":"2025-03-21T10:41:07","slug":"gaines-de-protection-pour-56530","status":"publish","type":"product","link":"https:\/\/promatmedical.com\/fr\/produit\/gaines-de-protection-pour-56530\/","title":{"rendered":"Gaines de protection pour 56530"},"content":{"rendered":"<p>Gaine de protection pour dispositif de r\u00e9animation Chest-eR code 56530<\/p>\n<p>&#8211; Bo\u00eete de 30<\/p>\n<p>Il garantit une hygi\u00e8ne absolue et \u00e9vite tout risque d&#8217;infection.<\/p>\n","protected":false},"excerpt":{"rendered":"<p>Gaine de protection pour dispositif de r\u00e9animation Chest-eR code 56530 &#8211; Bo\u00eete de 30 Il garantit une hygi\u00e8ne absolue et \u00e9vite tout risque d&#8217;infection.<\/p>\n","protected":false},"featured_media":18466,"comment_status":"open","ping_status":"closed","template":"","meta":[],"product_brand":[],"product_cat":[166],"product_tag":[],"class_list":{"0":"post-33676","1":"product","2":"type-product","3":"status-publish","4":"has-post-thumbnail","6":"product_cat-equipements-medicaux-et-chirurgicaux","8":"first","9":"instock","10":"taxable","11":"shipping-taxable","12":"purchasable","13":"product-type-simple"},"_links":{"self":[{"href":"https:\/\/promatmedical.com\/fr\/wp-json\/wp\/v2\/product\/33676","targetHints":{"allow":["GET"]}}],"collection":[{"href":"https:\/\/promatmedical.com\/fr\/wp-json\/wp\/v2\/product"}],"about":[{"href":"https:\/\/promatmedical.com\/fr\/wp-json\/wp\/v2\/types\/product"}],"replies":[{"embeddable":true,"href":"https:\/\/promatmedical.com\/fr\/wp-json\/wp\/v2\/comments?post=33676"}],"wp:featuredmedia":[{"embeddable":true,"href":"https:\/\/promatmedical.com\/fr\/wp-json\/wp\/v2\/media\/18466"}],"wp:attachment":[{"href":"https:\/\/promatmedical.com\/fr\/wp-json\/wp\/v2\/media?parent=33676"}],"wp:term":[{"taxonomy":"product_brand","embeddable":true,"href":"https:\/\/promatmedical.com\/fr\/wp-json\/wp\/v2\/product_brand?post=33676"},{"taxonomy":"product_cat","embeddable":true,"href":"https:\/\/promatmedical.com\/fr\/wp-json\/wp\/v2\/product_cat?post=33676"},{"taxonomy":"product_tag","embeddable":true,"href":"https:\/\/promatmedical.com\/fr\/wp-json\/wp\/v2\/product_tag?post=33676"}],"curies":[{"name":"wp","href":"https:\/\/api.w.org\/{rel}","templated":true}]}}