{"id":33680,"date":"2025-03-21T11:41:22","date_gmt":"2025-03-21T10:41:22","guid":{"rendered":"https:\/\/promatmedical.com\/bj\/produit\/eponge-du-filtre-a-air-pour-56600-rechange\/"},"modified":"2025-03-21T11:41:22","modified_gmt":"2025-03-21T10:41:22","slug":"eponge-du-filtre-a-air-pour-56600-rechange","status":"publish","type":"product","link":"https:\/\/promatmedical.com\/fr\/produit\/eponge-du-filtre-a-air-pour-56600-rechange\/","title":{"rendered":"\u00c9ponge du filtre \u00e0 air pour 56600 &#8211; rechange"},"content":{"rendered":"<p>\u00c9ponge du filtre \u00e0 air &#8211; rechange<\/p>\n","protected":false},"excerpt":{"rendered":"<p>\u00c9ponge du filtre \u00e0 air &#8211; rechange<\/p>\n","protected":false},"featured_media":33679,"comment_status":"open","ping_status":"closed","template":"","meta":[],"product_brand":[],"product_cat":[166],"product_tag":[],"class_list":{"0":"post-33680","1":"product","2":"type-product","3":"status-publish","4":"has-post-thumbnail","6":"product_cat-equipements-medicaux-et-chirurgicaux","8":"first","9":"instock","10":"taxable","11":"shipping-taxable","12":"purchasable","13":"product-type-simple"},"_links":{"self":[{"href":"https:\/\/promatmedical.com\/fr\/wp-json\/wp\/v2\/product\/33680","targetHints":{"allow":["GET"]}}],"collection":[{"href":"https:\/\/promatmedical.com\/fr\/wp-json\/wp\/v2\/product"}],"about":[{"href":"https:\/\/promatmedical.com\/fr\/wp-json\/wp\/v2\/types\/product"}],"replies":[{"embeddable":true,"href":"https:\/\/promatmedical.com\/fr\/wp-json\/wp\/v2\/comments?post=33680"}],"wp:featuredmedia":[{"embeddable":true,"href":"https:\/\/promatmedical.com\/fr\/wp-json\/wp\/v2\/media\/33679"}],"wp:attachment":[{"href":"https:\/\/promatmedical.com\/fr\/wp-json\/wp\/v2\/media?parent=33680"}],"wp:term":[{"taxonomy":"product_brand","embeddable":true,"href":"https:\/\/promatmedical.com\/fr\/wp-json\/wp\/v2\/product_brand?post=33680"},{"taxonomy":"product_cat","embeddable":true,"href":"https:\/\/promatmedical.com\/fr\/wp-json\/wp\/v2\/product_cat?post=33680"},{"taxonomy":"product_tag","embeddable":true,"href":"https:\/\/promatmedical.com\/fr\/wp-json\/wp\/v2\/product_tag?post=33680"}],"curies":[{"name":"wp","href":"https:\/\/api.w.org\/{rel}","templated":true}]}}