{"id":33689,"date":"2025-03-21T11:42:14","date_gmt":"2025-03-21T10:42:14","guid":{"rendered":"https:\/\/promatmedical.com\/bj\/produit\/sonde-cs-pour-3eme-phalange-pour-56800-optionnelle-necessite-56805\/"},"modified":"2025-03-21T11:42:14","modified_gmt":"2025-03-21T10:42:14","slug":"sonde-cs-pour-3eme-phalange-pour-56800-optionnelle-necessite-56805","status":"publish","type":"product","link":"https:\/\/promatmedical.com\/fr\/produit\/sonde-cs-pour-3eme-phalange-pour-56800-optionnelle-necessite-56805\/","title":{"rendered":"Sonde cs pour 3\u00e8me phalange pour 56800 &#8211; optionnelle, n\u00e9cessite 56805"},"content":{"rendered":"<p>SONDE CS pour 3\u00e8me phalange &#8211; en option, n\u00e9cessite 56805<\/p>\n","protected":false},"excerpt":{"rendered":"<p>SONDE CS pour 3\u00e8me phalange &#8211; en option, n\u00e9cessite 56805<\/p>\n","protected":false},"featured_media":33688,"comment_status":"open","ping_status":"closed","template":"","meta":[],"product_brand":[],"product_cat":[166],"product_tag":[],"class_list":{"0":"post-33689","1":"product","2":"type-product","3":"status-publish","4":"has-post-thumbnail","6":"product_cat-equipements-medicaux-et-chirurgicaux","8":"first","9":"instock","10":"taxable","11":"shipping-taxable","12":"purchasable","13":"product-type-simple"},"_links":{"self":[{"href":"https:\/\/promatmedical.com\/fr\/wp-json\/wp\/v2\/product\/33689","targetHints":{"allow":["GET"]}}],"collection":[{"href":"https:\/\/promatmedical.com\/fr\/wp-json\/wp\/v2\/product"}],"about":[{"href":"https:\/\/promatmedical.com\/fr\/wp-json\/wp\/v2\/types\/product"}],"replies":[{"embeddable":true,"href":"https:\/\/promatmedical.com\/fr\/wp-json\/wp\/v2\/comments?post=33689"}],"wp:featuredmedia":[{"embeddable":true,"href":"https:\/\/promatmedical.com\/fr\/wp-json\/wp\/v2\/media\/33688"}],"wp:attachment":[{"href":"https:\/\/promatmedical.com\/fr\/wp-json\/wp\/v2\/media?parent=33689"}],"wp:term":[{"taxonomy":"product_brand","embeddable":true,"href":"https:\/\/promatmedical.com\/fr\/wp-json\/wp\/v2\/product_brand?post=33689"},{"taxonomy":"product_cat","embeddable":true,"href":"https:\/\/promatmedical.com\/fr\/wp-json\/wp\/v2\/product_cat?post=33689"},{"taxonomy":"product_tag","embeddable":true,"href":"https:\/\/promatmedical.com\/fr\/wp-json\/wp\/v2\/product_tag?post=33689"}],"curies":[{"name":"wp","href":"https:\/\/api.w.org\/{rel}","templated":true}]}}