{"id":33707,"date":"2025-03-21T11:43:54","date_gmt":"2025-03-21T10:43:54","guid":{"rendered":"https:\/\/promatmedical.com\/bj\/produit\/masque-larynge-jetable-pvc-n-2\/"},"modified":"2025-03-21T11:43:54","modified_gmt":"2025-03-21T10:43:54","slug":"masque-larynge-jetable-pvc-n-2","status":"publish","type":"product","link":"https:\/\/promatmedical.com\/fr\/produit\/masque-larynge-jetable-pvc-n-2\/","title":{"rendered":"Masque laryng\u00e9 jetable pvc n\u00b0 2"},"content":{"rendered":"<p>MASQUES LARYNG\u00c9S JETABLES EN PVC<\/p>\n<p>Masque laryng\u00e9 N. 2,0<br \/>\nPoids du patient: 10 &#8211; 20 kg<br \/>\nVolume gonflage bourrele: 10 ml<br \/>\nLongueur tube: 120 mm<\/p>\n<p>Con\u00e7us pour anesth\u00e9sie et m\u00e9decine d&#8217;urgence pour g\u00e9rer les voies a\u00e9riennes, r\u00e9duisant la douleur et la toux. Tube avec bourrelet gonflable \u00e0 introduire dans le pharynx. Masque en PVC compos\u00e9 de: tube respiratoire, masque laryng\u00e9, connecteur, tube de gonflage, valve, ballonnet pilote, valve de d\u00e9gonflage et dos annex\u00e9.<\/p>\n<p>&#8211; permettent un acc\u00e8s rapide<br \/>\n&#8211; pr\u00e9parent les voies a\u00e9riennes pour la ventilation spontan\u00e9e ou contr\u00f4l\u00e9e<br \/>\n&#8211; tol\u00e9r\u00e9s aux stades d&#8217;anesth\u00e9sie les plus l\u00e9gers<br \/>\n&#8211; st\u00e9riles et sans latex<\/p>\n","protected":false},"excerpt":{"rendered":"<p>MASQUES LARYNG\u00c9S JETABLES EN PVC Masque laryng\u00e9 N. 2,0 Poids du patient: 10 &#8211; 20 kg Volume gonflage bourrele: 10 ml Longueur tube: 120 mm Con\u00e7us pour anesth\u00e9sie et m\u00e9decine d&#8217;urgence pour g\u00e9rer les voies a\u00e9riennes, r\u00e9duisant la douleur et la toux. Tube avec bourrelet gonflable \u00e0 introduire dans le pharynx. Masque en PVC compos\u00e9 [&hellip;]<\/p>\n","protected":false},"featured_media":33706,"comment_status":"open","ping_status":"closed","template":"","meta":[],"product_brand":[],"product_cat":[166],"product_tag":[],"class_list":{"0":"post-33707","1":"product","2":"type-product","3":"status-publish","4":"has-post-thumbnail","6":"product_cat-equipements-medicaux-et-chirurgicaux","8":"first","9":"instock","10":"taxable","11":"shipping-taxable","12":"purchasable","13":"product-type-simple"},"_links":{"self":[{"href":"https:\/\/promatmedical.com\/fr\/wp-json\/wp\/v2\/product\/33707","targetHints":{"allow":["GET"]}}],"collection":[{"href":"https:\/\/promatmedical.com\/fr\/wp-json\/wp\/v2\/product"}],"about":[{"href":"https:\/\/promatmedical.com\/fr\/wp-json\/wp\/v2\/types\/product"}],"replies":[{"embeddable":true,"href":"https:\/\/promatmedical.com\/fr\/wp-json\/wp\/v2\/comments?post=33707"}],"wp:featuredmedia":[{"embeddable":true,"href":"https:\/\/promatmedical.com\/fr\/wp-json\/wp\/v2\/media\/33706"}],"wp:attachment":[{"href":"https:\/\/promatmedical.com\/fr\/wp-json\/wp\/v2\/media?parent=33707"}],"wp:term":[{"taxonomy":"product_brand","embeddable":true,"href":"https:\/\/promatmedical.com\/fr\/wp-json\/wp\/v2\/product_brand?post=33707"},{"taxonomy":"product_cat","embeddable":true,"href":"https:\/\/promatmedical.com\/fr\/wp-json\/wp\/v2\/product_cat?post=33707"},{"taxonomy":"product_tag","embeddable":true,"href":"https:\/\/promatmedical.com\/fr\/wp-json\/wp\/v2\/product_tag?post=33707"}],"curies":[{"name":"wp","href":"https:\/\/api.w.org\/{rel}","templated":true}]}}