{"id":33723,"date":"2025-03-21T11:45:40","date_gmt":"2025-03-21T10:45:40","guid":{"rendered":"https:\/\/promatmedical.com\/bj\/produit\/masque-larynge-jetable-ambu-auragain-n-6\/"},"modified":"2025-03-21T11:45:40","modified_gmt":"2025-03-21T10:45:40","slug":"masque-larynge-jetable-ambu-auragain-n-6","status":"publish","type":"product","link":"https:\/\/promatmedical.com\/fr\/produit\/masque-larynge-jetable-ambu-auragain-n-6\/","title":{"rendered":"Masque laryng\u00e9 jetable ambu auragain n\u00b0 6"},"content":{"rendered":"<p>MASQUE LARYNG\u00c9 JETABLE AMBU\u00ae AURAGAIN\u2122<\/p>\n<p>\u2022 Masque laryng\u00e9 N 6<br \/>\n\u2022 Poids du patient: >100 kg<br \/>\n\u2022 Sondes ET max (\u00d8 max de la sonde endotrach\u00e9ale): 8,0 mm<br \/>\n\u2022 Sonde gastrique max: 16 FR<br \/>\n\u2022 Volume max de gonflage du bourrelet: 50 ml<\/p>\n<p>AuraGain r\u00e9pond aux 3 besoins fondamentaux de gestion des voies a\u00e9riennes en alliant l\u2019acc\u00e8s gastrique et la possibilit\u00e9 d\u2019intubation dans un dispositif \u00e0 usage unique, \u00e0 courbure anatomique qui permet la mise en place rapide et facile d\u2019une voie a\u00e9rienne s\u00fbre.<\/p>\n<p>\u2022 Mise en place rapide<br \/>\nLa courbure douce de AuraGain, pr\u00e9form\u00e9e afin de suivre l\u2019anatomie des voies a\u00e9riennes humaines, garantit une mise en place rapide et une performance \u00e0 long terme. Le bourrelet fin et souple est con\u00e7u pour fournir des pressions d\u2019\u00e9tanch\u00e9it\u00e9 \u00e9lev\u00e9es.<\/p>\n<p>\u2022 Contr\u00f4le gastrique<br \/>\nLe canal d\u2019acc\u00e8s gastrique int\u00e9gr\u00e9 est con\u00e7u avec une surface int\u00e9rieure \u00e0 faible friction qui facilite la mise en place d\u2019une sonde gastrique, afin depermettre la gestion active et passive du contenu gastrique et d\u2019emp\u00eacher l\u2019insufflation gastrique.<\/p>\n<p>\u2022 Possibilit\u00e9 d\u2019intubation int\u00e9gr\u00e9e<br \/>\nAuraGain offre, comme fonction de s\u00e9curit\u00e9 avanc\u00e9e, la possibilit\u00e9 d\u2019intubation. Cela signifie qu\u2019en cas de voie a\u00e9rienne difficile inattendue ou de situation CI-CV (intubation impossible &#8211; ventilation impossible), lorsque la seule issue consiste \u00e0 intuber le patient, AuraGain peut \u00eatre utilis\u00e9 comme conduit pour une intubation endotrach\u00e9ale assist\u00e9e par un vid\u00e9oscope souple.<\/p>\n<p>\u2022 Polyvalence extr\u00eame<br \/>\nUne mise en place rapide, une pression d\u2019\u00e9tanch\u00e9it\u00e9 \u00e9lev\u00e9e, l\u2019acc\u00e8s gastrique et la possibilit\u00e9 d\u2019intuber font d\u2019AuraGain le choix s\u00fbr et \u00e9vident pour toutes les proc\u00e9dures n\u00e9cessitant un masque laryng\u00e9.<\/p>\n<p>AMBU\u00ae AURAGAIN\u2122 VENTILATION, INTUBATION, ACC\u00c8S GASTRIQUE<br \/>\nZone d\u2019absorption de la pression dentaire, rep\u00e8res utiles et informations sur la taille des accessoires.<br \/>\nRep\u00e8res de navigation pour le guidage du vid\u00e9oscope flexible.<br \/>\nIntubation endotrach\u00e9ale directe \u00e0 l\u2019aide d\u2019un vid\u00e9oscope flexible et de sondes endotrach\u00e9ales standard.<br \/>\nCourbure anatomique originale garantissant une insertion rapide.<br \/>\nBourrelet souple gonflable pour pressions d\u2019\u00e9tanch\u00e9it\u00e9 \u00e9lev\u00e9es.<\/p>\n","protected":false},"excerpt":{"rendered":"<p>MASQUE LARYNG\u00c9 JETABLE AMBU\u00ae AURAGAIN\u2122 \u2022 Masque laryng\u00e9 N 6 \u2022 Poids du patient: >100 kg \u2022 Sondes ET max (\u00d8 max de la sonde endotrach\u00e9ale): 8,0 mm \u2022 Sonde gastrique max: 16 FR \u2022 Volume max de gonflage du bourrelet: 50 ml AuraGain r\u00e9pond aux 3 besoins fondamentaux de gestion des voies a\u00e9riennes en [&hellip;]<\/p>\n","protected":false},"featured_media":18466,"comment_status":"open","ping_status":"closed","template":"","meta":[],"product_brand":[],"product_cat":[166],"product_tag":[],"class_list":{"0":"post-33723","1":"product","2":"type-product","3":"status-publish","4":"has-post-thumbnail","6":"product_cat-equipements-medicaux-et-chirurgicaux","8":"first","9":"instock","10":"taxable","11":"shipping-taxable","12":"purchasable","13":"product-type-simple"},"_links":{"self":[{"href":"https:\/\/promatmedical.com\/fr\/wp-json\/wp\/v2\/product\/33723","targetHints":{"allow":["GET"]}}],"collection":[{"href":"https:\/\/promatmedical.com\/fr\/wp-json\/wp\/v2\/product"}],"about":[{"href":"https:\/\/promatmedical.com\/fr\/wp-json\/wp\/v2\/types\/product"}],"replies":[{"embeddable":true,"href":"https:\/\/promatmedical.com\/fr\/wp-json\/wp\/v2\/comments?post=33723"}],"wp:featuredmedia":[{"embeddable":true,"href":"https:\/\/promatmedical.com\/fr\/wp-json\/wp\/v2\/media\/18466"}],"wp:attachment":[{"href":"https:\/\/promatmedical.com\/fr\/wp-json\/wp\/v2\/media?parent=33723"}],"wp:term":[{"taxonomy":"product_brand","embeddable":true,"href":"https:\/\/promatmedical.com\/fr\/wp-json\/wp\/v2\/product_brand?post=33723"},{"taxonomy":"product_cat","embeddable":true,"href":"https:\/\/promatmedical.com\/fr\/wp-json\/wp\/v2\/product_cat?post=33723"},{"taxonomy":"product_tag","embeddable":true,"href":"https:\/\/promatmedical.com\/fr\/wp-json\/wp\/v2\/product_tag?post=33723"}],"curies":[{"name":"wp","href":"https:\/\/api.w.org\/{rel}","templated":true}]}}