{"id":33731,"date":"2025-03-21T11:46:18","date_gmt":"2025-03-21T10:46:18","guid":{"rendered":"https:\/\/promatmedical.com\/bj\/produit\/sonde-endotracheale-a-ballonnet-diametre-3-mm\/"},"modified":"2025-03-21T11:46:18","modified_gmt":"2025-03-21T10:46:18","slug":"sonde-endotracheale-a-ballonnet-diametre-3-mm","status":"publish","type":"product","link":"https:\/\/promatmedical.com\/fr\/produit\/sonde-endotracheale-a-ballonnet-diametre-3-mm\/","title":{"rendered":"Sonde endotrach\u00e9ale \u00e0 ballonnet diam\u00e8tre 3 mm"},"content":{"rendered":"<p>SONDES ENDOTRACH\u00c9ALES EN PVC \u00c0 BOURRELET &#8211; st\u00e9riles<\/p>\n<p>Sonde endotrach\u00e9ale \u00e0 bourrelet \u00d8 3,0 mm<br \/>\nLongueur tube: 17,0 cm<\/p>\n<p>Parois solides pour garantir une ventilation ad\u00e9quate \u00e0 tous les patients.<br \/>\nLa vari\u00e9t\u00e9 des dimensions garantit des voies a\u00e9riennes s\u00fbres lors de toute l&#8217;op\u00e9ration chirurgicale.<\/p>\n<p>&#8211; bourrelet cylindrique \u00e0 volume \u00e9lev\u00e9 et pression basse<br \/>\n&#8211; ballonnet pilote sensible<br \/>\n&#8211; bourrelet thermosoud\u00e9 soigneusement<br \/>\n&#8211; extr\u00e9mit\u00e9s arrondies<br \/>\n&#8211; lignes radiopaques r\u00e9sistantes aux fractures<br \/>\n&#8211; yeux de Murphy lisses<br \/>\n&#8211; tubes thermosensibles r\u00e9sistants au tortillement<\/p>\n","protected":false},"excerpt":{"rendered":"<p>SONDES ENDOTRACH\u00c9ALES EN PVC \u00c0 BOURRELET &#8211; st\u00e9riles Sonde endotrach\u00e9ale \u00e0 bourrelet \u00d8 3,0 mm Longueur tube: 17,0 cm Parois solides pour garantir une ventilation ad\u00e9quate \u00e0 tous les patients. La vari\u00e9t\u00e9 des dimensions garantit des voies a\u00e9riennes s\u00fbres lors de toute l&#8217;op\u00e9ration chirurgicale. &#8211; bourrelet cylindrique \u00e0 volume \u00e9lev\u00e9 et pression basse &#8211; ballonnet [&hellip;]<\/p>\n","protected":false},"featured_media":33730,"comment_status":"open","ping_status":"closed","template":"","meta":[],"product_brand":[],"product_cat":[166],"product_tag":[],"class_list":{"0":"post-33731","1":"product","2":"type-product","3":"status-publish","4":"has-post-thumbnail","6":"product_cat-equipements-medicaux-et-chirurgicaux","8":"first","9":"instock","10":"taxable","11":"shipping-taxable","12":"purchasable","13":"product-type-simple"},"_links":{"self":[{"href":"https:\/\/promatmedical.com\/fr\/wp-json\/wp\/v2\/product\/33731","targetHints":{"allow":["GET"]}}],"collection":[{"href":"https:\/\/promatmedical.com\/fr\/wp-json\/wp\/v2\/product"}],"about":[{"href":"https:\/\/promatmedical.com\/fr\/wp-json\/wp\/v2\/types\/product"}],"replies":[{"embeddable":true,"href":"https:\/\/promatmedical.com\/fr\/wp-json\/wp\/v2\/comments?post=33731"}],"wp:featuredmedia":[{"embeddable":true,"href":"https:\/\/promatmedical.com\/fr\/wp-json\/wp\/v2\/media\/33730"}],"wp:attachment":[{"href":"https:\/\/promatmedical.com\/fr\/wp-json\/wp\/v2\/media?parent=33731"}],"wp:term":[{"taxonomy":"product_brand","embeddable":true,"href":"https:\/\/promatmedical.com\/fr\/wp-json\/wp\/v2\/product_brand?post=33731"},{"taxonomy":"product_cat","embeddable":true,"href":"https:\/\/promatmedical.com\/fr\/wp-json\/wp\/v2\/product_cat?post=33731"},{"taxonomy":"product_tag","embeddable":true,"href":"https:\/\/promatmedical.com\/fr\/wp-json\/wp\/v2\/product_tag?post=33731"}],"curies":[{"name":"wp","href":"https:\/\/api.w.org\/{rel}","templated":true}]}}