{"id":33769,"date":"2025-03-21T11:49:27","date_gmt":"2025-03-21T10:49:27","guid":{"rendered":"https:\/\/promatmedical.com\/bj\/produit\/canule-de-tracheotomie-a-ballonnet-diametre-7-mm\/"},"modified":"2025-03-21T11:49:27","modified_gmt":"2025-03-21T10:49:27","slug":"canule-de-tracheotomie-a-ballonnet-diametre-7-mm","status":"publish","type":"product","link":"https:\/\/promatmedical.com\/fr\/produit\/canule-de-tracheotomie-a-ballonnet-diametre-7-mm\/","title":{"rendered":"Canule de trach\u00e9otomie \u00e0 ballonnet diam\u00e8tre 7 mm"},"content":{"rendered":"<p>Canules de trach\u00e9otomie avec ballonnet \u00d8 7,0 mm<\/p>\n<p>Canules courb\u00e9es con\u00e7ues pour \u00e9tablir rapidement une voie a\u00e9rienne au bout de quelques secondes en cas d&#8217;urgence, moyennant leur introduction dans une stomie, une ouverture cr\u00e9\u00e9e dans le cou et la trach\u00e9e.<br \/>\nLa canule creuse, avec ou sans ballonnet, est ins\u00e9r\u00e9e directement dans la trach\u00e9e \u00e0 travers une incision chirurgicale, en utilisant une technique de dilatation progressive filoguid\u00e9e.<\/p>\n<p>&#8211; canules en PVC de qualit\u00e9 m\u00e9dicale, non toxique, transparent et r\u00e9sistant au tortillement pour prot\u00e9ger le tissu d\u00e9licat des muqueuses<br \/>\n&#8211; la pointe arrondie et lisse de l&#8217;obturateur r\u00e9duit le risque de traumatisme pendant l&#8217;insertion<br \/>\n&#8211; plaque de cou avec taille imprim\u00e9e pour faciliter l&#8217;identification<br \/>\n&#8211; connecteur standard<br \/>\n&#8211; la ligne radio-opaque permet de d\u00e9terminer la position exacte de la canule<\/p>\n<p>Les canules comprennent: ballonnet, ligne de gonflage, valve, ballon pilote, obturateur, plaque de cou, connecteur et bandes de fixation.<br \/>\nSt\u00e9riles, patient unique. Classe IIa. Sans DEHP.<br \/>\nFabriqu\u00e9es sans caoutchouc naturel ou latex.<\/p>\n<p>Caract\u00e9ristiques suppl\u00e9mentaires des canules de trach\u00e9otomie avec ballonnet<br \/>\n&#8211; le ballonnet basse pression de grand volume garantit l\u2019\u00e9tanch\u00e9it\u00e9 \u00e0 basse pression<br \/>\n&#8211; le ballonnet souple, \u00e0 parois minces, garantit l&#8217;\u00e9tanch\u00e9it\u00e9 et l&#8217;intubation et l&#8217;extubation atraumatiques<br \/>\n&#8211; valve anti-retour efficiente pour gonfler et d\u00e9gonfler le ballonnet<\/p>\n","protected":false},"excerpt":{"rendered":"<p>Canules de trach\u00e9otomie avec ballonnet \u00d8 7,0 mm Canules courb\u00e9es con\u00e7ues pour \u00e9tablir rapidement une voie a\u00e9rienne au bout de quelques secondes en cas d&#8217;urgence, moyennant leur introduction dans une stomie, une ouverture cr\u00e9\u00e9e dans le cou et la trach\u00e9e. La canule creuse, avec ou sans ballonnet, est ins\u00e9r\u00e9e directement dans la trach\u00e9e \u00e0 travers [&hellip;]<\/p>\n","protected":false},"featured_media":33768,"comment_status":"open","ping_status":"closed","template":"","meta":[],"product_brand":[],"product_cat":[166],"product_tag":[],"class_list":{"0":"post-33769","1":"product","2":"type-product","3":"status-publish","4":"has-post-thumbnail","6":"product_cat-equipements-medicaux-et-chirurgicaux","8":"first","9":"instock","10":"taxable","11":"shipping-taxable","12":"purchasable","13":"product-type-simple"},"_links":{"self":[{"href":"https:\/\/promatmedical.com\/fr\/wp-json\/wp\/v2\/product\/33769","targetHints":{"allow":["GET"]}}],"collection":[{"href":"https:\/\/promatmedical.com\/fr\/wp-json\/wp\/v2\/product"}],"about":[{"href":"https:\/\/promatmedical.com\/fr\/wp-json\/wp\/v2\/types\/product"}],"replies":[{"embeddable":true,"href":"https:\/\/promatmedical.com\/fr\/wp-json\/wp\/v2\/comments?post=33769"}],"wp:featuredmedia":[{"embeddable":true,"href":"https:\/\/promatmedical.com\/fr\/wp-json\/wp\/v2\/media\/33768"}],"wp:attachment":[{"href":"https:\/\/promatmedical.com\/fr\/wp-json\/wp\/v2\/media?parent=33769"}],"wp:term":[{"taxonomy":"product_brand","embeddable":true,"href":"https:\/\/promatmedical.com\/fr\/wp-json\/wp\/v2\/product_brand?post=33769"},{"taxonomy":"product_cat","embeddable":true,"href":"https:\/\/promatmedical.com\/fr\/wp-json\/wp\/v2\/product_cat?post=33769"},{"taxonomy":"product_tag","embeddable":true,"href":"https:\/\/promatmedical.com\/fr\/wp-json\/wp\/v2\/product_tag?post=33769"}],"curies":[{"name":"wp","href":"https:\/\/api.w.org\/{rel}","templated":true}]}}