{"id":33799,"date":"2025-03-21T11:52:23","date_gmt":"2025-03-21T10:52:23","guid":{"rendered":"https:\/\/promatmedical.com\/bj\/produit\/masque-facial-individuel-ultra-pour-patient-n-4-adulte-moyen\/"},"modified":"2025-03-21T11:52:23","modified_gmt":"2025-03-21T10:52:23","slug":"masque-facial-individuel-ultra-pour-patient-n-4-adulte-moyen","status":"publish","type":"product","link":"https:\/\/promatmedical.com\/fr\/produit\/masque-facial-individuel-ultra-pour-patient-n-4-adulte-moyen\/","title":{"rendered":"Masque facial individuel ultra pour patient n.4 &#8211; adulte moyen"},"content":{"rendered":"<p>Masque N\u00b04 \u2013 adulte M \u2013 rouge<\/p>\n<p>Adapt\u00e9s pour Kg: 60 &#8211; 110<\/p>\n<p>MASQUES ULTRA \u2013 ANESTH\u00c9SIE<\/p>\n<p>Masques jetables. Conception antid\u00e9rapante et forme anatomique pour une parfaite fixation.<br \/>\nTr\u00e8s haute visibilit\u00e9, ils adh\u00e8rent parfaitement. Dot\u00e9s de crochet.<br \/>\nQualit\u00e9 m\u00e9dicale sans PVC, sans phtalate. Sans latex.<\/p>\n","protected":false},"excerpt":{"rendered":"<p>Masque N\u00b04 \u2013 adulte M \u2013 rouge Adapt\u00e9s pour Kg: 60 &#8211; 110 MASQUES ULTRA \u2013 ANESTH\u00c9SIE Masques jetables. Conception antid\u00e9rapante et forme anatomique pour une parfaite fixation. Tr\u00e8s haute visibilit\u00e9, ils adh\u00e8rent parfaitement. Dot\u00e9s de crochet. Qualit\u00e9 m\u00e9dicale sans PVC, sans phtalate. Sans latex.<\/p>\n","protected":false},"featured_media":33798,"comment_status":"open","ping_status":"closed","template":"","meta":[],"product_brand":[],"product_cat":[166],"product_tag":[],"class_list":{"0":"post-33799","1":"product","2":"type-product","3":"status-publish","4":"has-post-thumbnail","6":"product_cat-equipements-medicaux-et-chirurgicaux","8":"first","9":"instock","10":"taxable","11":"shipping-taxable","12":"purchasable","13":"product-type-simple"},"_links":{"self":[{"href":"https:\/\/promatmedical.com\/fr\/wp-json\/wp\/v2\/product\/33799","targetHints":{"allow":["GET"]}}],"collection":[{"href":"https:\/\/promatmedical.com\/fr\/wp-json\/wp\/v2\/product"}],"about":[{"href":"https:\/\/promatmedical.com\/fr\/wp-json\/wp\/v2\/types\/product"}],"replies":[{"embeddable":true,"href":"https:\/\/promatmedical.com\/fr\/wp-json\/wp\/v2\/comments?post=33799"}],"wp:featuredmedia":[{"embeddable":true,"href":"https:\/\/promatmedical.com\/fr\/wp-json\/wp\/v2\/media\/33798"}],"wp:attachment":[{"href":"https:\/\/promatmedical.com\/fr\/wp-json\/wp\/v2\/media?parent=33799"}],"wp:term":[{"taxonomy":"product_brand","embeddable":true,"href":"https:\/\/promatmedical.com\/fr\/wp-json\/wp\/v2\/product_brand?post=33799"},{"taxonomy":"product_cat","embeddable":true,"href":"https:\/\/promatmedical.com\/fr\/wp-json\/wp\/v2\/product_cat?post=33799"},{"taxonomy":"product_tag","embeddable":true,"href":"https:\/\/promatmedical.com\/fr\/wp-json\/wp\/v2\/product_tag?post=33799"}],"curies":[{"name":"wp","href":"https:\/\/api.w.org\/{rel}","templated":true}]}}