{"id":33859,"date":"2025-03-21T11:58:50","date_gmt":"2025-03-21T10:58:50","guid":{"rendered":"https:\/\/promatmedical.com\/bj\/produit\/lame-mc-intosh-a-f-o-n-0-gima-maxlite-nouveau-ne\/"},"modified":"2025-03-21T11:58:50","modified_gmt":"2025-03-21T10:58:50","slug":"lame-mc-intosh-a-f-o-n-0-gima-maxlite-nouveau-ne","status":"publish","type":"product","link":"https:\/\/promatmedical.com\/fr\/produit\/lame-mc-intosh-a-f-o-n-0-gima-maxlite-nouveau-ne\/","title":{"rendered":"Lame mc intosh \u00e0 f.o. n\u00b0 0 &#8220;gima maxlite&#8221; &#8211; nouveau-n\u00e9"},"content":{"rendered":"<p>LAMES \u00c0 FIBRES OPTIQUES &#8220;GIMA MAXLITE&#8221;<\/p>\n<p>LAME Mc INTOSH N\u00b0 0 &#8211; Nouveau-n\u00e9<\/p>\n<p>LARYNGOSCOPES GIMA GREEN<br \/>\n&#8211; transmission maximum de la lumi\u00e8re gr\u00e2ce \u00e0 des fibres durables et de grande qualit\u00e9<br \/>\n&#8211; lames con\u00e7ues pour une intubation facile<br \/>\n&#8211; fini mat pour moins de reflets<br \/>\n&#8211; autoclavable jusqu&#8217;\u00e0 134 \u00b0C pendant 5 minutes. Lames autoclavables jusqu&#8217;\u00e0 2 000 fois.<br \/>\n&#8211; compatibles avec la st\u00e9rilisation au gaz plasma<br \/>\n&#8211; toutes les lames sont compatibles avec les manches de la norme Green BS EN ISO 7376<br \/>\n&#8211; toutes les lames sont en acier inox aust\u00e9nitique antirouille<br \/>\n&#8211; lames longue dur\u00e9e. GIMA offre une garantie de 3 ans<br \/>\n&#8211; vaste choix de sources d&#8217;alimentation: batteries type \u00abAA\u00bb et \u00abC\u00bb ou batteries rechargeables de 2,5 V et de 3,5 V<br \/>\n&#8211; manches disponibles avec ampoules au x\u00e9non\/halog\u00e8ne et LED de 2,5 V et 3,5 V<br \/>\n&#8211; les manches de 2,5 V peuvent \u00eatre utilis\u00e9s avec des batteries classiques ou rechargeables<br \/>\n&#8211; lames non magn\u00e9tiques<\/p>\n","protected":false},"excerpt":{"rendered":"<p>LAMES \u00c0 FIBRES OPTIQUES &#8220;GIMA MAXLITE&#8221; LAME Mc INTOSH N\u00b0 0 &#8211; Nouveau-n\u00e9 LARYNGOSCOPES GIMA GREEN &#8211; transmission maximum de la lumi\u00e8re gr\u00e2ce \u00e0 des fibres durables et de grande qualit\u00e9 &#8211; lames con\u00e7ues pour une intubation facile &#8211; fini mat pour moins de reflets &#8211; autoclavable jusqu&#8217;\u00e0 134 \u00b0C pendant 5 minutes. Lames autoclavables [&hellip;]<\/p>\n","protected":false},"featured_media":33858,"comment_status":"open","ping_status":"closed","template":"","meta":[],"product_brand":[],"product_cat":[166],"product_tag":[],"class_list":{"0":"post-33859","1":"product","2":"type-product","3":"status-publish","4":"has-post-thumbnail","6":"product_cat-equipements-medicaux-et-chirurgicaux","8":"first","9":"instock","10":"taxable","11":"shipping-taxable","12":"purchasable","13":"product-type-simple"},"_links":{"self":[{"href":"https:\/\/promatmedical.com\/fr\/wp-json\/wp\/v2\/product\/33859","targetHints":{"allow":["GET"]}}],"collection":[{"href":"https:\/\/promatmedical.com\/fr\/wp-json\/wp\/v2\/product"}],"about":[{"href":"https:\/\/promatmedical.com\/fr\/wp-json\/wp\/v2\/types\/product"}],"replies":[{"embeddable":true,"href":"https:\/\/promatmedical.com\/fr\/wp-json\/wp\/v2\/comments?post=33859"}],"wp:featuredmedia":[{"embeddable":true,"href":"https:\/\/promatmedical.com\/fr\/wp-json\/wp\/v2\/media\/33858"}],"wp:attachment":[{"href":"https:\/\/promatmedical.com\/fr\/wp-json\/wp\/v2\/media?parent=33859"}],"wp:term":[{"taxonomy":"product_brand","embeddable":true,"href":"https:\/\/promatmedical.com\/fr\/wp-json\/wp\/v2\/product_brand?post=33859"},{"taxonomy":"product_cat","embeddable":true,"href":"https:\/\/promatmedical.com\/fr\/wp-json\/wp\/v2\/product_cat?post=33859"},{"taxonomy":"product_tag","embeddable":true,"href":"https:\/\/promatmedical.com\/fr\/wp-json\/wp\/v2\/product_tag?post=33859"}],"curies":[{"name":"wp","href":"https:\/\/api.w.org\/{rel}","templated":true}]}}