{"id":33872,"date":"2025-03-21T12:00:03","date_gmt":"2025-03-21T11:00:03","guid":{"rendered":"https:\/\/promatmedical.com\/bj\/produit\/set-flexi-maxlite-2-lames-a-f-o-mc-intosh-3-4\/"},"modified":"2025-03-21T12:00:03","modified_gmt":"2025-03-21T11:00:03","slug":"set-flexi-maxlite-2-lames-a-f-o-mc-intosh-3-4","status":"publish","type":"product","link":"https:\/\/promatmedical.com\/fr\/produit\/set-flexi-maxlite-2-lames-a-f-o-mc-intosh-3-4\/","title":{"rendered":"Set flexi maxlite 2 lames \u00e0 f.o. mc intosh 3, 4"},"content":{"rendered":"<p>Set de luxe comprenant une poign\u00e9e rechargeable \u00e0 fibres optiques, deux lames \u00e0 F.O. Mc Intosh N\u00b0 3 et 4 et une ampoule.<\/p>\n<p>La pointe mobile de la lame facilite le soul\u00e8vement de l\u2019\u00e9piglotte et offre une visibilit\u00e9 parfaite lors de l\u2019intubation, m\u00eame en conditions anatomiques difficiles.<br \/>\nUne meilleure visibilit\u00e9 et une force de levier plus faible r\u00e9duisent le risque de blessure du larynx et des dents.<\/p>\n<p>&#8211; structure en acier inox, finition matte<br \/>\n&#8211; compatibles avec toutes les poign\u00e9es de la gamme \u00abgreen\u00bb<br \/>\n&#8211; conformes aux normes \u00abgreen\u00bb ISO 7376<br \/>\n&#8211; le canal optimise la zone visible<br \/>\n&#8211; faisceau de fibres de 4,5 mm avec plus de 6 500 torons individuels<br \/>\n&#8211; fibres de haute qualit\u00e9 garantissant une excellente transmission de la lumi\u00e8re, 8 000 lux avec lampe X\u00e9non 2,5V<br \/>\n&#8211; 2 batteries &#8220;C&#8221; ou batteries rechargeables (non comprises)<br \/>\n&#8211; autoclavables \u00e0 134\u00b0 c, environ 2 000 fois<br \/>\n&#8211; peut supporter la st\u00e9rilisation par plasma (Sterrad 100 NX)<\/p>\n","protected":false},"excerpt":{"rendered":"<p>Set de luxe comprenant une poign\u00e9e rechargeable \u00e0 fibres optiques, deux lames \u00e0 F.O. Mc Intosh N\u00b0 3 et 4 et une ampoule. La pointe mobile de la lame facilite le soul\u00e8vement de l\u2019\u00e9piglotte et offre une visibilit\u00e9 parfaite lors de l\u2019intubation, m\u00eame en conditions anatomiques difficiles. Une meilleure visibilit\u00e9 et une force de levier [&hellip;]<\/p>\n","protected":false},"featured_media":33871,"comment_status":"open","ping_status":"closed","template":"","meta":[],"product_brand":[],"product_cat":[166],"product_tag":[],"class_list":{"0":"post-33872","1":"product","2":"type-product","3":"status-publish","4":"has-post-thumbnail","6":"product_cat-equipements-medicaux-et-chirurgicaux","8":"first","9":"instock","10":"taxable","11":"shipping-taxable","12":"purchasable","13":"product-type-simple"},"_links":{"self":[{"href":"https:\/\/promatmedical.com\/fr\/wp-json\/wp\/v2\/product\/33872","targetHints":{"allow":["GET"]}}],"collection":[{"href":"https:\/\/promatmedical.com\/fr\/wp-json\/wp\/v2\/product"}],"about":[{"href":"https:\/\/promatmedical.com\/fr\/wp-json\/wp\/v2\/types\/product"}],"replies":[{"embeddable":true,"href":"https:\/\/promatmedical.com\/fr\/wp-json\/wp\/v2\/comments?post=33872"}],"wp:featuredmedia":[{"embeddable":true,"href":"https:\/\/promatmedical.com\/fr\/wp-json\/wp\/v2\/media\/33871"}],"wp:attachment":[{"href":"https:\/\/promatmedical.com\/fr\/wp-json\/wp\/v2\/media?parent=33872"}],"wp:term":[{"taxonomy":"product_brand","embeddable":true,"href":"https:\/\/promatmedical.com\/fr\/wp-json\/wp\/v2\/product_brand?post=33872"},{"taxonomy":"product_cat","embeddable":true,"href":"https:\/\/promatmedical.com\/fr\/wp-json\/wp\/v2\/product_cat?post=33872"},{"taxonomy":"product_tag","embeddable":true,"href":"https:\/\/promatmedical.com\/fr\/wp-json\/wp\/v2\/product_tag?post=33872"}],"curies":[{"name":"wp","href":"https:\/\/api.w.org\/{rel}","templated":true}]}}