{"id":33881,"date":"2025-03-21T12:00:44","date_gmt":"2025-03-21T11:00:44","guid":{"rendered":"https:\/\/promatmedical.com\/bj\/produit\/set-video-laryngoscope-ambu-king-vision-ablade\/"},"modified":"2025-03-21T12:00:44","modified_gmt":"2025-03-21T11:00:44","slug":"set-video-laryngoscope-ambu-king-vision-ablade","status":"publish","type":"product","link":"https:\/\/promatmedical.com\/fr\/produit\/set-video-laryngoscope-ambu-king-vision-ablade\/","title":{"rendered":"Set vid\u00e9o laryngoscope ambu king vision ablade"},"content":{"rendered":"<p>King Vision\u00ae est un syst\u00e8me con\u00e7u pour visualiser les voies aeriennes de fa\u00e7on fiable lors d\u2019intubations de routine ou difficiles.<\/p>\n<p>L\u2019\u00e9cran r\u00e9utilisable est l\u00e9ger, anti-salissures et anti-reflet, \u00e9tanche \u00e0 l\u2019eau et aliment\u00e9 par piles.<br \/>\nLes lames sont jetables et conditionn\u00e9es individuellement, \u00e9liminant tout risque de contamination crois\u00e9e.<\/p>\n<p>Le syst\u00e8me peut \u00eatre utilis\u00e9 de mani\u00e8re continue pendant 90 minutes, lui conf\u00e9rant une portabilit\u00e9 \u00e9lev\u00e9e.<\/p>\n<p>Fonction de sortie vid\u00e9o raccordable \u00e0 un moniteur externe et \u00e0 des dispositifs d\u2019enregistrement.<\/p>\n<p>Deux versions de lames: une version standard, qui n\u00e9cessite un stylet sur la sonde d\u2019intubation endotrach\u00e9ale, et une version \u00abcanalis\u00e9e\u00bb avec un rail de guidage afin de faciliter le positionnement de la sonde ET.<\/p>\n<p>Fabriqu\u00e9 aux \u00c9tats-Unis.<\/p>\n","protected":false},"excerpt":{"rendered":"<p>King Vision\u00ae est un syst\u00e8me con\u00e7u pour visualiser les voies aeriennes de fa\u00e7on fiable lors d\u2019intubations de routine ou difficiles. L\u2019\u00e9cran r\u00e9utilisable est l\u00e9ger, anti-salissures et anti-reflet, \u00e9tanche \u00e0 l\u2019eau et aliment\u00e9 par piles. Les lames sont jetables et conditionn\u00e9es individuellement, \u00e9liminant tout risque de contamination crois\u00e9e. Le syst\u00e8me peut \u00eatre utilis\u00e9 de mani\u00e8re continue [&hellip;]<\/p>\n","protected":false},"featured_media":33880,"comment_status":"open","ping_status":"closed","template":"","meta":[],"product_brand":[],"product_cat":[166],"product_tag":[],"class_list":{"0":"post-33881","1":"product","2":"type-product","3":"status-publish","4":"has-post-thumbnail","6":"product_cat-equipements-medicaux-et-chirurgicaux","8":"first","9":"instock","10":"taxable","11":"shipping-taxable","12":"purchasable","13":"product-type-simple"},"_links":{"self":[{"href":"https:\/\/promatmedical.com\/fr\/wp-json\/wp\/v2\/product\/33881","targetHints":{"allow":["GET"]}}],"collection":[{"href":"https:\/\/promatmedical.com\/fr\/wp-json\/wp\/v2\/product"}],"about":[{"href":"https:\/\/promatmedical.com\/fr\/wp-json\/wp\/v2\/types\/product"}],"replies":[{"embeddable":true,"href":"https:\/\/promatmedical.com\/fr\/wp-json\/wp\/v2\/comments?post=33881"}],"wp:featuredmedia":[{"embeddable":true,"href":"https:\/\/promatmedical.com\/fr\/wp-json\/wp\/v2\/media\/33880"}],"wp:attachment":[{"href":"https:\/\/promatmedical.com\/fr\/wp-json\/wp\/v2\/media?parent=33881"}],"wp:term":[{"taxonomy":"product_brand","embeddable":true,"href":"https:\/\/promatmedical.com\/fr\/wp-json\/wp\/v2\/product_brand?post=33881"},{"taxonomy":"product_cat","embeddable":true,"href":"https:\/\/promatmedical.com\/fr\/wp-json\/wp\/v2\/product_cat?post=33881"},{"taxonomy":"product_tag","embeddable":true,"href":"https:\/\/promatmedical.com\/fr\/wp-json\/wp\/v2\/product_tag?post=33881"}],"curies":[{"name":"wp","href":"https:\/\/api.w.org\/{rel}","templated":true}]}}