{"id":33883,"date":"2025-03-21T12:00:51","date_gmt":"2025-03-21T11:00:51","guid":{"rendered":"https:\/\/promatmedical.com\/bj\/produit\/lame-vision-ambu-standard-pediatrique-taille-2-pour-58106\/"},"modified":"2025-03-21T12:00:51","modified_gmt":"2025-03-21T11:00:51","slug":"lame-vision-ambu-standard-pediatrique-taille-2-pour-58106","status":"publish","type":"product","link":"https:\/\/promatmedical.com\/fr\/produit\/lame-vision-ambu-standard-pediatrique-taille-2-pour-58106\/","title":{"rendered":"Lame vision ambu standard p\u00e9diatrique &#8211; taille 2 pour 58106"},"content":{"rendered":"<p>Lame p\u00e9diatrique aBlade standard<\/p>\n<p>&#8211; Lame standard<br \/>\n&#8211; Taille 2 (pour les enfants de 1 \u00e0 10 ans)<br \/>\n&#8211; Bo\u00eete de 20<\/p>\n<p>Les lames p\u00e9diatriques aBlade n\u00e9cessitent le adaptateur vid\u00e9o code 58110 (non inclus).<\/p>\n","protected":false},"excerpt":{"rendered":"<p>Lame p\u00e9diatrique aBlade standard &#8211; Lame standard &#8211; Taille 2 (pour les enfants de 1 \u00e0 10 ans) &#8211; Bo\u00eete de 20 Les lames p\u00e9diatriques aBlade n\u00e9cessitent le adaptateur vid\u00e9o code 58110 (non inclus).<\/p>\n","protected":false},"featured_media":33882,"comment_status":"open","ping_status":"closed","template":"","meta":[],"product_brand":[],"product_cat":[166],"product_tag":[],"class_list":{"0":"post-33883","1":"product","2":"type-product","3":"status-publish","4":"has-post-thumbnail","6":"product_cat-equipements-medicaux-et-chirurgicaux","8":"first","9":"instock","10":"taxable","11":"shipping-taxable","12":"purchasable","13":"product-type-simple"},"_links":{"self":[{"href":"https:\/\/promatmedical.com\/fr\/wp-json\/wp\/v2\/product\/33883","targetHints":{"allow":["GET"]}}],"collection":[{"href":"https:\/\/promatmedical.com\/fr\/wp-json\/wp\/v2\/product"}],"about":[{"href":"https:\/\/promatmedical.com\/fr\/wp-json\/wp\/v2\/types\/product"}],"replies":[{"embeddable":true,"href":"https:\/\/promatmedical.com\/fr\/wp-json\/wp\/v2\/comments?post=33883"}],"wp:featuredmedia":[{"embeddable":true,"href":"https:\/\/promatmedical.com\/fr\/wp-json\/wp\/v2\/media\/33882"}],"wp:attachment":[{"href":"https:\/\/promatmedical.com\/fr\/wp-json\/wp\/v2\/media?parent=33883"}],"wp:term":[{"taxonomy":"product_brand","embeddable":true,"href":"https:\/\/promatmedical.com\/fr\/wp-json\/wp\/v2\/product_brand?post=33883"},{"taxonomy":"product_cat","embeddable":true,"href":"https:\/\/promatmedical.com\/fr\/wp-json\/wp\/v2\/product_cat?post=33883"},{"taxonomy":"product_tag","embeddable":true,"href":"https:\/\/promatmedical.com\/fr\/wp-json\/wp\/v2\/product_tag?post=33883"}],"curies":[{"name":"wp","href":"https:\/\/api.w.org\/{rel}","templated":true}]}}