{"id":33891,"date":"2025-03-21T12:01:39","date_gmt":"2025-03-21T11:01:39","guid":{"rendered":"https:\/\/promatmedical.com\/bj\/produit\/lame-vision-ambu-canalisee-adulte-taille-3-rechange-pour-58106\/"},"modified":"2025-03-21T12:01:39","modified_gmt":"2025-03-21T11:01:39","slug":"lame-vision-ambu-canalisee-adulte-taille-3-rechange-pour-58106","status":"publish","type":"product","link":"https:\/\/promatmedical.com\/fr\/produit\/lame-vision-ambu-canalisee-adulte-taille-3-rechange-pour-58106\/","title":{"rendered":"Lame vision ambu canalis\u00e9e adulte &#8211; taille 3 &#8211; rechange pour 58106"},"content":{"rendered":"<p>Lame canalis\u00e9e aBlade pour adults &#8211; de rechange<\/p>\n<p>&#8211; Lame canalis\u00e9e<br \/>\n&#8211; Taille 3 (Pour les grands enfants et adultes)<br \/>\n&#8211; Bo\u00eete de 20<\/p>\n","protected":false},"excerpt":{"rendered":"<p>Lame canalis\u00e9e aBlade pour adults &#8211; de rechange &#8211; Lame canalis\u00e9e &#8211; Taille 3 (Pour les grands enfants et adultes) &#8211; Bo\u00eete de 20<\/p>\n","protected":false},"featured_media":33890,"comment_status":"open","ping_status":"closed","template":"","meta":[],"product_brand":[],"product_cat":[166],"product_tag":[],"class_list":{"0":"post-33891","1":"product","2":"type-product","3":"status-publish","4":"has-post-thumbnail","6":"product_cat-equipements-medicaux-et-chirurgicaux","8":"first","9":"instock","10":"taxable","11":"shipping-taxable","12":"purchasable","13":"product-type-simple"},"_links":{"self":[{"href":"https:\/\/promatmedical.com\/fr\/wp-json\/wp\/v2\/product\/33891","targetHints":{"allow":["GET"]}}],"collection":[{"href":"https:\/\/promatmedical.com\/fr\/wp-json\/wp\/v2\/product"}],"about":[{"href":"https:\/\/promatmedical.com\/fr\/wp-json\/wp\/v2\/types\/product"}],"replies":[{"embeddable":true,"href":"https:\/\/promatmedical.com\/fr\/wp-json\/wp\/v2\/comments?post=33891"}],"wp:featuredmedia":[{"embeddable":true,"href":"https:\/\/promatmedical.com\/fr\/wp-json\/wp\/v2\/media\/33890"}],"wp:attachment":[{"href":"https:\/\/promatmedical.com\/fr\/wp-json\/wp\/v2\/media?parent=33891"}],"wp:term":[{"taxonomy":"product_brand","embeddable":true,"href":"https:\/\/promatmedical.com\/fr\/wp-json\/wp\/v2\/product_brand?post=33891"},{"taxonomy":"product_cat","embeddable":true,"href":"https:\/\/promatmedical.com\/fr\/wp-json\/wp\/v2\/product_cat?post=33891"},{"taxonomy":"product_tag","embeddable":true,"href":"https:\/\/promatmedical.com\/fr\/wp-json\/wp\/v2\/product_tag?post=33891"}],"curies":[{"name":"wp","href":"https:\/\/api.w.org\/{rel}","templated":true}]}}