{"id":33905,"date":"2025-03-21T12:02:53","date_gmt":"2025-03-21T11:02:53","guid":{"rendered":"https:\/\/promatmedical.com\/bj\/produit\/bandage-adhesif-oculaire-occlusif-large\/"},"modified":"2025-03-21T12:02:53","modified_gmt":"2025-03-21T11:02:53","slug":"bandage-adhesif-oculaire-occlusif-large","status":"publish","type":"product","link":"https:\/\/promatmedical.com\/fr\/produit\/bandage-adhesif-oculaire-occlusif-large\/","title":{"rendered":"Bandage adh\u00e9sif oculaire occlusif &#8211; large"},"content":{"rendered":"<p>BANDAGES ADH\u00c9SIFS OCULAIRES OCCLUSIFS<\/p>\n<p>\u2022 Mod\u00e8le: Large<br \/>\n\u2022 Couleur: peau<br \/>\n\u2022 Dimensions: 8,0&#215;5,7cm<br \/>\n\u2022 Compresse: 4,9&#215;3,2 cm<br \/>\n\u2022 Commande minimum: bo\u00eete de 21<\/p>\n<p>Protection en tissu non tiss\u00e9 occlusif extensible 100% en polyester.<br \/>\nIndiqu\u00e9s pour un traitement s\u00fbr et confortable; la compresse centrale exerce une action de protection et l&#8217;adh\u00e9sif acrylique hypoallerg\u00e9nique est con\u00e7u pour le sensible contours des yeux.<\/p>\n<p>Emballage individuel.<\/p>\n<p>Bo\u00eete multilingue: GB, FR, IT, ES, DE.<\/p>\n<p>Made in Italy.<\/p>\n","protected":false},"excerpt":{"rendered":"<p>BANDAGES ADH\u00c9SIFS OCULAIRES OCCLUSIFS \u2022 Mod\u00e8le: Large \u2022 Couleur: peau \u2022 Dimensions: 8,0&#215;5,7cm \u2022 Compresse: 4,9&#215;3,2 cm \u2022 Commande minimum: bo\u00eete de 21 Protection en tissu non tiss\u00e9 occlusif extensible 100% en polyester. Indiqu\u00e9s pour un traitement s\u00fbr et confortable; la compresse centrale exerce une action de protection et l&#8217;adh\u00e9sif acrylique hypoallerg\u00e9nique est con\u00e7u pour [&hellip;]<\/p>\n","protected":false},"featured_media":18466,"comment_status":"open","ping_status":"closed","template":"","meta":[],"product_brand":[],"product_cat":[166],"product_tag":[],"class_list":{"0":"post-33905","1":"product","2":"type-product","3":"status-publish","4":"has-post-thumbnail","6":"product_cat-equipements-medicaux-et-chirurgicaux","8":"first","9":"instock","10":"taxable","11":"shipping-taxable","12":"purchasable","13":"product-type-simple"},"_links":{"self":[{"href":"https:\/\/promatmedical.com\/fr\/wp-json\/wp\/v2\/product\/33905","targetHints":{"allow":["GET"]}}],"collection":[{"href":"https:\/\/promatmedical.com\/fr\/wp-json\/wp\/v2\/product"}],"about":[{"href":"https:\/\/promatmedical.com\/fr\/wp-json\/wp\/v2\/types\/product"}],"replies":[{"embeddable":true,"href":"https:\/\/promatmedical.com\/fr\/wp-json\/wp\/v2\/comments?post=33905"}],"wp:featuredmedia":[{"embeddable":true,"href":"https:\/\/promatmedical.com\/fr\/wp-json\/wp\/v2\/media\/18466"}],"wp:attachment":[{"href":"https:\/\/promatmedical.com\/fr\/wp-json\/wp\/v2\/media?parent=33905"}],"wp:term":[{"taxonomy":"product_brand","embeddable":true,"href":"https:\/\/promatmedical.com\/fr\/wp-json\/wp\/v2\/product_brand?post=33905"},{"taxonomy":"product_cat","embeddable":true,"href":"https:\/\/promatmedical.com\/fr\/wp-json\/wp\/v2\/product_cat?post=33905"},{"taxonomy":"product_tag","embeddable":true,"href":"https:\/\/promatmedical.com\/fr\/wp-json\/wp\/v2\/product_tag?post=33905"}],"curies":[{"name":"wp","href":"https:\/\/api.w.org\/{rel}","templated":true}]}}