{"id":33916,"date":"2025-03-21T12:03:50","date_gmt":"2025-03-21T11:03:50","guid":{"rendered":"https:\/\/promatmedical.com\/bj\/produit\/pansement-adhesif-sterile-10x25-cm\/"},"modified":"2025-03-21T12:03:50","modified_gmt":"2025-03-21T11:03:50","slug":"pansement-adhesif-sterile-10x25-cm","status":"publish","type":"product","link":"https:\/\/promatmedical.com\/fr\/produit\/pansement-adhesif-sterile-10x25-cm\/","title":{"rendered":"Pansement adh\u00e9sif st\u00e9rile 10&#215;25 cm"},"content":{"rendered":"<p>Pansement adh\u00e9sif hypoallerg\u00e9nique st\u00e9rile avec compresse centrale absorbante n&#8217;adh\u00e9rant pas \u00e0 la plaie.<br \/>\nDispositif m\u00e9dical de Classe I.<\/p>\n<p>\u2022 PANSEMENT LIGNE H\u00d4PITAL &#8211; ST\u00c9RILE<br \/>\n\u2022 Pansement chirurgical<br \/>\n\u2022 Dimensions: 10 x 25 cm<br \/>\n\u2022 Compresse: 5 x 20 cm<br \/>\n\u2022 Commande minimum: bo\u00eete de 5<\/p>\n<p>Bo\u00eete multilingue: GB, FR, IT, ES, DE.<br \/>\nMade in Italy.<\/p>\n","protected":false},"excerpt":{"rendered":"<p>Pansement adh\u00e9sif hypoallerg\u00e9nique st\u00e9rile avec compresse centrale absorbante n&#8217;adh\u00e9rant pas \u00e0 la plaie. Dispositif m\u00e9dical de Classe I. \u2022 PANSEMENT LIGNE H\u00d4PITAL &#8211; ST\u00c9RILE \u2022 Pansement chirurgical \u2022 Dimensions: 10 x 25 cm \u2022 Compresse: 5 x 20 cm \u2022 Commande minimum: bo\u00eete de 5 Bo\u00eete multilingue: GB, FR, IT, ES, DE. Made in Italy.<\/p>\n","protected":false},"featured_media":18466,"comment_status":"open","ping_status":"closed","template":"","meta":[],"product_brand":[],"product_cat":[166],"product_tag":[],"class_list":{"0":"post-33916","1":"product","2":"type-product","3":"status-publish","4":"has-post-thumbnail","6":"product_cat-equipements-medicaux-et-chirurgicaux","8":"first","9":"instock","10":"taxable","11":"shipping-taxable","12":"purchasable","13":"product-type-simple"},"_links":{"self":[{"href":"https:\/\/promatmedical.com\/fr\/wp-json\/wp\/v2\/product\/33916","targetHints":{"allow":["GET"]}}],"collection":[{"href":"https:\/\/promatmedical.com\/fr\/wp-json\/wp\/v2\/product"}],"about":[{"href":"https:\/\/promatmedical.com\/fr\/wp-json\/wp\/v2\/types\/product"}],"replies":[{"embeddable":true,"href":"https:\/\/promatmedical.com\/fr\/wp-json\/wp\/v2\/comments?post=33916"}],"wp:featuredmedia":[{"embeddable":true,"href":"https:\/\/promatmedical.com\/fr\/wp-json\/wp\/v2\/media\/18466"}],"wp:attachment":[{"href":"https:\/\/promatmedical.com\/fr\/wp-json\/wp\/v2\/media?parent=33916"}],"wp:term":[{"taxonomy":"product_brand","embeddable":true,"href":"https:\/\/promatmedical.com\/fr\/wp-json\/wp\/v2\/product_brand?post=33916"},{"taxonomy":"product_cat","embeddable":true,"href":"https:\/\/promatmedical.com\/fr\/wp-json\/wp\/v2\/product_cat?post=33916"},{"taxonomy":"product_tag","embeddable":true,"href":"https:\/\/promatmedical.com\/fr\/wp-json\/wp\/v2\/product_tag?post=33916"}],"curies":[{"name":"wp","href":"https:\/\/api.w.org\/{rel}","templated":true}]}}