{"id":33918,"date":"2025-03-21T12:04:04","date_gmt":"2025-03-21T11:04:04","guid":{"rendered":"https:\/\/promatmedical.com\/bj\/produit\/hypor-film-pansement-de-fixation-6x8-cm\/"},"modified":"2025-03-21T12:04:04","modified_gmt":"2025-03-21T11:04:04","slug":"hypor-film-pansement-de-fixation-6x8-cm","status":"publish","type":"product","link":"https:\/\/promatmedical.com\/fr\/produit\/hypor-film-pansement-de-fixation-6x8-cm\/","title":{"rendered":"Hypor film pansement de fixation 6&#215;8 cm"},"content":{"rendered":"<p>HYPOR FILM PANSEMENT POUR FIXATION &#8211; ST\u00c9RILE<\/p>\n<p>\u2022 Hypor film 6 x 8 cm<\/p>\n<p>Pansement adh\u00e9sif st\u00e9rile sur pellicule en polyur\u00e9thane transparent, pour fixer cath\u00e9ters, gazes, bandages et autres pansements.<br \/>\nLa pellicule agit comme barri\u00e8re contre l&#8217;eau et les bact\u00e9ries.<br \/>\nPerm\u00e9able \u00e0 l&#8217;air et \u00e0 la vapeur d&#8217;eau, laisse respirer la peau et r\u00e9duit le risque de mac\u00e9ration.<br \/>\nConditionnement individuel.<br \/>\nSubstrat extr\u00eamement \u00e9lastique et conformable pour zones sensibles.<br \/>\nR\u00e9duit le risque de fuite de fluides et infections.<br \/>\nBo\u00eete multilingue: GB, FR, IT, ES, DE.<br \/>\nDispositif m\u00e9dical de Classe I.<\/p>\n<p>Bords arrondis pour \u00e9viter le d\u00e9collement du pansement<br \/>\nAdh\u00e9sif acrylique hypoallerg\u00e9nique, test\u00e9 dermatologiquement.<br \/>\nLes doublures de protection sont facilement amovibles tout en portant des gants.<br \/>\nMade in Italy.<\/p>\n","protected":false},"excerpt":{"rendered":"<p>HYPOR FILM PANSEMENT POUR FIXATION &#8211; ST\u00c9RILE \u2022 Hypor film 6 x 8 cm Pansement adh\u00e9sif st\u00e9rile sur pellicule en polyur\u00e9thane transparent, pour fixer cath\u00e9ters, gazes, bandages et autres pansements. La pellicule agit comme barri\u00e8re contre l&#8217;eau et les bact\u00e9ries. Perm\u00e9able \u00e0 l&#8217;air et \u00e0 la vapeur d&#8217;eau, laisse respirer la peau et r\u00e9duit le [&hellip;]<\/p>\n","protected":false},"featured_media":33917,"comment_status":"open","ping_status":"closed","template":"","meta":[],"product_brand":[],"product_cat":[166],"product_tag":[],"class_list":{"0":"post-33918","1":"product","2":"type-product","3":"status-publish","4":"has-post-thumbnail","6":"product_cat-equipements-medicaux-et-chirurgicaux","8":"first","9":"instock","10":"taxable","11":"shipping-taxable","12":"purchasable","13":"product-type-simple"},"_links":{"self":[{"href":"https:\/\/promatmedical.com\/fr\/wp-json\/wp\/v2\/product\/33918","targetHints":{"allow":["GET"]}}],"collection":[{"href":"https:\/\/promatmedical.com\/fr\/wp-json\/wp\/v2\/product"}],"about":[{"href":"https:\/\/promatmedical.com\/fr\/wp-json\/wp\/v2\/types\/product"}],"replies":[{"embeddable":true,"href":"https:\/\/promatmedical.com\/fr\/wp-json\/wp\/v2\/comments?post=33918"}],"wp:featuredmedia":[{"embeddable":true,"href":"https:\/\/promatmedical.com\/fr\/wp-json\/wp\/v2\/media\/33917"}],"wp:attachment":[{"href":"https:\/\/promatmedical.com\/fr\/wp-json\/wp\/v2\/media?parent=33918"}],"wp:term":[{"taxonomy":"product_brand","embeddable":true,"href":"https:\/\/promatmedical.com\/fr\/wp-json\/wp\/v2\/product_brand?post=33918"},{"taxonomy":"product_cat","embeddable":true,"href":"https:\/\/promatmedical.com\/fr\/wp-json\/wp\/v2\/product_cat?post=33918"},{"taxonomy":"product_tag","embeddable":true,"href":"https:\/\/promatmedical.com\/fr\/wp-json\/wp\/v2\/product_tag?post=33918"}],"curies":[{"name":"wp","href":"https:\/\/api.w.org\/{rel}","templated":true}]}}