{"id":33948,"date":"2025-03-21T12:07:00","date_gmt":"2025-03-21T11:07:00","guid":{"rendered":"https:\/\/promatmedical.com\/bj\/produit\/bandage-sportif-strappal-10-m-x-4-cm\/"},"modified":"2025-03-21T12:07:00","modified_gmt":"2025-03-21T11:07:00","slug":"bandage-sportif-strappal-10-m-x-4-cm","status":"publish","type":"product","link":"https:\/\/promatmedical.com\/fr\/produit\/bandage-sportif-strappal-10-m-x-4-cm\/","title":{"rendered":"Bandage sportif strappal 10 m x 4 cm"},"content":{"rendered":"<p>BANDES POUR LE SPORT STRAPPAL\u00ae<\/p>\n<p>Code BSN: 71490-00<br \/>\nSTRAPPAL\u00ae 10 m x 4 cm<\/p>\n<p>Bandes adh\u00e9sives in\u00e9lastiques indiqu\u00e9es en cas de traumatismes pour limiter le mouvement des articulations.<\/p>\n<p>Tissu de haute qualit\u00e9 en fibre de viscose in\u00e9lastique rev\u00eatu d&#8217;un mat\u00e9riau adh\u00e9sif. Se d\u00e9chire \u00e0 la main.<\/p>\n<p>Sans latex.<br \/>\nMultilingue: GB, FR, IT, ES, DE, PT, NL.<\/p>\n","protected":false},"excerpt":{"rendered":"<p>BANDES POUR LE SPORT STRAPPAL\u00ae Code BSN: 71490-00 STRAPPAL\u00ae 10 m x 4 cm Bandes adh\u00e9sives in\u00e9lastiques indiqu\u00e9es en cas de traumatismes pour limiter le mouvement des articulations. Tissu de haute qualit\u00e9 en fibre de viscose in\u00e9lastique rev\u00eatu d&#8217;un mat\u00e9riau adh\u00e9sif. Se d\u00e9chire \u00e0 la main. Sans latex. Multilingue: GB, FR, IT, ES, DE, PT, [&hellip;]<\/p>\n","protected":false},"featured_media":33947,"comment_status":"open","ping_status":"closed","template":"","meta":[],"product_brand":[],"product_cat":[166],"product_tag":[],"class_list":{"0":"post-33948","1":"product","2":"type-product","3":"status-publish","4":"has-post-thumbnail","6":"product_cat-equipements-medicaux-et-chirurgicaux","8":"first","9":"instock","10":"taxable","11":"shipping-taxable","12":"purchasable","13":"product-type-simple"},"_links":{"self":[{"href":"https:\/\/promatmedical.com\/fr\/wp-json\/wp\/v2\/product\/33948","targetHints":{"allow":["GET"]}}],"collection":[{"href":"https:\/\/promatmedical.com\/fr\/wp-json\/wp\/v2\/product"}],"about":[{"href":"https:\/\/promatmedical.com\/fr\/wp-json\/wp\/v2\/types\/product"}],"replies":[{"embeddable":true,"href":"https:\/\/promatmedical.com\/fr\/wp-json\/wp\/v2\/comments?post=33948"}],"wp:featuredmedia":[{"embeddable":true,"href":"https:\/\/promatmedical.com\/fr\/wp-json\/wp\/v2\/media\/33947"}],"wp:attachment":[{"href":"https:\/\/promatmedical.com\/fr\/wp-json\/wp\/v2\/media?parent=33948"}],"wp:term":[{"taxonomy":"product_brand","embeddable":true,"href":"https:\/\/promatmedical.com\/fr\/wp-json\/wp\/v2\/product_brand?post=33948"},{"taxonomy":"product_cat","embeddable":true,"href":"https:\/\/promatmedical.com\/fr\/wp-json\/wp\/v2\/product_cat?post=33948"},{"taxonomy":"product_tag","embeddable":true,"href":"https:\/\/promatmedical.com\/fr\/wp-json\/wp\/v2\/product_tag?post=33948"}],"curies":[{"name":"wp","href":"https:\/\/api.w.org\/{rel}","templated":true}]}}