{"id":33954,"date":"2025-03-21T12:07:32","date_gmt":"2025-03-21T11:07:32","guid":{"rendered":"https:\/\/promatmedical.com\/bj\/produit\/lame-pour-scie-diam-50-mm-pour-59099-59100\/"},"modified":"2025-03-21T12:07:32","modified_gmt":"2025-03-21T11:07:32","slug":"lame-pour-scie-diam-50-mm-pour-59099-59100","status":"publish","type":"product","link":"https:\/\/promatmedical.com\/fr\/produit\/lame-pour-scie-diam-50-mm-pour-59099-59100\/","title":{"rendered":"Lame pour scie diam. 50 mm pour 59099, 59100"},"content":{"rendered":"<p>Lame \u00d8 50 mm.<\/p>\n<p>Rechange pour scie pour pl\u00e2tre \u00e0 oscillation.<\/p>\n","protected":false},"excerpt":{"rendered":"<p>Lame \u00d8 50 mm. Rechange pour scie pour pl\u00e2tre \u00e0 oscillation.<\/p>\n","protected":false},"featured_media":33953,"comment_status":"open","ping_status":"closed","template":"","meta":[],"product_brand":[],"product_cat":[166],"product_tag":[],"class_list":{"0":"post-33954","1":"product","2":"type-product","3":"status-publish","4":"has-post-thumbnail","6":"product_cat-equipements-medicaux-et-chirurgicaux","8":"first","9":"instock","10":"taxable","11":"shipping-taxable","12":"purchasable","13":"product-type-simple"},"_links":{"self":[{"href":"https:\/\/promatmedical.com\/fr\/wp-json\/wp\/v2\/product\/33954","targetHints":{"allow":["GET"]}}],"collection":[{"href":"https:\/\/promatmedical.com\/fr\/wp-json\/wp\/v2\/product"}],"about":[{"href":"https:\/\/promatmedical.com\/fr\/wp-json\/wp\/v2\/types\/product"}],"replies":[{"embeddable":true,"href":"https:\/\/promatmedical.com\/fr\/wp-json\/wp\/v2\/comments?post=33954"}],"wp:featuredmedia":[{"embeddable":true,"href":"https:\/\/promatmedical.com\/fr\/wp-json\/wp\/v2\/media\/33953"}],"wp:attachment":[{"href":"https:\/\/promatmedical.com\/fr\/wp-json\/wp\/v2\/media?parent=33954"}],"wp:term":[{"taxonomy":"product_brand","embeddable":true,"href":"https:\/\/promatmedical.com\/fr\/wp-json\/wp\/v2\/product_brand?post=33954"},{"taxonomy":"product_cat","embeddable":true,"href":"https:\/\/promatmedical.com\/fr\/wp-json\/wp\/v2\/product_cat?post=33954"},{"taxonomy":"product_tag","embeddable":true,"href":"https:\/\/promatmedical.com\/fr\/wp-json\/wp\/v2\/product_tag?post=33954"}],"curies":[{"name":"wp","href":"https:\/\/api.w.org\/{rel}","templated":true}]}}