{"id":33972,"date":"2025-03-21T12:09:30","date_gmt":"2025-03-21T11:09:30","guid":{"rendered":"https:\/\/promatmedical.com\/bj\/produit\/bandage-co-plus-63-m-x-10-cm-couleurs-mixtes\/"},"modified":"2025-03-21T12:09:30","modified_gmt":"2025-03-21T11:09:30","slug":"bandage-co-plus-63-m-x-10-cm-couleurs-mixtes","status":"publish","type":"product","link":"https:\/\/promatmedical.com\/fr\/produit\/bandage-co-plus-63-m-x-10-cm-couleurs-mixtes\/","title":{"rendered":"Bandage co-plus 6,3 m x 10 cm &#8211; couleurs mixtes"},"content":{"rendered":"<p>BANDES CO-PLUS\u00ae 6,3 m x 10 cm &#8211; couleurs mixtes (bleu, bleu clair, rouge, violet, vert fluo, rose fluo)<br \/>\nCode BSN: 72102-02<\/p>\n<p>Bandes coh\u00e9sives fl exibles. Adh\u00e8rent exclusivement sur elles-m\u00eames et non sur la peau.<\/p>\n<p>Indications: support et compression en cas de traumatismes et phl\u00e9bologie.<br \/>\nPlus longues que celles de la concurrence (tension maximale: 6,3 m au lieu de 4,5 m).<br \/>\nBo\u00eete multilingue: GB, FR, IT, ES, DE, NL.<\/p>\n","protected":false},"excerpt":{"rendered":"<p>BANDES CO-PLUS\u00ae 6,3 m x 10 cm &#8211; couleurs mixtes (bleu, bleu clair, rouge, violet, vert fluo, rose fluo) Code BSN: 72102-02 Bandes coh\u00e9sives fl exibles. Adh\u00e8rent exclusivement sur elles-m\u00eames et non sur la peau. Indications: support et compression en cas de traumatismes et phl\u00e9bologie. Plus longues que celles de la concurrence (tension maximale: 6,3 [&hellip;]<\/p>\n","protected":false},"featured_media":33971,"comment_status":"open","ping_status":"closed","template":"","meta":[],"product_brand":[],"product_cat":[166],"product_tag":[],"class_list":{"0":"post-33972","1":"product","2":"type-product","3":"status-publish","4":"has-post-thumbnail","6":"product_cat-equipements-medicaux-et-chirurgicaux","8":"first","9":"instock","10":"taxable","11":"shipping-taxable","12":"purchasable","13":"product-type-simple"},"_links":{"self":[{"href":"https:\/\/promatmedical.com\/fr\/wp-json\/wp\/v2\/product\/33972","targetHints":{"allow":["GET"]}}],"collection":[{"href":"https:\/\/promatmedical.com\/fr\/wp-json\/wp\/v2\/product"}],"about":[{"href":"https:\/\/promatmedical.com\/fr\/wp-json\/wp\/v2\/types\/product"}],"replies":[{"embeddable":true,"href":"https:\/\/promatmedical.com\/fr\/wp-json\/wp\/v2\/comments?post=33972"}],"wp:featuredmedia":[{"embeddable":true,"href":"https:\/\/promatmedical.com\/fr\/wp-json\/wp\/v2\/media\/33971"}],"wp:attachment":[{"href":"https:\/\/promatmedical.com\/fr\/wp-json\/wp\/v2\/media?parent=33972"}],"wp:term":[{"taxonomy":"product_brand","embeddable":true,"href":"https:\/\/promatmedical.com\/fr\/wp-json\/wp\/v2\/product_brand?post=33972"},{"taxonomy":"product_cat","embeddable":true,"href":"https:\/\/promatmedical.com\/fr\/wp-json\/wp\/v2\/product_cat?post=33972"},{"taxonomy":"product_tag","embeddable":true,"href":"https:\/\/promatmedical.com\/fr\/wp-json\/wp\/v2\/product_tag?post=33972"}],"curies":[{"name":"wp","href":"https:\/\/api.w.org\/{rel}","templated":true}]}}