{"id":34024,"date":"2025-03-21T12:13:28","date_gmt":"2025-03-21T11:13:28","guid":{"rendered":"https:\/\/promatmedical.com\/bj\/produit\/hartmann-omnistrip-6x101-mm-540684\/"},"modified":"2025-03-21T12:13:28","modified_gmt":"2025-03-21T11:13:28","slug":"hartmann-omnistrip-6x101-mm-540684","status":"publish","type":"product","link":"https:\/\/promatmedical.com\/fr\/produit\/hartmann-omnistrip-6x101-mm-540684\/","title":{"rendered":"Hartmann omnistrip 6&#215;101 mm &#8211; 540684"},"content":{"rendered":"<p>BANDELETTES DE SUTURE OMNISTRIP\u00ae &#8211; ST\u00c9RILE<\/p>\n<p>\u2022 OMNISTRIP\u00ae &#8211; 6&#215;101 mm<br \/>\n\u2022 Code Hartmann: 540 684<br \/>\n\u2022 Commande minimum: bo\u00eete de 500 (50 sachets de 2&#215;5)<\/p>\n<p>Bandelettes pour la fermeture atraumatique des petites blessures et incisions chirurgicales. Elles prot\u00e8gent les bords des plaies contre la tension et stabilisent les cicatrices fra\u00eeches apr\u00e8s l\u2019extraction des points de suture ou des agrafes. Coins arrrondis. Conformables, \u00e9tirables, tr\u00e8s poreuses, perm\u00e9ables et transpirantes, elles adh\u00e8rent bien \u00e0 la peau. Radiotransparentes, r\u00e9sistantes \u00e0 la temp\u00e9rature et durables. En tissu non tiss\u00e9 card\u00e9 de polyester\/polyamide couleur de peau, rev\u00eatu d\u2019un adh\u00e9sif acrylique. Dispositif m\u00e9dical de Classe IIa.<br \/>\nMode d\u2019emploi et bo\u00eete multilingues: GB, FR, IT, ES, PT, DE, PL, NL, SE, DK, NO, FI, GR, CZ, SK, HU, RU, Arabe.<\/p>\n","protected":false},"excerpt":{"rendered":"<p>BANDELETTES DE SUTURE OMNISTRIP\u00ae &#8211; ST\u00c9RILE \u2022 OMNISTRIP\u00ae &#8211; 6&#215;101 mm \u2022 Code Hartmann: 540 684 \u2022 Commande minimum: bo\u00eete de 500 (50 sachets de 2&#215;5) Bandelettes pour la fermeture atraumatique des petites blessures et incisions chirurgicales. Elles prot\u00e8gent les bords des plaies contre la tension et stabilisent les cicatrices fra\u00eeches apr\u00e8s l\u2019extraction des points [&hellip;]<\/p>\n","protected":false},"featured_media":34023,"comment_status":"open","ping_status":"closed","template":"","meta":[],"product_brand":[],"product_cat":[166],"product_tag":[],"class_list":{"0":"post-34024","1":"product","2":"type-product","3":"status-publish","4":"has-post-thumbnail","6":"product_cat-equipements-medicaux-et-chirurgicaux","8":"first","9":"instock","10":"taxable","11":"shipping-taxable","12":"purchasable","13":"product-type-simple"},"_links":{"self":[{"href":"https:\/\/promatmedical.com\/fr\/wp-json\/wp\/v2\/product\/34024","targetHints":{"allow":["GET"]}}],"collection":[{"href":"https:\/\/promatmedical.com\/fr\/wp-json\/wp\/v2\/product"}],"about":[{"href":"https:\/\/promatmedical.com\/fr\/wp-json\/wp\/v2\/types\/product"}],"replies":[{"embeddable":true,"href":"https:\/\/promatmedical.com\/fr\/wp-json\/wp\/v2\/comments?post=34024"}],"wp:featuredmedia":[{"embeddable":true,"href":"https:\/\/promatmedical.com\/fr\/wp-json\/wp\/v2\/media\/34023"}],"wp:attachment":[{"href":"https:\/\/promatmedical.com\/fr\/wp-json\/wp\/v2\/media?parent=34024"}],"wp:term":[{"taxonomy":"product_brand","embeddable":true,"href":"https:\/\/promatmedical.com\/fr\/wp-json\/wp\/v2\/product_brand?post=34024"},{"taxonomy":"product_cat","embeddable":true,"href":"https:\/\/promatmedical.com\/fr\/wp-json\/wp\/v2\/product_cat?post=34024"},{"taxonomy":"product_tag","embeddable":true,"href":"https:\/\/promatmedical.com\/fr\/wp-json\/wp\/v2\/product_tag?post=34024"}],"curies":[{"name":"wp","href":"https:\/\/api.w.org\/{rel}","templated":true}]}}