{"id":34032,"date":"2025-03-21T12:14:05","date_gmt":"2025-03-21T11:14:05","guid":{"rendered":"https:\/\/promatmedical.com\/bj\/produit\/compresse-de-gaze-laparotomique-20x20-cm-4-epaisseurs\/"},"modified":"2025-03-21T12:14:05","modified_gmt":"2025-03-21T11:14:05","slug":"compresse-de-gaze-laparotomique-20x20-cm-4-epaisseurs","status":"publish","type":"product","link":"https:\/\/promatmedical.com\/fr\/produit\/compresse-de-gaze-laparotomique-20x20-cm-4-epaisseurs\/","title":{"rendered":"Compresse de gaze laparotomique 20&#215;20 cm 4 \u00e9paisseurs"},"content":{"rendered":"<p>GAZE LAPAROTOMIQUE &#8211; non st\u00e9rile<\/p>\n<p>\u2022 Dimensions: 20&#215;20 cm<br \/>\n\u2022 Couches: 4<br \/>\n\u2022 Fils: 20<\/p>\n<p>Gaze 100% coton en 4 couches de 20 fils\/cm\u00b2, cousues sur les c\u00f4t\u00e9s et tr\u00e8s absorbantes.<br \/>\nFil avec baryum d\u00e9tectable aux rayons X tiss\u00e9 dans la gaze, r\u00e9alis\u00e9 en polypropyl\u00e8ne biocompatible avec 60% de sulfate de baryum.<br \/>\nDispositif m\u00e9dical de Classe IIa selon 93\/42\/CEE, 2007\/47\/CEE.<br \/>\nSans latex.<\/p>\n","protected":false},"excerpt":{"rendered":"<p>GAZE LAPAROTOMIQUE &#8211; non st\u00e9rile \u2022 Dimensions: 20&#215;20 cm \u2022 Couches: 4 \u2022 Fils: 20 Gaze 100% coton en 4 couches de 20 fils\/cm\u00b2, cousues sur les c\u00f4t\u00e9s et tr\u00e8s absorbantes. Fil avec baryum d\u00e9tectable aux rayons X tiss\u00e9 dans la gaze, r\u00e9alis\u00e9 en polypropyl\u00e8ne biocompatible avec 60% de sulfate de baryum. Dispositif m\u00e9dical de [&hellip;]<\/p>\n","protected":false},"featured_media":34031,"comment_status":"open","ping_status":"closed","template":"","meta":[],"product_brand":[],"product_cat":[166],"product_tag":[],"class_list":{"0":"post-34032","1":"product","2":"type-product","3":"status-publish","4":"has-post-thumbnail","6":"product_cat-equipements-medicaux-et-chirurgicaux","8":"first","9":"instock","10":"taxable","11":"shipping-taxable","12":"purchasable","13":"product-type-simple"},"_links":{"self":[{"href":"https:\/\/promatmedical.com\/fr\/wp-json\/wp\/v2\/product\/34032","targetHints":{"allow":["GET"]}}],"collection":[{"href":"https:\/\/promatmedical.com\/fr\/wp-json\/wp\/v2\/product"}],"about":[{"href":"https:\/\/promatmedical.com\/fr\/wp-json\/wp\/v2\/types\/product"}],"replies":[{"embeddable":true,"href":"https:\/\/promatmedical.com\/fr\/wp-json\/wp\/v2\/comments?post=34032"}],"wp:featuredmedia":[{"embeddable":true,"href":"https:\/\/promatmedical.com\/fr\/wp-json\/wp\/v2\/media\/34031"}],"wp:attachment":[{"href":"https:\/\/promatmedical.com\/fr\/wp-json\/wp\/v2\/media?parent=34032"}],"wp:term":[{"taxonomy":"product_brand","embeddable":true,"href":"https:\/\/promatmedical.com\/fr\/wp-json\/wp\/v2\/product_brand?post=34032"},{"taxonomy":"product_cat","embeddable":true,"href":"https:\/\/promatmedical.com\/fr\/wp-json\/wp\/v2\/product_cat?post=34032"},{"taxonomy":"product_tag","embeddable":true,"href":"https:\/\/promatmedical.com\/fr\/wp-json\/wp\/v2\/product_tag?post=34032"}],"curies":[{"name":"wp","href":"https:\/\/api.w.org\/{rel}","templated":true}]}}