{"id":34058,"date":"2025-03-21T12:17:02","date_gmt":"2025-03-21T11:17:02","guid":{"rendered":"https:\/\/promatmedical.com\/bj\/produit\/ruban-de-gaze-en-coton-5-m-x-5-cm\/"},"modified":"2025-03-21T12:17:02","modified_gmt":"2025-03-21T11:17:02","slug":"ruban-de-gaze-en-coton-5-m-x-5-cm","status":"publish","type":"product","link":"https:\/\/promatmedical.com\/fr\/produit\/ruban-de-gaze-en-coton-5-m-x-5-cm\/","title":{"rendered":"Ruban de gaze en coton 5 m x 5 cm"},"content":{"rendered":"<p>BANDE DE GAZE 100% COTON<\/p>\n<p>&#8211; sans latex ni PVC<br \/>\n&#8211; absorption de fluides \u00e0 l&#8217;int\u00e9rieur des cavit\u00e9s<br \/>\n&#8211; soigne les plaies lors des op\u00e9rations chirurgicales<\/p>\n<p>Bo\u00eete multilingue: GB, FR, IT, ES, PT, DE, NL, SE.<\/p>\n","protected":false},"excerpt":{"rendered":"<p>BANDE DE GAZE 100% COTON &#8211; sans latex ni PVC &#8211; absorption de fluides \u00e0 l&#8217;int\u00e9rieur des cavit\u00e9s &#8211; soigne les plaies lors des op\u00e9rations chirurgicales Bo\u00eete multilingue: GB, FR, IT, ES, PT, DE, NL, SE.<\/p>\n","protected":false},"featured_media":34057,"comment_status":"open","ping_status":"closed","template":"","meta":[],"product_brand":[],"product_cat":[166],"product_tag":[],"class_list":{"0":"post-34058","1":"product","2":"type-product","3":"status-publish","4":"has-post-thumbnail","6":"product_cat-equipements-medicaux-et-chirurgicaux","8":"first","9":"instock","10":"taxable","11":"shipping-taxable","12":"purchasable","13":"product-type-simple"},"_links":{"self":[{"href":"https:\/\/promatmedical.com\/fr\/wp-json\/wp\/v2\/product\/34058","targetHints":{"allow":["GET"]}}],"collection":[{"href":"https:\/\/promatmedical.com\/fr\/wp-json\/wp\/v2\/product"}],"about":[{"href":"https:\/\/promatmedical.com\/fr\/wp-json\/wp\/v2\/types\/product"}],"replies":[{"embeddable":true,"href":"https:\/\/promatmedical.com\/fr\/wp-json\/wp\/v2\/comments?post=34058"}],"wp:featuredmedia":[{"embeddable":true,"href":"https:\/\/promatmedical.com\/fr\/wp-json\/wp\/v2\/media\/34057"}],"wp:attachment":[{"href":"https:\/\/promatmedical.com\/fr\/wp-json\/wp\/v2\/media?parent=34058"}],"wp:term":[{"taxonomy":"product_brand","embeddable":true,"href":"https:\/\/promatmedical.com\/fr\/wp-json\/wp\/v2\/product_brand?post=34058"},{"taxonomy":"product_cat","embeddable":true,"href":"https:\/\/promatmedical.com\/fr\/wp-json\/wp\/v2\/product_cat?post=34058"},{"taxonomy":"product_tag","embeddable":true,"href":"https:\/\/promatmedical.com\/fr\/wp-json\/wp\/v2\/product_tag?post=34058"}],"curies":[{"name":"wp","href":"https:\/\/api.w.org\/{rel}","templated":true}]}}