{"id":34090,"date":"2025-03-21T12:19:14","date_gmt":"2025-03-21T11:19:14","guid":{"rendered":"https:\/\/promatmedical.com\/bj\/produit\/bande-de-fixation-hypafix-10-m-x-200-mm\/"},"modified":"2025-03-21T12:19:14","modified_gmt":"2025-03-21T11:19:14","slug":"bande-de-fixation-hypafix-10-m-x-200-mm","status":"publish","type":"product","link":"https:\/\/promatmedical.com\/fr\/produit\/bande-de-fixation-hypafix-10-m-x-200-mm\/","title":{"rendered":"Bande de fixation hypafix 10 m x 200 mm"},"content":{"rendered":"<p>BSN HYPAFIX\u00ae<\/p>\n<p>Bande de r\u00e9tention pour bandages sur les parties du corps tr\u00e8s prononc\u00e9es ou soumises \u00e0 des mouvements fr\u00e9quents. Non-tiss\u00e9 conformable recouvert d&#8217;un mat\u00e9riau adh\u00e9sif polyacrylique.<\/p>\n<p>HYPAFIX\u00ae 200 mm x 10 m<br \/>\nCode BSN: 71443-04<\/p>\n","protected":false},"excerpt":{"rendered":"<p>BSN HYPAFIX\u00ae Bande de r\u00e9tention pour bandages sur les parties du corps tr\u00e8s prononc\u00e9es ou soumises \u00e0 des mouvements fr\u00e9quents. Non-tiss\u00e9 conformable recouvert d&#8217;un mat\u00e9riau adh\u00e9sif polyacrylique. HYPAFIX\u00ae 200 mm x 10 m Code BSN: 71443-04<\/p>\n","protected":false},"featured_media":34089,"comment_status":"open","ping_status":"closed","template":"","meta":[],"product_brand":[],"product_cat":[166],"product_tag":[],"class_list":{"0":"post-34090","1":"product","2":"type-product","3":"status-publish","4":"has-post-thumbnail","6":"product_cat-equipements-medicaux-et-chirurgicaux","8":"first","9":"instock","10":"taxable","11":"shipping-taxable","12":"purchasable","13":"product-type-simple"},"_links":{"self":[{"href":"https:\/\/promatmedical.com\/fr\/wp-json\/wp\/v2\/product\/34090","targetHints":{"allow":["GET"]}}],"collection":[{"href":"https:\/\/promatmedical.com\/fr\/wp-json\/wp\/v2\/product"}],"about":[{"href":"https:\/\/promatmedical.com\/fr\/wp-json\/wp\/v2\/types\/product"}],"replies":[{"embeddable":true,"href":"https:\/\/promatmedical.com\/fr\/wp-json\/wp\/v2\/comments?post=34090"}],"wp:featuredmedia":[{"embeddable":true,"href":"https:\/\/promatmedical.com\/fr\/wp-json\/wp\/v2\/media\/34089"}],"wp:attachment":[{"href":"https:\/\/promatmedical.com\/fr\/wp-json\/wp\/v2\/media?parent=34090"}],"wp:term":[{"taxonomy":"product_brand","embeddable":true,"href":"https:\/\/promatmedical.com\/fr\/wp-json\/wp\/v2\/product_brand?post=34090"},{"taxonomy":"product_cat","embeddable":true,"href":"https:\/\/promatmedical.com\/fr\/wp-json\/wp\/v2\/product_cat?post=34090"},{"taxonomy":"product_tag","embeddable":true,"href":"https:\/\/promatmedical.com\/fr\/wp-json\/wp\/v2\/product_tag?post=34090"}],"curies":[{"name":"wp","href":"https:\/\/api.w.org\/{rel}","templated":true}]}}