{"id":34092,"date":"2025-03-21T12:19:36","date_gmt":"2025-03-21T11:19:36","guid":{"rendered":"https:\/\/promatmedical.com\/bj\/produit\/actisorb-plus-25-3m-105x105-cm\/"},"modified":"2025-03-21T12:19:36","modified_gmt":"2025-03-21T11:19:36","slug":"actisorb-plus-25-3m-105x105-cm","status":"publish","type":"product","link":"https:\/\/promatmedical.com\/fr\/produit\/actisorb-plus-25-3m-105x105-cm\/","title":{"rendered":"Actisorb plus 25 3m 10,5&#215;10,5 cm"},"content":{"rendered":"<p>PANSEMENT AU CHARBON ACTIF ET \u00c0 L\u2019ARGENT 3M\u2122 ACTISORB\u2122<\/p>\n<p>Code 3M\u2122: MAP105<br \/>\nActisorb\u2122 Plus 25 10,5&#215;10,5 cm<br \/>\nCommande minimum: bo\u00eete de 10<\/p>\n<p>Pansements au charbon actif \u00e0 lib\u00e9ration d\u2019argent, enferm\u00e9 dans un manchon en nylon non adh\u00e9rent. Le charbon actif pi\u00e8ge l\u2019odeur dans le pansement et se fixe aux bact\u00e9ries et aux toxines qui ralentissent la cicatrisation, am\u00e9liorant ainsi la qualit\u00e9 de vie du patient. L&#8217;argent \u00e9limine une vaste gamme de bact\u00e9ries, myc\u00e8tes et virus pathog\u00e8nes qui peuvent se pr\u00e9senter dans une plaie. Ces pansements ont une action antimicrobienne efficace, absorbant aussi l&#8217;exsudat tout en contribuant \u00e0 maintenir un environnement humide favorable \u00e0 la gu\u00e9rison des plaies.<\/p>\n","protected":false},"excerpt":{"rendered":"<p>PANSEMENT AU CHARBON ACTIF ET \u00c0 L\u2019ARGENT 3M\u2122 ACTISORB\u2122 Code 3M\u2122: MAP105 Actisorb\u2122 Plus 25 10,5&#215;10,5 cm Commande minimum: bo\u00eete de 10 Pansements au charbon actif \u00e0 lib\u00e9ration d\u2019argent, enferm\u00e9 dans un manchon en nylon non adh\u00e9rent. Le charbon actif pi\u00e8ge l\u2019odeur dans le pansement et se fixe aux bact\u00e9ries et aux toxines qui ralentissent [&hellip;]<\/p>\n","protected":false},"featured_media":18466,"comment_status":"open","ping_status":"closed","template":"","meta":[],"product_brand":[],"product_cat":[166],"product_tag":[],"class_list":{"0":"post-34092","1":"product","2":"type-product","3":"status-publish","4":"has-post-thumbnail","6":"product_cat-equipements-medicaux-et-chirurgicaux","8":"first","9":"instock","10":"taxable","11":"shipping-taxable","12":"purchasable","13":"product-type-simple"},"_links":{"self":[{"href":"https:\/\/promatmedical.com\/fr\/wp-json\/wp\/v2\/product\/34092","targetHints":{"allow":["GET"]}}],"collection":[{"href":"https:\/\/promatmedical.com\/fr\/wp-json\/wp\/v2\/product"}],"about":[{"href":"https:\/\/promatmedical.com\/fr\/wp-json\/wp\/v2\/types\/product"}],"replies":[{"embeddable":true,"href":"https:\/\/promatmedical.com\/fr\/wp-json\/wp\/v2\/comments?post=34092"}],"wp:featuredmedia":[{"embeddable":true,"href":"https:\/\/promatmedical.com\/fr\/wp-json\/wp\/v2\/media\/18466"}],"wp:attachment":[{"href":"https:\/\/promatmedical.com\/fr\/wp-json\/wp\/v2\/media?parent=34092"}],"wp:term":[{"taxonomy":"product_brand","embeddable":true,"href":"https:\/\/promatmedical.com\/fr\/wp-json\/wp\/v2\/product_brand?post=34092"},{"taxonomy":"product_cat","embeddable":true,"href":"https:\/\/promatmedical.com\/fr\/wp-json\/wp\/v2\/product_cat?post=34092"},{"taxonomy":"product_tag","embeddable":true,"href":"https:\/\/promatmedical.com\/fr\/wp-json\/wp\/v2\/product_tag?post=34092"}],"curies":[{"name":"wp","href":"https:\/\/api.w.org\/{rel}","templated":true}]}}